{"id":6063,"date":"2016-08-10T20:13:38","date_gmt":"2016-08-10T20:13:38","guid":{"rendered":"https:\/\/www.labrienville.org\/about-us\/"},"modified":"2025-02-28T17:48:28","modified_gmt":"2025-02-28T17:48:28","slug":"about-us","status":"publish","type":"page","link":"https:\/\/www.labrienville.org\/fr\/about-us\/","title":{"rendered":"About Us"},"content":{"rendered":"<div class=\"wpb-content-wrapper\">[vc_row full_width=\u00a0\u00bbstretch_row_content_no_spaces\u00a0\u00bb gap=\u00a0\u00bb25&Prime; bg_type=\u00a0\u00bbbg_color\u00a0\u00bb][vc_column][vc_custom_heading text=\u00a0\u00bbL\u2019ABRI EN BREF\u00a0\u00bb font_container=\u00a0\u00bbtag:h2|font_size:35|text_align:center|color:%23000000&Prime; use_theme_fonts=\u00a0\u00bbyes\u00a0\u00bb css=\u00a0\u00bb\u00a0\u00bb][vc_row_inner el_class=\u00a0\u00bbrr-padding rl-padding\u00a0\u00bb][vc_column_inner][vc_column_text css=\u00a0\u00bb\u00a0\u00bb]\r\n<p style=\"text-align: center;\">L\u2019Abri en Ville fournit un chez-soi stable au sein de la communaut\u00e9 \u00e0 des adultes aux prises avec des enjeux de sant\u00e9 mentale.<\/p>\r\n<p style=\"text-align: center;\">L\u2019Abri loue et meuble des appartements de 3 chambres \u00e0 coucher, qui sont habit\u00e9s par 3 personnes ayant pass\u00e9 par notre processus d\u2019entrevues. Une personne \u00e0 la recherche d\u2019un logement peut nous en faire la demande directement. Toutefois, elles nous sont habituellement r\u00e9f\u00e9r\u00e9es par des membres de leur famille ou par des intervenant.e.s en sant\u00e9 mentale.<\/p>\r\n[\/vc_column_text][vc_empty_space height=\u00a0\u00bb50px\u00a0\u00bb][\/vc_column_inner][\/vc_row_inner][vc_row_inner equal_height=\u00a0\u00bbyes\u00a0\u00bb content_placement=\u00a0\u00bbmiddle\u00a0\u00bb gap=\u00a0\u00bb25&Prime; css=\u00a0\u00bb.vc_custom_1597765918709{background-color: #e4e3ea !important;}\u00a0\u00bb el_class=\u00a0\u00bbrr-padding rl-padding\u00a0\u00bb][vc_column_inner width=\u00a0\u00bb1\/3&Prime;][vc_column_text css=\u00a0\u00bb\u00a0\u00bb]\r\n<h2 style=\"text-align: center;\">NOTRE MISSSION<\/h2>\r\nNotre mission est de fournir un environnement stable et \u00e9panouissant \u00e0 des adultes aux prises avec des enjeux de sant\u00e9 mentale. Pour ce faire, nous leur offrons un logement s\u00e9curitaire et abordable au sein d\u2019une communaut\u00e9 qui subvient \u00e0 leurs besoins sociaux, mat\u00e9riels et spirituels. Pour nous, chaque personne souffrant de maladie mentale devrait avoir l\u2019occasion de contribuer \u00e0 la soci\u00e9t\u00e9. Nous offrons \u00e9galement un soutien \u00e0 quiconque souhaite suivre notre exemple.\r\n\r\n<a href=\"https:\/\/www.labrienville.org\/fr\/our-mission\/\">en savoir plus<\/a>[\/vc_column_text][\/vc_column_inner][vc_column_inner width=\u00a0\u00bb2\/3&Prime;][vc_single_image image=\u00a0\u00bb4442&Prime; img_size=\u00a0\u00bb945&#215;502&Prime; alignment=\u00a0\u00bbcenter\u00a0\u00bb onclick=\u00a0\u00bbcustom_link\u00a0\u00bb][\/vc_column_inner][\/vc_row_inner][vc_row_inner equal_height=\u00a0\u00bbyes\u00a0\u00bb content_placement=\u00a0\u00bbmiddle\u00a0\u00bb gap=\u00a0\u00bb25&Prime; css=\u00a0\u00bb.vc_custom_1597765935808{background-color: #ffffff !important;}\u00a0\u00bb el_class=\u00a0\u00bbrr-padding rl-padding\u00a0\u00bb][vc_column_inner width=\u00a0\u00bb2\/3&Prime;][vc_single_image image=\u00a0\u00bb4439&Prime; img_size=\u00a0\u00bb945&#215;502&Prime; alignment=\u00a0\u00bbcenter\u00a0\u00bb onclick=\u00a0\u00bbcustom_link\u00a0\u00bb][\/vc_column_inner][vc_column_inner width=\u00a0\u00bb1\/3&Prime;][vc_column_text css=\u00a0\u00bb\u00a0\u00bb]\r\n<h2 style=\"text-align: center;\">Les d\u00e9buts de L&rsquo;Abri<\/h2>\r\n<p style=\"font-weight: 400;\">Notre mission est de fournir un environnement stable et valorisant aux personnes atteintes de maladie mentale, en leur procurant un logement s\u00e9curitaire et abordable et en les int\u00e9grant dans une communaut\u00e9 qui r\u00e9pond \u00e0 leurs besoins sociaux, mat\u00e9riels et spirituels. Nous croyons que les personnes atteintes de maladie mentale peuvent contribuer \u00e0 la soci\u00e9t\u00e9 et en \u00eatre des membres \u00e0 part enti\u00e8re. Nous soutenons les personnes int\u00e9ress\u00e9es \u00e0 adopter le mod\u00e8le de L\u2019Abri en Ville.\u00a0<a href=\"https:\/\/www.labrienville.org\/fr\/about-us\/about-beginnings\/\">en savoir plus<\/a><\/p>\r\n[\/vc_column_text][\/vc_column_inner][\/vc_row_inner][vc_row_inner equal_height=\u00a0\u00bbyes\u00a0\u00bb content_placement=\u00a0\u00bbmiddle\u00a0\u00bb gap=\u00a0\u00bb25&Prime; css=\u00a0\u00bb.vc_custom_1597765946268{background-color: #e4e3ea !important;}\u00a0\u00bb el_class=\u00a0\u00bbrr-padding rl-padding\u00a0\u00bb][vc_column_inner width=\u00a0\u00bb1\/3&Prime;][vc_column_text css=\u00a0\u00bb\u00a0\u00bb]\r\n<h2 style=\"text-align: center;\">Governance<\/h2>\r\nL\u2019Abri en Ville is guided by a working Board of Directors, an Advisory Council, an Executive Director and Coordinators.\r\n\r\nThe members of the board are drawn from various sectors of the community, providing a knowledgeable and compassionate base for&#8230; <span style=\"color: #0000ff;\"><a href=\"http:\/\/labrienville.org\/governance\">en savoir plus<\/a><\/span>[\/vc_column_text][\/vc_column_inner][vc_column_inner width=\u00a0\u00bb2\/3&Prime;][vc_single_image image=\u00a0\u00bb5305&Prime; img_size=\u00a0\u00bb945&#215;502&Prime; alignment=\u00a0\u00bbcenter\u00a0\u00bb onclick=\u00a0\u00bbcustom_link\u00a0\u00bb][\/vc_column_inner][\/vc_row_inner][vc_row_inner equal_height=\u00a0\u00bbyes\u00a0\u00bb content_placement=\u00a0\u00bbmiddle\u00a0\u00bb gap=\u00a0\u00bb25&Prime; css=\u00a0\u00bb.vc_custom_1597430395347{background-color: #e4e3ea !important;}\u00a0\u00bb el_class=\u00a0\u00bbrr-padding rl-padding\u00a0\u00bb][vc_column_inner width=\u00a0\u00bb1\/3&Prime;][\/vc_column_inner][vc_column_inner width=\u00a0\u00bb2\/3&Prime; css=\u00a0\u00bb.vc_custom_1597430368319{margin-top: -47px !important;margin-bottom: -47px !important;background-position: center !important;background-repeat: no-repeat !important;background-size: cover !important;}\u00a0\u00bb][\/vc_column_inner][\/vc_row_inner][\/vc_column][\/vc_row]<\/div>","protected":false},"excerpt":{"rendered":"[vc_row full_width=\u00a0\u00bbstretch_row_content_no_spaces\u00a0\u00bb gap=\u00a0\u00bb25&Prime; [&#8230;]","protected":false},"author":1,"featured_media":5512,"parent":0,"menu_order":0,"comment_status":"closed","ping_status":"closed","template":"","meta":{"_acf_changed":false,"footnotes":""},"class_list":["post-6063","page","type-page","status-publish","has-post-thumbnail","hentry"],"acf":[],"yoast_head":"<!-- This site is optimized with the Yoast SEO plugin v27.3 - https:\/\/yoast.com\/product\/yoast-seo-wordpress\/ -->\n<title>About Us - L&#039;Abri en Ville<\/title>\n<meta name=\"robots\" content=\"index, follow, max-snippet:-1, max-image-preview:large, max-video-preview:-1\" \/>\n<link rel=\"canonical\" href=\"https:\/\/www.labrienville.org\/fr\/about-us\/\" \/>\n<meta property=\"og:locale\" content=\"fr_FR\" \/>\n<meta property=\"og:type\" content=\"article\" \/>\n<meta property=\"og:title\" content=\"About Us - L&#039;Abri en Ville\" \/>\n<meta property=\"og:description\" content=\"[vc_row full_width=\u00a0\u00bbstretch_row_content_no_spaces\u00a0\u00bb gap=\u00a0\u00bb25&Prime; [...]\" \/>\n<meta property=\"og:url\" content=\"https:\/\/www.labrienville.org\/fr\/about-us\/\" \/>\n<meta property=\"og:site_name\" content=\"L&#039;Abri en Ville\" \/>\n<meta property=\"article:modified_time\" content=\"2025-02-28T17:48:28+00:00\" \/>\n<meta property=\"og:image\" content=\"https:\/\/www.labrienville.org\/wp-content\/uploads\/2016\/08\/0_sliderheaderAbout-1024x396.png\" \/>\n\t<meta property=\"og:image:width\" content=\"1024\" \/>\n\t<meta property=\"og:image:height\" content=\"396\" \/>\n\t<meta property=\"og:image:type\" content=\"image\/png\" \/>\n<meta name=\"twitter:card\" content=\"summary_large_image\" \/>\n<meta name=\"twitter:label1\" content=\"Dur\u00e9e de lecture estim\u00e9e\" \/>\n\t<meta name=\"twitter:data1\" content=\"3 minutes\" \/>\n<script type=\"application\/ld+json\" class=\"yoast-schema-graph\">{\"@context\":\"https:\\\/\\\/schema.org\",\"@graph\":[{\"@type\":\"WebPage\",\"@id\":\"https:\\\/\\\/www.labrienville.org\\\/fr\\\/about-us\\\/\",\"url\":\"https:\\\/\\\/www.labrienville.org\\\/fr\\\/about-us\\\/\",\"name\":\"About Us - L&#039;Abri en Ville\",\"isPartOf\":{\"@id\":\"https:\\\/\\\/www.labrienville.org\\\/fr\\\/#website\"},\"primaryImageOfPage\":{\"@id\":\"https:\\\/\\\/www.labrienville.org\\\/fr\\\/about-us\\\/#primaryimage\"},\"image\":{\"@id\":\"https:\\\/\\\/www.labrienville.org\\\/fr\\\/about-us\\\/#primaryimage\"},\"thumbnailUrl\":\"https:\\\/\\\/www.labrienville.org\\\/wp-content\\\/uploads\\\/2016\\\/08\\\/0_sliderheaderAbout.png\",\"datePublished\":\"2016-08-10T20:13:38+00:00\",\"dateModified\":\"2025-02-28T17:48:28+00:00\",\"breadcrumb\":{\"@id\":\"https:\\\/\\\/www.labrienville.org\\\/fr\\\/about-us\\\/#breadcrumb\"},\"inLanguage\":\"fr-FR\",\"potentialAction\":[{\"@type\":\"ReadAction\",\"target\":[\"https:\\\/\\\/www.labrienville.org\\\/fr\\\/about-us\\\/\"]}]},{\"@type\":\"ImageObject\",\"inLanguage\":\"fr-FR\",\"@id\":\"https:\\\/\\\/www.labrienville.org\\\/fr\\\/about-us\\\/#primaryimage\",\"url\":\"https:\\\/\\\/www.labrienville.org\\\/wp-content\\\/uploads\\\/2016\\\/08\\\/0_sliderheaderAbout.png\",\"contentUrl\":\"https:\\\/\\\/www.labrienville.org\\\/wp-content\\\/uploads\\\/2016\\\/08\\\/0_sliderheaderAbout.png\",\"width\":1860,\"height\":720},{\"@type\":\"BreadcrumbList\",\"@id\":\"https:\\\/\\\/www.labrienville.org\\\/fr\\\/about-us\\\/#breadcrumb\",\"itemListElement\":[{\"@type\":\"ListItem\",\"position\":1,\"name\":\"Home\",\"item\":\"https:\\\/\\\/www.labrienville.org\\\/fr\\\/\"},{\"@type\":\"ListItem\",\"position\":2,\"name\":\"About Us\"}]},{\"@type\":\"WebSite\",\"@id\":\"https:\\\/\\\/www.labrienville.org\\\/fr\\\/#website\",\"url\":\"https:\\\/\\\/www.labrienville.org\\\/fr\\\/\",\"name\":\"L&#039;Abri en Ville\",\"description\":\"\",\"potentialAction\":[{\"@type\":\"SearchAction\",\"target\":{\"@type\":\"EntryPoint\",\"urlTemplate\":\"https:\\\/\\\/www.labrienville.org\\\/fr\\\/?s={search_term_string}\"},\"query-input\":{\"@type\":\"PropertyValueSpecification\",\"valueRequired\":true,\"valueName\":\"search_term_string\"}}],\"inLanguage\":\"fr-FR\"}]}<\/script>\n<!-- \/ Yoast SEO plugin. -->","yoast_head_json":{"title":"About Us - L&#039;Abri en Ville","robots":{"index":"index","follow":"follow","max-snippet":"max-snippet:-1","max-image-preview":"max-image-preview:large","max-video-preview":"max-video-preview:-1"},"canonical":"https:\/\/www.labrienville.org\/fr\/about-us\/","og_locale":"fr_FR","og_type":"article","og_title":"About Us - L&#039;Abri en Ville","og_description":"[vc_row full_width=\u00a0\u00bbstretch_row_content_no_spaces\u00a0\u00bb gap=\u00a0\u00bb25&Prime; [...]","og_url":"https:\/\/www.labrienville.org\/fr\/about-us\/","og_site_name":"L&#039;Abri en Ville","article_modified_time":"2025-02-28T17:48:28+00:00","og_image":[{"width":1024,"height":396,"url":"https:\/\/www.labrienville.org\/wp-content\/uploads\/2016\/08\/0_sliderheaderAbout-1024x396.png","type":"image\/png"}],"twitter_card":"summary_large_image","twitter_misc":{"Dur\u00e9e de lecture estim\u00e9e":"3 minutes"},"schema":{"@context":"https:\/\/schema.org","@graph":[{"@type":"WebPage","@id":"https:\/\/www.labrienville.org\/fr\/about-us\/","url":"https:\/\/www.labrienville.org\/fr\/about-us\/","name":"About Us - L&#039;Abri en Ville","isPartOf":{"@id":"https:\/\/www.labrienville.org\/fr\/#website"},"primaryImageOfPage":{"@id":"https:\/\/www.labrienville.org\/fr\/about-us\/#primaryimage"},"image":{"@id":"https:\/\/www.labrienville.org\/fr\/about-us\/#primaryimage"},"thumbnailUrl":"https:\/\/www.labrienville.org\/wp-content\/uploads\/2016\/08\/0_sliderheaderAbout.png","datePublished":"2016-08-10T20:13:38+00:00","dateModified":"2025-02-28T17:48:28+00:00","breadcrumb":{"@id":"https:\/\/www.labrienville.org\/fr\/about-us\/#breadcrumb"},"inLanguage":"fr-FR","potentialAction":[{"@type":"ReadAction","target":["https:\/\/www.labrienville.org\/fr\/about-us\/"]}]},{"@type":"ImageObject","inLanguage":"fr-FR","@id":"https:\/\/www.labrienville.org\/fr\/about-us\/#primaryimage","url":"https:\/\/www.labrienville.org\/wp-content\/uploads\/2016\/08\/0_sliderheaderAbout.png","contentUrl":"https:\/\/www.labrienville.org\/wp-content\/uploads\/2016\/08\/0_sliderheaderAbout.png","width":1860,"height":720},{"@type":"BreadcrumbList","@id":"https:\/\/www.labrienville.org\/fr\/about-us\/#breadcrumb","itemListElement":[{"@type":"ListItem","position":1,"name":"Home","item":"https:\/\/www.labrienville.org\/fr\/"},{"@type":"ListItem","position":2,"name":"About Us"}]},{"@type":"WebSite","@id":"https:\/\/www.labrienville.org\/fr\/#website","url":"https:\/\/www.labrienville.org\/fr\/","name":"L&#039;Abri en Ville","description":"","potentialAction":[{"@type":"SearchAction","target":{"@type":"EntryPoint","urlTemplate":"https:\/\/www.labrienville.org\/fr\/?s={search_term_string}"},"query-input":{"@type":"PropertyValueSpecification","valueRequired":true,"valueName":"search_term_string"}}],"inLanguage":"fr-FR"}]}},"_links":{"self":[{"href":"https:\/\/www.labrienville.org\/fr\/wp-json\/wp\/v2\/pages\/6063","targetHints":{"allow":["GET"]}}],"collection":[{"href":"https:\/\/www.labrienville.org\/fr\/wp-json\/wp\/v2\/pages"}],"about":[{"href":"https:\/\/www.labrienville.org\/fr\/wp-json\/wp\/v2\/types\/page"}],"author":[{"embeddable":true,"href":"https:\/\/www.labrienville.org\/fr\/wp-json\/wp\/v2\/users\/1"}],"replies":[{"embeddable":true,"href":"https:\/\/www.labrienville.org\/fr\/wp-json\/wp\/v2\/comments?post=6063"}],"version-history":[{"count":0,"href":"https:\/\/www.labrienville.org\/fr\/wp-json\/wp\/v2\/pages\/6063\/revisions"}],"wp:featuredmedia":[{"embeddable":true,"href":"https:\/\/www.labrienville.org\/fr\/wp-json\/wp\/v2\/media\/5512"}],"wp:attachment":[{"href":"https:\/\/www.labrienville.org\/fr\/wp-json\/wp\/v2\/media?parent=6063"}],"curies":[{"name":"wp","href":"https:\/\/api.w.org\/{rel}","templated":true}]}}