{"id":6076,"date":"2011-04-26T16:55:04","date_gmt":"2011-04-26T16:55:04","guid":{"rendered":"https:\/\/www.labrienville.org\/about-us\/about-beginnings\/"},"modified":"2025-02-26T17:18:32","modified_gmt":"2025-02-26T17:18:32","slug":"about-beginnings","status":"publish","type":"page","link":"https:\/\/www.labrienville.org\/fr\/about-us\/about-beginnings\/","title":{"rendered":"L&rsquo;Abri&rsquo;s Beginnings"},"content":{"rendered":"<div class=\"wpb-content-wrapper\">[vc_row full_width=\u00a0\u00bbstretch_row_content_no_spaces\u00a0\u00bb gap=\u00a0\u00bb25&Prime; bg_type=\u00a0\u00bbbg_color\u00a0\u00bb][vc_column][vc_custom_heading text=\u00a0\u00bbLes d\u00e9buts de L&rsquo;Abri\u00a0\u00bb font_container=\u00a0\u00bbtag:h2|font_size:35px|text_align:center\u00a0\u00bb use_theme_fonts=\u00a0\u00bbyes\u00a0\u00bb css=\u00a0\u00bb\u00a0\u00bb][vc_row_inner el_class=\u00a0\u00bbrr-padding rl-padding\u00a0\u00bb][vc_column_inner][vc_column_text css=\u00a0\u00bb\u00a0\u00bb]\r\n<p style=\"font-weight: 400;\">Notre mission est de fournir un environnement stable et valorisant aux personnes atteintes de maladie mentale, en leur procurant un logement s\u00e9curitaire et abordable et en les int\u00e9grant dans une communaut\u00e9 qui r\u00e9pond \u00e0 leurs besoins sociaux, mat\u00e9riels et spirituels. Nous croyons que les personnes atteintes de maladie mentale peuvent contribuer \u00e0 la soci\u00e9t\u00e9 et en \u00eatre des membres \u00e0 part enti\u00e8re. Nous soutenons les personnes int\u00e9ress\u00e9es \u00e0 adopter le mod\u00e8le de L\u2019Abri en Ville.<\/p>\r\n[\/vc_column_text][vc_empty_space height=\u00a0\u00bb50px\u00a0\u00bb][\/vc_column_inner][\/vc_row_inner][\/vc_column][\/vc_row]<\/div>","protected":false},"excerpt":{"rendered":"[vc_row full_width=\u00a0\u00bbstretch_row_content_no_spaces\u00a0\u00bb gap=\u00a0\u00bb25&Prime; [&#8230;]","protected":false},"author":1,"featured_media":5492,"parent":6063,"menu_order":2,"comment_status":"closed","ping_status":"closed","template":"","meta":{"_acf_changed":false,"footnotes":""},"class_list":["post-6076","page","type-page","status-publish","has-post-thumbnail","hentry"],"acf":[],"yoast_head":"<!-- This site is optimized with the Yoast SEO plugin v27.4 - https:\/\/yoast.com\/product\/yoast-seo-wordpress\/ -->\n<title>L&#039;Abri&#039;s Beginnings - L&#039;Abri en Ville<\/title>\n<meta name=\"robots\" content=\"index, follow, max-snippet:-1, max-image-preview:large, max-video-preview:-1\" \/>\n<link rel=\"canonical\" href=\"https:\/\/www.labrienville.org\/fr\/about-us\/about-beginnings\/\" \/>\n<meta property=\"og:locale\" content=\"fr_FR\" \/>\n<meta property=\"og:type\" content=\"article\" \/>\n<meta property=\"og:title\" content=\"L&#039;Abri&#039;s Beginnings - L&#039;Abri en Ville\" \/>\n<meta property=\"og:description\" content=\"[vc_row full_width=\u00a0\u00bbstretch_row_content_no_spaces\u00a0\u00bb gap=\u00a0\u00bb25&Prime; [...]\" \/>\n<meta property=\"og:url\" content=\"https:\/\/www.labrienville.org\/fr\/about-us\/about-beginnings\/\" \/>\n<meta property=\"og:site_name\" content=\"L&#039;Abri en Ville\" \/>\n<meta property=\"article:modified_time\" content=\"2025-02-26T17:18:32+00:00\" \/>\n<meta property=\"og:image\" content=\"https:\/\/www.labrienville.org\/wp-content\/uploads\/2012\/08\/3Page-Feat.-im.-LAbri-story.jpg\" \/>\n\t<meta property=\"og:image:width\" content=\"1680\" \/>\n\t<meta property=\"og:image:height\" content=\"720\" \/>\n\t<meta property=\"og:image:type\" content=\"image\/jpeg\" \/>\n<meta name=\"twitter:card\" content=\"summary_large_image\" \/>\n<meta name=\"twitter:label1\" content=\"Dur\u00e9e de lecture estim\u00e9e\" \/>\n\t<meta name=\"twitter:data1\" content=\"1 minute\" \/>\n<script type=\"application\/ld+json\" class=\"yoast-schema-graph\">{\"@context\":\"https:\\\/\\\/schema.org\",\"@graph\":[{\"@type\":\"WebPage\",\"@id\":\"https:\\\/\\\/www.labrienville.org\\\/fr\\\/about-us\\\/about-beginnings\\\/\",\"url\":\"https:\\\/\\\/www.labrienville.org\\\/fr\\\/about-us\\\/about-beginnings\\\/\",\"name\":\"L'Abri's Beginnings - L&#039;Abri en Ville\",\"isPartOf\":{\"@id\":\"https:\\\/\\\/www.labrienville.org\\\/fr\\\/#website\"},\"primaryImageOfPage\":{\"@id\":\"https:\\\/\\\/www.labrienville.org\\\/fr\\\/about-us\\\/about-beginnings\\\/#primaryimage\"},\"image\":{\"@id\":\"https:\\\/\\\/www.labrienville.org\\\/fr\\\/about-us\\\/about-beginnings\\\/#primaryimage\"},\"thumbnailUrl\":\"https:\\\/\\\/www.labrienville.org\\\/wp-content\\\/uploads\\\/2012\\\/08\\\/3Page-Feat.-im.-LAbri-story.jpg\",\"datePublished\":\"2011-04-26T16:55:04+00:00\",\"dateModified\":\"2025-02-26T17:18:32+00:00\",\"breadcrumb\":{\"@id\":\"https:\\\/\\\/www.labrienville.org\\\/fr\\\/about-us\\\/about-beginnings\\\/#breadcrumb\"},\"inLanguage\":\"fr-FR\",\"potentialAction\":[{\"@type\":\"ReadAction\",\"target\":[\"https:\\\/\\\/www.labrienville.org\\\/fr\\\/about-us\\\/about-beginnings\\\/\"]}]},{\"@type\":\"ImageObject\",\"inLanguage\":\"fr-FR\",\"@id\":\"https:\\\/\\\/www.labrienville.org\\\/fr\\\/about-us\\\/about-beginnings\\\/#primaryimage\",\"url\":\"https:\\\/\\\/www.labrienville.org\\\/wp-content\\\/uploads\\\/2012\\\/08\\\/3Page-Feat.-im.-LAbri-story.jpg\",\"contentUrl\":\"https:\\\/\\\/www.labrienville.org\\\/wp-content\\\/uploads\\\/2012\\\/08\\\/3Page-Feat.-im.-LAbri-story.jpg\",\"width\":1680,\"height\":720,\"caption\":\"L'Abri's Beginnings\"},{\"@type\":\"BreadcrumbList\",\"@id\":\"https:\\\/\\\/www.labrienville.org\\\/fr\\\/about-us\\\/about-beginnings\\\/#breadcrumb\",\"itemListElement\":[{\"@type\":\"ListItem\",\"position\":1,\"name\":\"Home\",\"item\":\"https:\\\/\\\/www.labrienville.org\\\/fr\\\/\"},{\"@type\":\"ListItem\",\"position\":2,\"name\":\"L&rsquo;Abri&rsquo;s Beginnings\"}]},{\"@type\":\"WebSite\",\"@id\":\"https:\\\/\\\/www.labrienville.org\\\/fr\\\/#website\",\"url\":\"https:\\\/\\\/www.labrienville.org\\\/fr\\\/\",\"name\":\"L&#039;Abri en Ville\",\"description\":\"\",\"potentialAction\":[{\"@type\":\"SearchAction\",\"target\":{\"@type\":\"EntryPoint\",\"urlTemplate\":\"https:\\\/\\\/www.labrienville.org\\\/fr\\\/?s={search_term_string}\"},\"query-input\":{\"@type\":\"PropertyValueSpecification\",\"valueRequired\":true,\"valueName\":\"search_term_string\"}}],\"inLanguage\":\"fr-FR\"}]}<\/script>\n<!-- \/ Yoast SEO plugin. -->","yoast_head_json":{"title":"L'Abri's Beginnings - L&#039;Abri en Ville","robots":{"index":"index","follow":"follow","max-snippet":"max-snippet:-1","max-image-preview":"max-image-preview:large","max-video-preview":"max-video-preview:-1"},"canonical":"https:\/\/www.labrienville.org\/fr\/about-us\/about-beginnings\/","og_locale":"fr_FR","og_type":"article","og_title":"L'Abri's Beginnings - L&#039;Abri en Ville","og_description":"[vc_row full_width=\u00a0\u00bbstretch_row_content_no_spaces\u00a0\u00bb gap=\u00a0\u00bb25&Prime; [...]","og_url":"https:\/\/www.labrienville.org\/fr\/about-us\/about-beginnings\/","og_site_name":"L&#039;Abri en Ville","article_modified_time":"2025-02-26T17:18:32+00:00","og_image":[{"width":1680,"height":720,"url":"https:\/\/www.labrienville.org\/wp-content\/uploads\/2012\/08\/3Page-Feat.-im.-LAbri-story.jpg","type":"image\/jpeg"}],"twitter_card":"summary_large_image","twitter_misc":{"Dur\u00e9e de lecture estim\u00e9e":"1 minute"},"schema":{"@context":"https:\/\/schema.org","@graph":[{"@type":"WebPage","@id":"https:\/\/www.labrienville.org\/fr\/about-us\/about-beginnings\/","url":"https:\/\/www.labrienville.org\/fr\/about-us\/about-beginnings\/","name":"L'Abri's Beginnings - L&#039;Abri en Ville","isPartOf":{"@id":"https:\/\/www.labrienville.org\/fr\/#website"},"primaryImageOfPage":{"@id":"https:\/\/www.labrienville.org\/fr\/about-us\/about-beginnings\/#primaryimage"},"image":{"@id":"https:\/\/www.labrienville.org\/fr\/about-us\/about-beginnings\/#primaryimage"},"thumbnailUrl":"https:\/\/www.labrienville.org\/wp-content\/uploads\/2012\/08\/3Page-Feat.-im.-LAbri-story.jpg","datePublished":"2011-04-26T16:55:04+00:00","dateModified":"2025-02-26T17:18:32+00:00","breadcrumb":{"@id":"https:\/\/www.labrienville.org\/fr\/about-us\/about-beginnings\/#breadcrumb"},"inLanguage":"fr-FR","potentialAction":[{"@type":"ReadAction","target":["https:\/\/www.labrienville.org\/fr\/about-us\/about-beginnings\/"]}]},{"@type":"ImageObject","inLanguage":"fr-FR","@id":"https:\/\/www.labrienville.org\/fr\/about-us\/about-beginnings\/#primaryimage","url":"https:\/\/www.labrienville.org\/wp-content\/uploads\/2012\/08\/3Page-Feat.-im.-LAbri-story.jpg","contentUrl":"https:\/\/www.labrienville.org\/wp-content\/uploads\/2012\/08\/3Page-Feat.-im.-LAbri-story.jpg","width":1680,"height":720,"caption":"L'Abri's Beginnings"},{"@type":"BreadcrumbList","@id":"https:\/\/www.labrienville.org\/fr\/about-us\/about-beginnings\/#breadcrumb","itemListElement":[{"@type":"ListItem","position":1,"name":"Home","item":"https:\/\/www.labrienville.org\/fr\/"},{"@type":"ListItem","position":2,"name":"L&rsquo;Abri&rsquo;s Beginnings"}]},{"@type":"WebSite","@id":"https:\/\/www.labrienville.org\/fr\/#website","url":"https:\/\/www.labrienville.org\/fr\/","name":"L&#039;Abri en Ville","description":"","potentialAction":[{"@type":"SearchAction","target":{"@type":"EntryPoint","urlTemplate":"https:\/\/www.labrienville.org\/fr\/?s={search_term_string}"},"query-input":{"@type":"PropertyValueSpecification","valueRequired":true,"valueName":"search_term_string"}}],"inLanguage":"fr-FR"}]}},"_links":{"self":[{"href":"https:\/\/www.labrienville.org\/fr\/wp-json\/wp\/v2\/pages\/6076","targetHints":{"allow":["GET"]}}],"collection":[{"href":"https:\/\/www.labrienville.org\/fr\/wp-json\/wp\/v2\/pages"}],"about":[{"href":"https:\/\/www.labrienville.org\/fr\/wp-json\/wp\/v2\/types\/page"}],"author":[{"embeddable":true,"href":"https:\/\/www.labrienville.org\/fr\/wp-json\/wp\/v2\/users\/1"}],"replies":[{"embeddable":true,"href":"https:\/\/www.labrienville.org\/fr\/wp-json\/wp\/v2\/comments?post=6076"}],"version-history":[{"count":0,"href":"https:\/\/www.labrienville.org\/fr\/wp-json\/wp\/v2\/pages\/6076\/revisions"}],"up":[{"embeddable":true,"href":"https:\/\/www.labrienville.org\/fr\/wp-json\/wp\/v2\/pages\/6063"}],"wp:featuredmedia":[{"embeddable":true,"href":"https:\/\/www.labrienville.org\/fr\/wp-json\/wp\/v2\/media\/5492"}],"wp:attachment":[{"href":"https:\/\/www.labrienville.org\/fr\/wp-json\/wp\/v2\/media?parent=6076"}],"curies":[{"name":"wp","href":"https:\/\/api.w.org\/{rel}","templated":true}]}}