{"id":6079,"date":"2012-10-16T18:33:03","date_gmt":"2012-10-16T18:33:03","guid":{"rendered":"https:\/\/www.labrienville.org\/governance\/"},"modified":"2026-04-14T18:35:15","modified_gmt":"2026-04-14T18:35:15","slug":"governance","status":"publish","type":"page","link":"https:\/\/www.labrienville.org\/fr\/governance\/","title":{"rendered":"Governance"},"content":{"rendered":"<div class=\"wpb-content-wrapper\">[vc_row full_width=\u00a0\u00bbstretch_row_content_no_spaces\u00a0\u00bb gap=\u00a0\u00bb25&Prime; bg_type=\u00a0\u00bbbg_color\u00a0\u00bb el_class=\u00a0\u00bbrr-padding rl-padding\u00a0\u00bb][vc_column][vc_custom_heading text=\u00a0\u00bbGOUVERNANCE\u00a0\u00bb font_container=\u00a0\u00bbtag:h2|font_size:35px|text_align:center\u00a0\u00bb use_theme_fonts=\u00a0\u00bbyes\u00a0\u00bb css=\u00a0\u00bb\u00a0\u00bb][vc_single_image image=\u00a0\u00bb6051&Prime; img_size=\u00a0\u00bbfull\u00a0\u00bb add_caption=\u00a0\u00bbyes\u00a0\u00bb alignment=\u00a0\u00bbcenter\u00a0\u00bb css=\u00a0\u00bb\u00a0\u00bb][\/vc_column][\/vc_row][vc_row full_width=\u00a0\u00bbstretch_row_content_no_spaces\u00a0\u00bb bg_type=\u00a0\u00bbbg_color\u00a0\u00bb bg_color_value=\u00a0\u00bb#e4e3ea\u00a0\u00bb el_class=\u00a0\u00bbrr-padding rl-padding\u00a0\u00bb][vc_column][vc_empty_space height=\u00a0\u00bb20px\u00a0\u00bb][vc_custom_heading text=\u00a0\u00bbL\u2019ABRI EN VILLE EST GUID\u00c9 PAR UN CONSEIL D\u2019ADMINISTRATION, UN CONSEIL CONSULTATIF, UNE DIRECTRICE G\u00c9N\u00c9RALE ET DES COORDONNATRICES.\u00a0\u00bb font_container=\u00a0\u00bbtag:h2|font_size:30px|text_align:center\u00a0\u00bb use_theme_fonts=\u00a0\u00bbyes\u00a0\u00bb css=\u00a0\u00bb\u00a0\u00bb][vc_column_text css=\u00a0\u00bb\u00a0\u00bb]\r\n<div class=\"wpb_text_column wpb_content_element \">\r\n<div class=\"wpb_wrapper\">\r\n\r\nLes membres du Conseil viennent d\u2019horizons multiples. Plusieurs font du b\u00e9n\u00e9volat aupr\u00e8s de notre client\u00e8le, et deux membres habitent nos logements lou\u00e9s. Ainsi, notre Conseil demeure au fait des besoins \u00e0 combler et profite d\u2019un vaste \u00e9ventail de points de vue. De plus, le Conseil se r\u00e9unit \u00e0 intervalles r\u00e9guliers afin de rester au courant des nouveaut\u00e9s, de suivre les travaux des coordonnatrices et des comit\u00e9s, d\u2019\u00e9changer des id\u00e9es, et d\u2019assurer la stabilit\u00e9 financi\u00e8re de l\u2019organisme (<a href=\"https:\/\/www.labrienville.org\/annual-reports\/\"><u>consulter le Rapport annuel de l\u2019Abri en Ville<\/u><\/a>).\r\n\r\n<\/div>\r\n<\/div>\r\n[\/vc_column_text][vc_row_inner][vc_column_inner width=\u00a0\u00bb1\/3&Prime;][\/vc_column_inner][vc_column_inner width=\u00a0\u00bb1\/3&Prime;][vc_column_text css=\u00a0\u00bb\u00a0\u00bb]<strong>Conseil d\u2019administration 2026-2027<\/strong>\r\n\r\n<strong>Conseil ex\u00e9cutif<\/strong>\r\n\r\nMaxene Rodrigues, pr\u00e9sidente\r\nRichard Dufour, vice-pr\u00e9sident\r\nIngrid Kiffmeyer, secr\u00e9taire\r\nKarine Simoes, tr\u00e9sori\u00e8re\r\nPepita Capriolo, ancienne pr\u00e9sidente\r\n\r\n<strong>Membres du Conseil<\/strong>\r\n\r\nSandra Baines\r\nTetiana Gerych\r\nAlyona Hausvater\r\nDarlene Johnstone\r\nCecily Lawson\r\nHoward Perlman\r\n\r\n<strong>Conseil consultatif 2026-2027<\/strong>\r\n\r\nD<sup>r<\/sup> Allan Fielding\r\nSharyn Scott\r\nMarjorie Sharp, B.C.L., LL.M.\r\nD<sup>r<\/sup> Warren Steiner\r\nCampbell Stuart, B.C.L., LL.B.\r\n\r\n&nbsp;\r\n\r\n<strong>Personnel<\/strong>\r\n\r\nStar Gale, directrice g\u00e9n\u00e9rale\r\nMichelle Mills, coordonnatrice\r\nLori Goodhand, coordonnatrice\r\nZsofia Maczos, coordonnatrice\r\nSally Cooper, administratrice de bureau[\/vc_column_text][\/vc_column_inner][vc_column_inner width=\u00a0\u00bb1\/3&Prime;][\/vc_column_inner][\/vc_row_inner][vc_empty_space height=\u00a0\u00bb20px\u00a0\u00bb][\/vc_column][\/vc_row]<\/div>","protected":false},"excerpt":{"rendered":"[vc_row full_width=\u00a0\u00bbstretch_row_content_no_spaces\u00a0\u00bb gap=\u00a0\u00bb25&Prime; bg_type=\u00a0\u00bbbg_color\u00a0\u00bb [&#8230;]","protected":false},"author":1,"featured_media":0,"parent":0,"menu_order":3,"comment_status":"closed","ping_status":"closed","template":"","meta":{"_acf_changed":false,"footnotes":""},"class_list":["post-6079","page","type-page","status-publish","hentry"],"acf":[],"yoast_head":"<!-- This site is optimized with the Yoast SEO plugin v27.3 - https:\/\/yoast.com\/product\/yoast-seo-wordpress\/ -->\n<title>Governance - L&#039;Abri en Ville<\/title>\n<meta name=\"robots\" content=\"index, follow, max-snippet:-1, max-image-preview:large, max-video-preview:-1\" \/>\n<link rel=\"canonical\" href=\"https:\/\/www.labrienville.org\/fr\/governance\/\" \/>\n<meta property=\"og:locale\" content=\"fr_FR\" \/>\n<meta property=\"og:type\" content=\"article\" \/>\n<meta property=\"og:title\" content=\"Governance - L&#039;Abri en Ville\" \/>\n<meta property=\"og:description\" content=\"[vc_row full_width=\u00a0\u00bbstretch_row_content_no_spaces\u00a0\u00bb gap=\u00a0\u00bb25&Prime; bg_type=\u00a0\u00bbbg_color\u00a0\u00bb [...]\" \/>\n<meta property=\"og:url\" content=\"https:\/\/www.labrienville.org\/fr\/governance\/\" \/>\n<meta property=\"og:site_name\" content=\"L&#039;Abri en Ville\" \/>\n<meta property=\"article:modified_time\" content=\"2026-04-14T18:35:15+00:00\" \/>\n<meta name=\"twitter:card\" content=\"summary_large_image\" \/>\n<meta name=\"twitter:label1\" content=\"Dur\u00e9e de lecture estim\u00e9e\" \/>\n\t<meta name=\"twitter:data1\" content=\"1 minute\" \/>\n<script type=\"application\/ld+json\" class=\"yoast-schema-graph\">{\"@context\":\"https:\\\/\\\/schema.org\",\"@graph\":[{\"@type\":\"WebPage\",\"@id\":\"https:\\\/\\\/www.labrienville.org\\\/fr\\\/governance\\\/\",\"url\":\"https:\\\/\\\/www.labrienville.org\\\/fr\\\/governance\\\/\",\"name\":\"Governance - L&#039;Abri en Ville\",\"isPartOf\":{\"@id\":\"https:\\\/\\\/www.labrienville.org\\\/fr\\\/#website\"},\"datePublished\":\"2012-10-16T18:33:03+00:00\",\"dateModified\":\"2026-04-14T18:35:15+00:00\",\"breadcrumb\":{\"@id\":\"https:\\\/\\\/www.labrienville.org\\\/fr\\\/governance\\\/#breadcrumb\"},\"inLanguage\":\"fr-FR\",\"potentialAction\":[{\"@type\":\"ReadAction\",\"target\":[\"https:\\\/\\\/www.labrienville.org\\\/fr\\\/governance\\\/\"]}]},{\"@type\":\"BreadcrumbList\",\"@id\":\"https:\\\/\\\/www.labrienville.org\\\/fr\\\/governance\\\/#breadcrumb\",\"itemListElement\":[{\"@type\":\"ListItem\",\"position\":1,\"name\":\"Home\",\"item\":\"https:\\\/\\\/www.labrienville.org\\\/fr\\\/\"},{\"@type\":\"ListItem\",\"position\":2,\"name\":\"Governance\"}]},{\"@type\":\"WebSite\",\"@id\":\"https:\\\/\\\/www.labrienville.org\\\/fr\\\/#website\",\"url\":\"https:\\\/\\\/www.labrienville.org\\\/fr\\\/\",\"name\":\"L&#039;Abri en Ville\",\"description\":\"\",\"potentialAction\":[{\"@type\":\"SearchAction\",\"target\":{\"@type\":\"EntryPoint\",\"urlTemplate\":\"https:\\\/\\\/www.labrienville.org\\\/fr\\\/?s={search_term_string}\"},\"query-input\":{\"@type\":\"PropertyValueSpecification\",\"valueRequired\":true,\"valueName\":\"search_term_string\"}}],\"inLanguage\":\"fr-FR\"}]}<\/script>\n<!-- \/ Yoast SEO plugin. -->","yoast_head_json":{"title":"Governance - L&#039;Abri en Ville","robots":{"index":"index","follow":"follow","max-snippet":"max-snippet:-1","max-image-preview":"max-image-preview:large","max-video-preview":"max-video-preview:-1"},"canonical":"https:\/\/www.labrienville.org\/fr\/governance\/","og_locale":"fr_FR","og_type":"article","og_title":"Governance - L&#039;Abri en Ville","og_description":"[vc_row full_width=\u00a0\u00bbstretch_row_content_no_spaces\u00a0\u00bb gap=\u00a0\u00bb25&Prime; bg_type=\u00a0\u00bbbg_color\u00a0\u00bb [...]","og_url":"https:\/\/www.labrienville.org\/fr\/governance\/","og_site_name":"L&#039;Abri en Ville","article_modified_time":"2026-04-14T18:35:15+00:00","twitter_card":"summary_large_image","twitter_misc":{"Dur\u00e9e de lecture estim\u00e9e":"1 minute"},"schema":{"@context":"https:\/\/schema.org","@graph":[{"@type":"WebPage","@id":"https:\/\/www.labrienville.org\/fr\/governance\/","url":"https:\/\/www.labrienville.org\/fr\/governance\/","name":"Governance - L&#039;Abri en Ville","isPartOf":{"@id":"https:\/\/www.labrienville.org\/fr\/#website"},"datePublished":"2012-10-16T18:33:03+00:00","dateModified":"2026-04-14T18:35:15+00:00","breadcrumb":{"@id":"https:\/\/www.labrienville.org\/fr\/governance\/#breadcrumb"},"inLanguage":"fr-FR","potentialAction":[{"@type":"ReadAction","target":["https:\/\/www.labrienville.org\/fr\/governance\/"]}]},{"@type":"BreadcrumbList","@id":"https:\/\/www.labrienville.org\/fr\/governance\/#breadcrumb","itemListElement":[{"@type":"ListItem","position":1,"name":"Home","item":"https:\/\/www.labrienville.org\/fr\/"},{"@type":"ListItem","position":2,"name":"Governance"}]},{"@type":"WebSite","@id":"https:\/\/www.labrienville.org\/fr\/#website","url":"https:\/\/www.labrienville.org\/fr\/","name":"L&#039;Abri en Ville","description":"","potentialAction":[{"@type":"SearchAction","target":{"@type":"EntryPoint","urlTemplate":"https:\/\/www.labrienville.org\/fr\/?s={search_term_string}"},"query-input":{"@type":"PropertyValueSpecification","valueRequired":true,"valueName":"search_term_string"}}],"inLanguage":"fr-FR"}]}},"_links":{"self":[{"href":"https:\/\/www.labrienville.org\/fr\/wp-json\/wp\/v2\/pages\/6079","targetHints":{"allow":["GET"]}}],"collection":[{"href":"https:\/\/www.labrienville.org\/fr\/wp-json\/wp\/v2\/pages"}],"about":[{"href":"https:\/\/www.labrienville.org\/fr\/wp-json\/wp\/v2\/types\/page"}],"author":[{"embeddable":true,"href":"https:\/\/www.labrienville.org\/fr\/wp-json\/wp\/v2\/users\/1"}],"replies":[{"embeddable":true,"href":"https:\/\/www.labrienville.org\/fr\/wp-json\/wp\/v2\/comments?post=6079"}],"version-history":[{"count":5,"href":"https:\/\/www.labrienville.org\/fr\/wp-json\/wp\/v2\/pages\/6079\/revisions"}],"predecessor-version":[{"id":6436,"href":"https:\/\/www.labrienville.org\/fr\/wp-json\/wp\/v2\/pages\/6079\/revisions\/6436"}],"wp:attachment":[{"href":"https:\/\/www.labrienville.org\/fr\/wp-json\/wp\/v2\/media?parent=6079"}],"curies":[{"name":"wp","href":"https:\/\/api.w.org\/{rel}","templated":true}]}}