{"id":6082,"date":"2016-07-28T15:22:50","date_gmt":"2016-07-28T15:22:50","guid":{"rendered":"https:\/\/www.labrienville.org\/who-we-are-2\/"},"modified":"2025-02-28T17:50:06","modified_gmt":"2025-02-28T17:50:06","slug":"who-we-are-2","status":"publish","type":"page","link":"https:\/\/www.labrienville.org\/fr\/who-we-are-2\/","title":{"rendered":"Who we are"},"content":{"rendered":"<div class=\"wpb-content-wrapper\">[vc_row full_width=\u00a0\u00bbstretch_row_content_no_spaces\u00a0\u00bb gap=\u00a0\u00bb25&Prime; bg_type=\u00a0\u00bbbg_color\u00a0\u00bb][vc_column][vc_custom_heading text=\u00a0\u00bbQUI NOUS SOMMES\u00a0\u00bb font_container=\u00a0\u00bbtag:h2|font_size:35|text_align:center\u00a0\u00bb use_theme_fonts=\u00a0\u00bbyes\u00a0\u00bb css=\u00a0\u00bb\u00a0\u00bb][vc_row_inner el_class=\u00a0\u00bbrr-padding rl-padding\u00a0\u00bb][vc_column_inner][vc_column_text css=\u00a0\u00bb\u00a0\u00bb]\r\n<div class=\"wpb_text_column wpb_content_element \">\r\n<div class=\"wpb_wrapper\">\r\n<p style=\"text-align: center;\">La famille de L\u2019Abri est tr\u00e8s h\u00e9t\u00e9roclite et polyvalente.<\/p>\r\n<p style=\"text-align: center;\">Notre client\u00e8le nous est r\u00e9f\u00e9r\u00e9e par des h\u00f4pitaux, des CLSC, des abris ou des proches, tandis que d\u2019autres nous contactent directement. Il s\u2019agit tous d\u2019adultes ind\u00e9pendants, mais n\u00e9cessitant des stimuli sociaux et de l\u2019appui pour g\u00e9rer un trouble mental (schizophr\u00e9nie, etc.).<\/p>\r\n<p style=\"text-align: center;\">Nos b\u00e9n\u00e9voles sont des gens bienveillants qui ont pris connaissance de L\u2019Abri par l\u2019entremise d\u2019un groupe confessionnel, de bouche-\u00e0-oreille ou des m\u00e9dias. Dans certains cas, nos b\u00e9n\u00e9voles ont \u00e9t\u00e9 expos\u00e9s \u00e0 des troubles mentaux dans leur famille; d\u2019autres ont travaill\u00e9 dans le r\u00e9seau de la sant\u00e9 ou des services sociaux; d\u2019autres sont aux \u00e9tudes. Peu importe leurs exp\u00e9riences ant\u00e9rieures, ces individus sont tous attir\u00e9s par l\u2019ambiance chaleureuse et inclusive qui r\u00e8gne ici \u00e0 L\u2019Abri.<\/p>\r\n\r\n<\/div>\r\n<\/div>\r\n[\/vc_column_text][vc_empty_space height=\u00a0\u00bb50px\u00a0\u00bb][\/vc_column_inner][\/vc_row_inner][vc_row_inner equal_height=\u00a0\u00bbyes\u00a0\u00bb content_placement=\u00a0\u00bbmiddle\u00a0\u00bb gap=\u00a0\u00bb25&Prime; css=\u00a0\u00bb.vc_custom_1597765918709{background-color: #e4e3ea !important;}\u00a0\u00bb el_class=\u00a0\u00bbrr-padding rl-padding\u00a0\u00bb][vc_column_inner width=\u00a0\u00bb1\/3&Prime;][vc_column_text css=\u00a0\u00bb\u00a0\u00bb]\r\n<h2 style=\"text-align: center;\">Notre parcours<\/h2>\r\n<p style=\"margin-bottom: 12.0pt;\"><span lang=\"FR-CA\" style=\"font-family: Montserrat; color: black;\">L\u2019Abri en Ville a \u00e9t\u00e9 fond\u00e9 il y a plus de 20 ans par l\u2019InterChurch Social Service Planning Committee (ICSSPC), un groupe multiconfessionnel d\u2019intervention sociale au centre-ville de Montr\u00e9al.<\/span><\/p>\r\n<p style=\"margin-bottom: 12.0pt;\"><span lang=\"FR-CA\" style=\"font-family: Montserrat; color: black;\">Apr\u00e8s avoir identifi\u00e9 un besoin criant de fournir du logement \u00e0 long terme et de l\u2019appui \u00e0 des personnes aux prises avec des enjeux de sant\u00e9 mentale, le groupe s\u2019est inspir\u00e9 du projet d\u2019habitation C.A.R.E (<i>Create a Rehabilitative Community<\/i>), ax\u00e9 sur des individus capables de vivre de fa\u00e7on autonome gr\u00e2ce \u00e0 l\u2019assistance de b\u00e9n\u00e9voles dans l\u2019Ouest-de-l\u2019\u00cele.<\/span><\/p>\r\n<a href=\"https:\/\/www.labrienville.org\/fr\/who-we-are-2\/the-labri-story\/\">en savoir plus<\/a>[\/vc_column_text][\/vc_column_inner][vc_column_inner width=\u00a0\u00bb2\/3&Prime;][vc_single_image image=\u00a0\u00bb4591&Prime; img_size=\u00a0\u00bb945&#215;502&Prime; alignment=\u00a0\u00bbcenter\u00a0\u00bb onclick=\u00a0\u00bbcustom_link\u00a0\u00bb][\/vc_column_inner][\/vc_row_inner][vc_row_inner equal_height=\u00a0\u00bbyes\u00a0\u00bb content_placement=\u00a0\u00bbmiddle\u00a0\u00bb gap=\u00a0\u00bb25&Prime; css=\u00a0\u00bb.vc_custom_1597765935808{background-color: #ffffff !important;}\u00a0\u00bb el_class=\u00a0\u00bbrr-padding rl-padding\u00a0\u00bb][vc_column_inner width=\u00a0\u00bb2\/3&Prime;][vc_single_image image=\u00a0\u00bb4592&Prime; img_size=\u00a0\u00bb945&#215;502&Prime; alignment=\u00a0\u00bbcenter\u00a0\u00bb onclick=\u00a0\u00bbcustom_link\u00a0\u00bb][\/vc_column_inner][vc_column_inner width=\u00a0\u00bb1\/3&Prime;][vc_column_text css=\u00a0\u00bb\u00a0\u00bb]\r\n<h2 style=\"text-align: center;\">NOTRE COMMUNAUT\u00c9<\/h2>\r\nLes membres du Conseil viennent d\u2019horizons multiples. Plusieurs font du b\u00e9n\u00e9volat aupr\u00e8s de notre client\u00e8le, et deux membres habitent nos logements lou\u00e9s. Ainsi, notre Conseil demeure au fait des besoins \u00e0 combler et profite d\u2019un vaste \u00e9ventail de points de vue. De plus, le Conseil se r\u00e9unit \u00e0 intervalles r\u00e9guliers afin de rester au courant des nouveaut\u00e9s, de suivre les travaux des coordonnatrices et des comit\u00e9s, d\u2019\u00e9changer des id\u00e9es, et d\u2019assurer la stabilit\u00e9 financi\u00e8re de l\u2019organisme.\r\n\r\nNos b\u00e9n\u00e9voles sont au c\u0153ur de notre succ\u00e8s. La plupart sont affect\u00e9s \u00e0 un logement en particulier, venant en aide \u00e0 ses trois r\u00e9sidents ou r\u00e9sidentes. D\u2019autres offrent leur soutien selon les besoins (entretien ou d\u00e9cor d\u2019appartement, accompagnement lors de sorties, conception de cartes des f\u00eates, etc.).\r\n\r\n&nbsp;\r\n\r\nPlusieurs\u00a0<strong>groupes<\/strong> nous viennent aussi en aide. Par exemple, certains groupes confessionnels nous pr\u00eatent des b\u00e9n\u00e9voles ou des espaces de rassemblement (y compris pour des conf\u00e9rences sur la sant\u00e9 mentale), en plus de nous aider \u00e0 recueillir des fonds. Certains clubs ou commerces nous offrent des biens et services (entreposage, livraison, imprimerie, etc.).\r\n\r\n<strong>Notre personnel<\/strong>\u00a0met \u00e0 profit ses connaissances en services communautaires de sant\u00e9 mentale. Nos coordonnatrices s\u2019occupent de la cr\u00e9ation et de la mise en \u0153uvre de notre programme, y compris\u00a0: la s\u00e9lection de la client\u00e8le; la formation et l\u2019appui aux b\u00e9n\u00e9voles; le r\u00e9seautage avec d\u2019autres organismes consacr\u00e9s \u00e0 la sant\u00e9 mentale; le suivi avec le personnel m\u00e9dical qui traite notre client\u00e8le; l\u2019assistance personnalis\u00e9e offerte \u00e0 chaque r\u00e9sident et r\u00e9sidente; et l\u2019organisation de rencontres hebdomadaires dans chaque logement.\r\n\r\nEnfin,\u00a0<strong>nos donateurs et commanditaires<\/strong>\u00a0(individus, fondations, gouvernement provincial, commerces, groupes confessionnels et autres organismes de services) partagent nos valeurs d\u2019inclusion pour tous ceux et celles que la maladie mentale a marginalis\u00e9.\r\n\r\n<a href=\"https:\/\/www.labrienville.org\/the-restorative-power-of-community\/\">en savoir plus<\/a>[\/vc_column_text][\/vc_column_inner][\/vc_row_inner][vc_row_inner equal_height=\u00a0\u00bbyes\u00a0\u00bb content_placement=\u00a0\u00bbmiddle\u00a0\u00bb gap=\u00a0\u00bb25&Prime; css=\u00a0\u00bb.vc_custom_1597765946268{background-color: #e4e3ea !important;}\u00a0\u00bb el_class=\u00a0\u00bbrr-padding rl-padding\u00a0\u00bb][vc_column_inner width=\u00a0\u00bb1\/3&Prime;][vc_column_text css=\u00a0\u00bb\u00a0\u00bb]\r\n<h2 style=\"text-align: center;\">The L\u2019Abri Network<\/h2>\r\nLa simplicit\u00e9 de notre mod\u00e8le a attir\u00e9 des adeptes d\u2019autres r\u00e9gions avec des besoins semblables. Nous leur avons donc pr\u00eat\u00e9 main forte pour d\u00e9marrer leur propre programme.\r\n\r\n<strong>Les toits d\u2019\u00c9mile<\/strong>\u00a0a vu le jour en 2002 \u00e0 Ch\u00e2teauguay;\u00a0<strong>Le havre<\/strong>\u00a0en 2004 \u00e0 St-Lambert; et <strong>Ancoura<\/strong>\u00a0en 2007 \u00e0 Ottawa. Tous ensemble, nous constituons maintenant le R\u00e9seau de L\u2019Abri, afin de s\u2019appuyer les uns les autres dans le cadre de nos nombreux projets.\r\n\r\nLe havre offre un programme de logement \u00e0 long terme abordable et attentionn\u00e9 sur la Rive-Sud de Montr\u00e9al pour les personnes de divers horizons vivant avec des probl\u00e8mes de sant\u00e9 mentale. Nous offrons un soutien \u00e0 la gestion de la vie, des liens avec les ressources de la communaut\u00e9 environnante et une assistance individuelle pour l&rsquo;int\u00e9gration dans la soci\u00e9t\u00e9. Le havre sensibilise \u00e9galement la communaut\u00e9 au sujet de la sant\u00e9 mentale.\r\n\r\n95, av. Lorne\r\nSt-Lambert QC\r\nJ4P 2G7\r\n450-671-9160\r\n<u>ourharbour.org<\/u>\r\n\r\nLa mission d\u2019Ancoura est de cr\u00e9er un environnement dans lequel les adultes aux prises avec des troubles mentaux peuvent grandir et s\u2019\u00e9panouir, en profitant notamment d\u2019un logement stable et abordable et d\u2019une communaut\u00e9 bienveillante.\r\n\r\n30 av. Cleary\r\nOttawa ON\r\nK2A 4A1\r\n613-233-8130\r\nancoura.ca\r\n\r\n<a href=\"https:\/\/www.labrienville.org\/fr\/who-we-are-2\/the-labri-en-ville-network\/\">en savoir plus<\/a>[\/vc_column_text][\/vc_column_inner][vc_column_inner width=\u00a0\u00bb2\/3&Prime;][vc_single_image image=\u00a0\u00bb4593&Prime; img_size=\u00a0\u00bb945&#215;502&Prime; alignment=\u00a0\u00bbcenter\u00a0\u00bb onclick=\u00a0\u00bbcustom_link\u00a0\u00bb][\/vc_column_inner][\/vc_row_inner][vc_row_inner equal_height=\u00a0\u00bbyes\u00a0\u00bb content_placement=\u00a0\u00bbmiddle\u00a0\u00bb gap=\u00a0\u00bb25&Prime; css=\u00a0\u00bb.vc_custom_1597430395347{background-color: #e4e3ea !important;}\u00a0\u00bb el_class=\u00a0\u00bbrr-padding rl-padding\u00a0\u00bb][vc_column_inner width=\u00a0\u00bb1\/3&Prime;][\/vc_column_inner][vc_column_inner width=\u00a0\u00bb2\/3&Prime; css=\u00a0\u00bb.vc_custom_1597430368319{margin-top: -47px !important;margin-bottom: -47px !important;background-position: center !important;background-repeat: no-repeat !important;background-size: cover !important;}\u00a0\u00bb][\/vc_column_inner][\/vc_row_inner][\/vc_column][\/vc_row]<\/div>","protected":false},"excerpt":{"rendered":"[vc_row full_width=\u00a0\u00bbstretch_row_content_no_spaces\u00a0\u00bb gap=\u00a0\u00bb25&Prime; [&#8230;]","protected":false},"author":1,"featured_media":5518,"parent":0,"menu_order":20,"comment_status":"closed","ping_status":"closed","template":"","meta":{"_acf_changed":false,"footnotes":""},"class_list":["post-6082","page","type-page","status-publish","has-post-thumbnail","hentry"],"acf":[],"yoast_head":"<!-- This site is optimized with the Yoast SEO plugin v27.2 - https:\/\/yoast.com\/product\/yoast-seo-wordpress\/ -->\n<title>Who we are - L&#039;Abri en Ville<\/title>\n<meta name=\"robots\" content=\"index, follow, max-snippet:-1, max-image-preview:large, max-video-preview:-1\" \/>\n<link rel=\"canonical\" href=\"https:\/\/www.labrienville.org\/fr\/who-we-are-2\/\" \/>\n<meta property=\"og:locale\" content=\"fr_FR\" \/>\n<meta property=\"og:type\" content=\"article\" \/>\n<meta property=\"og:title\" content=\"Who we are - L&#039;Abri en Ville\" \/>\n<meta property=\"og:description\" content=\"[vc_row full_width=\u00a0\u00bbstretch_row_content_no_spaces\u00a0\u00bb gap=\u00a0\u00bb25&Prime; [...]\" \/>\n<meta property=\"og:url\" content=\"https:\/\/www.labrienville.org\/fr\/who-we-are-2\/\" \/>\n<meta property=\"og:site_name\" content=\"L&#039;Abri en Ville\" \/>\n<meta property=\"article:modified_time\" content=\"2025-02-28T17:50:06+00:00\" \/>\n<meta property=\"og:image\" content=\"https:\/\/www.labrienville.org\/wp-content\/uploads\/2016\/08\/0_SliderheadingWho-we-are-1024x396.png\" \/>\n\t<meta property=\"og:image:width\" content=\"1024\" \/>\n\t<meta property=\"og:image:height\" content=\"396\" \/>\n\t<meta property=\"og:image:type\" content=\"image\/png\" \/>\n<meta name=\"twitter:card\" content=\"summary_large_image\" \/>\n<meta name=\"twitter:label1\" content=\"Dur\u00e9e de lecture estim\u00e9e\" \/>\n\t<meta name=\"twitter:data1\" content=\"5 minutes\" \/>\n<script type=\"application\/ld+json\" class=\"yoast-schema-graph\">{\"@context\":\"https:\/\/schema.org\",\"@graph\":[{\"@type\":\"WebPage\",\"@id\":\"https:\/\/www.labrienville.org\/fr\/who-we-are-2\/\",\"url\":\"https:\/\/www.labrienville.org\/fr\/who-we-are-2\/\",\"name\":\"Who we are - L&#039;Abri en Ville\",\"isPartOf\":{\"@id\":\"https:\/\/www.labrienville.org\/fr\/#website\"},\"primaryImageOfPage\":{\"@id\":\"https:\/\/www.labrienville.org\/fr\/who-we-are-2\/#primaryimage\"},\"image\":{\"@id\":\"https:\/\/www.labrienville.org\/fr\/who-we-are-2\/#primaryimage\"},\"thumbnailUrl\":\"https:\/\/www.labrienville.org\/wp-content\/uploads\/2016\/08\/0_SliderheadingWho-we-are.png\",\"datePublished\":\"2016-07-28T15:22:50+00:00\",\"dateModified\":\"2025-02-28T17:50:06+00:00\",\"breadcrumb\":{\"@id\":\"https:\/\/www.labrienville.org\/fr\/who-we-are-2\/#breadcrumb\"},\"inLanguage\":\"fr-FR\",\"potentialAction\":[{\"@type\":\"ReadAction\",\"target\":[\"https:\/\/www.labrienville.org\/fr\/who-we-are-2\/\"]}]},{\"@type\":\"ImageObject\",\"inLanguage\":\"fr-FR\",\"@id\":\"https:\/\/www.labrienville.org\/fr\/who-we-are-2\/#primaryimage\",\"url\":\"https:\/\/www.labrienville.org\/wp-content\/uploads\/2016\/08\/0_SliderheadingWho-we-are.png\",\"contentUrl\":\"https:\/\/www.labrienville.org\/wp-content\/uploads\/2016\/08\/0_SliderheadingWho-we-are.png\",\"width\":1860,\"height\":720},{\"@type\":\"BreadcrumbList\",\"@id\":\"https:\/\/www.labrienville.org\/fr\/who-we-are-2\/#breadcrumb\",\"itemListElement\":[{\"@type\":\"ListItem\",\"position\":1,\"name\":\"Home\",\"item\":\"https:\/\/www.labrienville.org\/fr\/\"},{\"@type\":\"ListItem\",\"position\":2,\"name\":\"Who we are\"}]},{\"@type\":\"WebSite\",\"@id\":\"https:\/\/www.labrienville.org\/fr\/#website\",\"url\":\"https:\/\/www.labrienville.org\/fr\/\",\"name\":\"L&#039;Abri en Ville\",\"description\":\"\",\"potentialAction\":[{\"@type\":\"SearchAction\",\"target\":{\"@type\":\"EntryPoint\",\"urlTemplate\":\"https:\/\/www.labrienville.org\/fr\/?s={search_term_string}\"},\"query-input\":{\"@type\":\"PropertyValueSpecification\",\"valueRequired\":true,\"valueName\":\"search_term_string\"}}],\"inLanguage\":\"fr-FR\"}]}<\/script>\n<!-- \/ Yoast SEO plugin. -->","yoast_head_json":{"title":"Who we are - L&#039;Abri en Ville","robots":{"index":"index","follow":"follow","max-snippet":"max-snippet:-1","max-image-preview":"max-image-preview:large","max-video-preview":"max-video-preview:-1"},"canonical":"https:\/\/www.labrienville.org\/fr\/who-we-are-2\/","og_locale":"fr_FR","og_type":"article","og_title":"Who we are - L&#039;Abri en Ville","og_description":"[vc_row full_width=\u00a0\u00bbstretch_row_content_no_spaces\u00a0\u00bb gap=\u00a0\u00bb25&Prime; [...]","og_url":"https:\/\/www.labrienville.org\/fr\/who-we-are-2\/","og_site_name":"L&#039;Abri en Ville","article_modified_time":"2025-02-28T17:50:06+00:00","og_image":[{"width":1024,"height":396,"url":"https:\/\/www.labrienville.org\/wp-content\/uploads\/2016\/08\/0_SliderheadingWho-we-are-1024x396.png","type":"image\/png"}],"twitter_card":"summary_large_image","twitter_misc":{"Dur\u00e9e de lecture estim\u00e9e":"5 minutes"},"schema":{"@context":"https:\/\/schema.org","@graph":[{"@type":"WebPage","@id":"https:\/\/www.labrienville.org\/fr\/who-we-are-2\/","url":"https:\/\/www.labrienville.org\/fr\/who-we-are-2\/","name":"Who we are - L&#039;Abri en Ville","isPartOf":{"@id":"https:\/\/www.labrienville.org\/fr\/#website"},"primaryImageOfPage":{"@id":"https:\/\/www.labrienville.org\/fr\/who-we-are-2\/#primaryimage"},"image":{"@id":"https:\/\/www.labrienville.org\/fr\/who-we-are-2\/#primaryimage"},"thumbnailUrl":"https:\/\/www.labrienville.org\/wp-content\/uploads\/2016\/08\/0_SliderheadingWho-we-are.png","datePublished":"2016-07-28T15:22:50+00:00","dateModified":"2025-02-28T17:50:06+00:00","breadcrumb":{"@id":"https:\/\/www.labrienville.org\/fr\/who-we-are-2\/#breadcrumb"},"inLanguage":"fr-FR","potentialAction":[{"@type":"ReadAction","target":["https:\/\/www.labrienville.org\/fr\/who-we-are-2\/"]}]},{"@type":"ImageObject","inLanguage":"fr-FR","@id":"https:\/\/www.labrienville.org\/fr\/who-we-are-2\/#primaryimage","url":"https:\/\/www.labrienville.org\/wp-content\/uploads\/2016\/08\/0_SliderheadingWho-we-are.png","contentUrl":"https:\/\/www.labrienville.org\/wp-content\/uploads\/2016\/08\/0_SliderheadingWho-we-are.png","width":1860,"height":720},{"@type":"BreadcrumbList","@id":"https:\/\/www.labrienville.org\/fr\/who-we-are-2\/#breadcrumb","itemListElement":[{"@type":"ListItem","position":1,"name":"Home","item":"https:\/\/www.labrienville.org\/fr\/"},{"@type":"ListItem","position":2,"name":"Who we are"}]},{"@type":"WebSite","@id":"https:\/\/www.labrienville.org\/fr\/#website","url":"https:\/\/www.labrienville.org\/fr\/","name":"L&#039;Abri en Ville","description":"","potentialAction":[{"@type":"SearchAction","target":{"@type":"EntryPoint","urlTemplate":"https:\/\/www.labrienville.org\/fr\/?s={search_term_string}"},"query-input":{"@type":"PropertyValueSpecification","valueRequired":true,"valueName":"search_term_string"}}],"inLanguage":"fr-FR"}]}},"_links":{"self":[{"href":"https:\/\/www.labrienville.org\/fr\/wp-json\/wp\/v2\/pages\/6082","targetHints":{"allow":["GET"]}}],"collection":[{"href":"https:\/\/www.labrienville.org\/fr\/wp-json\/wp\/v2\/pages"}],"about":[{"href":"https:\/\/www.labrienville.org\/fr\/wp-json\/wp\/v2\/types\/page"}],"author":[{"embeddable":true,"href":"https:\/\/www.labrienville.org\/fr\/wp-json\/wp\/v2\/users\/1"}],"replies":[{"embeddable":true,"href":"https:\/\/www.labrienville.org\/fr\/wp-json\/wp\/v2\/comments?post=6082"}],"version-history":[{"count":0,"href":"https:\/\/www.labrienville.org\/fr\/wp-json\/wp\/v2\/pages\/6082\/revisions"}],"wp:featuredmedia":[{"embeddable":true,"href":"https:\/\/www.labrienville.org\/fr\/wp-json\/wp\/v2\/media\/5518"}],"wp:attachment":[{"href":"https:\/\/www.labrienville.org\/fr\/wp-json\/wp\/v2\/media?parent=6082"}],"curies":[{"name":"wp","href":"https:\/\/api.w.org\/{rel}","templated":true}]}}