{"id":6095,"date":"2016-07-28T15:34:22","date_gmt":"2016-07-28T15:34:22","guid":{"rendered":"https:\/\/www.labrienville.org\/what-we-do-2\/"},"modified":"2025-02-26T15:53:47","modified_gmt":"2025-02-26T15:53:47","slug":"what-we-do-2","status":"publish","type":"page","link":"https:\/\/www.labrienville.org\/fr\/what-we-do-2\/","title":{"rendered":"What we do"},"content":{"rendered":"<div class=\"wpb-content-wrapper\">[vc_row full_width=\u00a0\u00bbstretch_row_content_no_spaces\u00a0\u00bb gap=\u00a0\u00bb25&Prime; bg_type=\u00a0\u00bbbg_color\u00a0\u00bb][vc_column][vc_row_inner][vc_column_inner][vc_custom_heading text=\u00a0\u00bbCE QUE NOUS FAISONS\u00a0\u00bb font_container=\u00a0\u00bbtag:h2|font_size:35px|text_align:center\u00a0\u00bb use_theme_fonts=\u00a0\u00bbyes\u00a0\u00bb css=\u00a0\u00bb\u00a0\u00bb][\/vc_column_inner][\/vc_row_inner][vc_row_inner equal_height=\u00a0\u00bbyes\u00a0\u00bb content_placement=\u00a0\u00bbmiddle\u00a0\u00bb gap=\u00a0\u00bb25&Prime; css=\u00a0\u00bb.vc_custom_1597862829073{background-color: #ffffff !important;}\u00a0\u00bb el_class=\u00a0\u00bbrr-padding rl-padding\u00a0\u00bb][vc_column_inner width=\u00a0\u00bb2\/3&Prime;][vc_video link=\u00a0\u00bbhttps:\/\/www.youtube.com\/watch?v=_hYiKzl0VVY&amp;feature=emb_title\u00a0\u00bb][vc_empty_space height=\u00a0\u00bb50px\u00a0\u00bb][\/vc_column_inner][vc_column_inner width=\u00a0\u00bb1\/3&Prime;][vc_column_text css=\u00a0\u00bb\u00a0\u00bb]L\u2019Abri en ville fournit un chez-soi stable au sein de la communaut\u00e9 \u00e0 des adultes aux prises avec des enjeux de sant\u00e9 mentale.\r\n\r\nUne fois par semaine, Nos coordonnatrices rencontrent les r\u00e9sidents et r\u00e9sidentes de chaque appartement pour faire le point et parler des activit\u00e9s \u00e0 venir.[\/vc_column_text][\/vc_column_inner][\/vc_row_inner][vc_row_inner equal_height=\u00a0\u00bbyes\u00a0\u00bb content_placement=\u00a0\u00bbmiddle\u00a0\u00bb gap=\u00a0\u00bb25&Prime; css=\u00a0\u00bb.vc_custom_1597765946268{background-color: #e4e3ea !important;}\u00a0\u00bb el_class=\u00a0\u00bbrr-padding rl-padding\u00a0\u00bb][vc_column_inner width=\u00a0\u00bb1\/3&Prime;][vc_column_text css=\u00a0\u00bb\u00a0\u00bb]\r\n<h2 style=\"text-align: center;\">NOTRE APPROCHE<\/h2>\r\nL\u2019Abri en Ville fournit un chez-soi stable au sein de la communaut\u00e9 \u00e0 des adultes aux prises avec des enjeux de sant\u00e9 mentale.\r\nL\u2019Abri loue, meuble et d\u00e9core des appartements de trois chambres \u00e0 coucher, qui sont habit\u00e9s par 3 personnes ayant pass\u00e9 par notre processus d\u2019entrevues.\r\n<a href=\"https:\/\/www.labrienville.org\/fr\/what-we-do-2\/our-approah\/\"> en savoir plus <\/a>[\/vc_column_text][\/vc_column_inner][vc_column_inner width=\u00a0\u00bb2\/3&Prime;][vc_single_image image=\u00a0\u00bb4654&Prime; img_size=\u00a0\u00bb945&#215;502&Prime; alignment=\u00a0\u00bbcenter\u00a0\u00bb onclick=\u00a0\u00bbcustom_link\u00a0\u00bb][\/vc_column_inner][\/vc_row_inner][vc_row_inner equal_height=\u00a0\u00bbyes\u00a0\u00bb content_placement=\u00a0\u00bbmiddle\u00a0\u00bb gap=\u00a0\u00bb25&Prime; css=\u00a0\u00bb.vc_custom_1597862829073{background-color: #ffffff !important;}\u00a0\u00bb el_class=\u00a0\u00bbrr-padding rl-padding\u00a0\u00bb][vc_column_inner width=\u00a0\u00bb2\/3&Prime;][vc_single_image image=\u00a0\u00bb4653&Prime; img_size=\u00a0\u00bb945&#215;502&Prime; alignment=\u00a0\u00bbcenter\u00a0\u00bb onclick=\u00a0\u00bbcustom_link\u00a0\u00bb][\/vc_column_inner][vc_column_inner width=\u00a0\u00bb1\/3&Prime;][vc_column_text css=\u00a0\u00bb\u00a0\u00bb]\r\n<h2 style=\"text-align: center;\">UNE COMMUNAUT\u00c9 \u00c0 B\u00c2TIR<\/h2>\r\nPour toute personne qui entre en contact avec L\u2019Abri, notre esprit communautaire saute aux yeux.\r\n\r\nAutant nos b\u00e9n\u00e9voles que nos r\u00e9sidents et r\u00e9sidentes appr\u00e9cient \u00e9norm\u00e9ment nos nombreuses activit\u00e9s, telles que nos f\u00eates d\u2019hiver, nos soir\u00e9es de jeux ou nos pique-niques annuels.\r\n\r\n\u2026 <a href=\"https:\/\/www.labrienville.org\/fr\/what-we-do-2\/how-we-build-a-community\/\">en savoir plus<\/a>[\/vc_column_text][\/vc_column_inner][\/vc_row_inner][vc_row_inner equal_height=\u00a0\u00bbyes\u00a0\u00bb content_placement=\u00a0\u00bbmiddle\u00a0\u00bb gap=\u00a0\u00bb25&Prime; css=\u00a0\u00bb.vc_custom_1597765946268{background-color: #e4e3ea !important;}\u00a0\u00bb el_class=\u00a0\u00bbrr-padding rl-padding\u00a0\u00bb][vc_column_inner width=\u00a0\u00bb1\/3&Prime;][vc_column_text css=\u00a0\u00bb\u00a0\u00bb]\r\n<h2 style=\"text-align: center;\">ALBUM PHOTOS<\/h2>\r\nExtrait des faits saillants administratifs \u2013 Rapport annuel 2015\r\nLes r\u00e9sidents et r\u00e9sidentes de L\u2019Abri appr\u00e9cient les sorties organis\u00e9es avec leurs \u00e9quipes de b\u00e9n\u00e9voles, soit pour souligner des occasions sp\u00e9ciales ou simplement pour profiter du grand air en bonne compagnie. Entre autres, des escapades au parc d\u2019Oka et \u00e0 la cabane \u00e0 sucre ont permis d\u2019\u00e9chapper \u00e0 la monotonie urbaine hivernale.\r\n<a href=\"https:\/\/www.labrienville.org\/fr\/what-we-do-2\/photo-gallery\/\">en savoir plus<\/a>[\/vc_column_text][\/vc_column_inner][vc_column_inner width=\u00a0\u00bb2\/3&Prime;][vc_single_image image=\u00a0\u00bb4655&Prime; img_size=\u00a0\u00bb945&#215;502&Prime; alignment=\u00a0\u00bbcenter\u00a0\u00bb onclick=\u00a0\u00bbcustom_link\u00a0\u00bb][\/vc_column_inner][\/vc_row_inner][\/vc_column][\/vc_row]<\/div>","protected":false},"excerpt":{"rendered":"[vc_row full_width=\u00a0\u00bbstretch_row_content_no_spaces\u00a0\u00bb gap=\u00a0\u00bb25&Prime; [&#8230;]","protected":false},"author":1,"featured_media":5476,"parent":0,"menu_order":22,"comment_status":"closed","ping_status":"closed","template":"","meta":{"_acf_changed":false,"footnotes":""},"class_list":["post-6095","page","type-page","status-publish","has-post-thumbnail","hentry"],"acf":[],"yoast_head":"<!-- This site is optimized with the Yoast SEO plugin v27.2 - https:\/\/yoast.com\/product\/yoast-seo-wordpress\/ -->\n<title>What we do - L&#039;Abri en Ville<\/title>\n<meta name=\"robots\" content=\"index, follow, max-snippet:-1, max-image-preview:large, max-video-preview:-1\" \/>\n<link rel=\"canonical\" href=\"https:\/\/www.labrienville.org\/fr\/what-we-do-2\/\" \/>\n<meta property=\"og:locale\" content=\"fr_FR\" \/>\n<meta property=\"og:type\" content=\"article\" \/>\n<meta property=\"og:title\" content=\"What we do - L&#039;Abri en Ville\" \/>\n<meta property=\"og:description\" content=\"[vc_row full_width=\u00a0\u00bbstretch_row_content_no_spaces\u00a0\u00bb gap=\u00a0\u00bb25&Prime; [...]\" \/>\n<meta property=\"og:url\" content=\"https:\/\/www.labrienville.org\/fr\/what-we-do-2\/\" \/>\n<meta property=\"og:site_name\" content=\"L&#039;Abri en Ville\" \/>\n<meta property=\"article:modified_time\" content=\"2025-02-26T15:53:47+00:00\" \/>\n<meta property=\"og:image\" content=\"https:\/\/www.labrienville.org\/wp-content\/uploads\/2016\/08\/1_Slider-Header-What-we-do.jpg\" \/>\n\t<meta property=\"og:image:width\" content=\"1860\" \/>\n\t<meta property=\"og:image:height\" content=\"720\" \/>\n\t<meta property=\"og:image:type\" content=\"image\/jpeg\" \/>\n<meta name=\"twitter:card\" content=\"summary_large_image\" \/>\n<meta name=\"twitter:label1\" content=\"Dur\u00e9e de lecture estim\u00e9e\" \/>\n\t<meta name=\"twitter:data1\" content=\"3 minutes\" \/>\n<script type=\"application\/ld+json\" class=\"yoast-schema-graph\">{\"@context\":\"https:\/\/schema.org\",\"@graph\":[{\"@type\":\"WebPage\",\"@id\":\"https:\/\/www.labrienville.org\/fr\/what-we-do-2\/\",\"url\":\"https:\/\/www.labrienville.org\/fr\/what-we-do-2\/\",\"name\":\"What we do - L&#039;Abri en Ville\",\"isPartOf\":{\"@id\":\"https:\/\/www.labrienville.org\/fr\/#website\"},\"primaryImageOfPage\":{\"@id\":\"https:\/\/www.labrienville.org\/fr\/what-we-do-2\/#primaryimage\"},\"image\":{\"@id\":\"https:\/\/www.labrienville.org\/fr\/what-we-do-2\/#primaryimage\"},\"thumbnailUrl\":\"https:\/\/www.labrienville.org\/wp-content\/uploads\/2016\/08\/1_Slider-Header-What-we-do.jpg\",\"datePublished\":\"2016-07-28T15:34:22+00:00\",\"dateModified\":\"2025-02-26T15:53:47+00:00\",\"breadcrumb\":{\"@id\":\"https:\/\/www.labrienville.org\/fr\/what-we-do-2\/#breadcrumb\"},\"inLanguage\":\"fr-FR\",\"potentialAction\":[{\"@type\":\"ReadAction\",\"target\":[\"https:\/\/www.labrienville.org\/fr\/what-we-do-2\/\"]}]},{\"@type\":\"ImageObject\",\"inLanguage\":\"fr-FR\",\"@id\":\"https:\/\/www.labrienville.org\/fr\/what-we-do-2\/#primaryimage\",\"url\":\"https:\/\/www.labrienville.org\/wp-content\/uploads\/2016\/08\/1_Slider-Header-What-we-do.jpg\",\"contentUrl\":\"https:\/\/www.labrienville.org\/wp-content\/uploads\/2016\/08\/1_Slider-Header-What-we-do.jpg\",\"width\":1860,\"height\":720},{\"@type\":\"BreadcrumbList\",\"@id\":\"https:\/\/www.labrienville.org\/fr\/what-we-do-2\/#breadcrumb\",\"itemListElement\":[{\"@type\":\"ListItem\",\"position\":1,\"name\":\"Home\",\"item\":\"https:\/\/www.labrienville.org\/fr\/\"},{\"@type\":\"ListItem\",\"position\":2,\"name\":\"What we do\"}]},{\"@type\":\"WebSite\",\"@id\":\"https:\/\/www.labrienville.org\/fr\/#website\",\"url\":\"https:\/\/www.labrienville.org\/fr\/\",\"name\":\"L&#039;Abri en Ville\",\"description\":\"\",\"potentialAction\":[{\"@type\":\"SearchAction\",\"target\":{\"@type\":\"EntryPoint\",\"urlTemplate\":\"https:\/\/www.labrienville.org\/fr\/?s={search_term_string}\"},\"query-input\":{\"@type\":\"PropertyValueSpecification\",\"valueRequired\":true,\"valueName\":\"search_term_string\"}}],\"inLanguage\":\"fr-FR\"}]}<\/script>\n<!-- \/ Yoast SEO plugin. -->","yoast_head_json":{"title":"What we do - L&#039;Abri en Ville","robots":{"index":"index","follow":"follow","max-snippet":"max-snippet:-1","max-image-preview":"max-image-preview:large","max-video-preview":"max-video-preview:-1"},"canonical":"https:\/\/www.labrienville.org\/fr\/what-we-do-2\/","og_locale":"fr_FR","og_type":"article","og_title":"What we do - L&#039;Abri en Ville","og_description":"[vc_row full_width=\u00a0\u00bbstretch_row_content_no_spaces\u00a0\u00bb gap=\u00a0\u00bb25&Prime; [...]","og_url":"https:\/\/www.labrienville.org\/fr\/what-we-do-2\/","og_site_name":"L&#039;Abri en Ville","article_modified_time":"2025-02-26T15:53:47+00:00","og_image":[{"width":1860,"height":720,"url":"https:\/\/www.labrienville.org\/wp-content\/uploads\/2016\/08\/1_Slider-Header-What-we-do.jpg","type":"image\/jpeg"}],"twitter_card":"summary_large_image","twitter_misc":{"Dur\u00e9e de lecture estim\u00e9e":"3 minutes"},"schema":{"@context":"https:\/\/schema.org","@graph":[{"@type":"WebPage","@id":"https:\/\/www.labrienville.org\/fr\/what-we-do-2\/","url":"https:\/\/www.labrienville.org\/fr\/what-we-do-2\/","name":"What we do - L&#039;Abri en Ville","isPartOf":{"@id":"https:\/\/www.labrienville.org\/fr\/#website"},"primaryImageOfPage":{"@id":"https:\/\/www.labrienville.org\/fr\/what-we-do-2\/#primaryimage"},"image":{"@id":"https:\/\/www.labrienville.org\/fr\/what-we-do-2\/#primaryimage"},"thumbnailUrl":"https:\/\/www.labrienville.org\/wp-content\/uploads\/2016\/08\/1_Slider-Header-What-we-do.jpg","datePublished":"2016-07-28T15:34:22+00:00","dateModified":"2025-02-26T15:53:47+00:00","breadcrumb":{"@id":"https:\/\/www.labrienville.org\/fr\/what-we-do-2\/#breadcrumb"},"inLanguage":"fr-FR","potentialAction":[{"@type":"ReadAction","target":["https:\/\/www.labrienville.org\/fr\/what-we-do-2\/"]}]},{"@type":"ImageObject","inLanguage":"fr-FR","@id":"https:\/\/www.labrienville.org\/fr\/what-we-do-2\/#primaryimage","url":"https:\/\/www.labrienville.org\/wp-content\/uploads\/2016\/08\/1_Slider-Header-What-we-do.jpg","contentUrl":"https:\/\/www.labrienville.org\/wp-content\/uploads\/2016\/08\/1_Slider-Header-What-we-do.jpg","width":1860,"height":720},{"@type":"BreadcrumbList","@id":"https:\/\/www.labrienville.org\/fr\/what-we-do-2\/#breadcrumb","itemListElement":[{"@type":"ListItem","position":1,"name":"Home","item":"https:\/\/www.labrienville.org\/fr\/"},{"@type":"ListItem","position":2,"name":"What we do"}]},{"@type":"WebSite","@id":"https:\/\/www.labrienville.org\/fr\/#website","url":"https:\/\/www.labrienville.org\/fr\/","name":"L&#039;Abri en Ville","description":"","potentialAction":[{"@type":"SearchAction","target":{"@type":"EntryPoint","urlTemplate":"https:\/\/www.labrienville.org\/fr\/?s={search_term_string}"},"query-input":{"@type":"PropertyValueSpecification","valueRequired":true,"valueName":"search_term_string"}}],"inLanguage":"fr-FR"}]}},"_links":{"self":[{"href":"https:\/\/www.labrienville.org\/fr\/wp-json\/wp\/v2\/pages\/6095","targetHints":{"allow":["GET"]}}],"collection":[{"href":"https:\/\/www.labrienville.org\/fr\/wp-json\/wp\/v2\/pages"}],"about":[{"href":"https:\/\/www.labrienville.org\/fr\/wp-json\/wp\/v2\/types\/page"}],"author":[{"embeddable":true,"href":"https:\/\/www.labrienville.org\/fr\/wp-json\/wp\/v2\/users\/1"}],"replies":[{"embeddable":true,"href":"https:\/\/www.labrienville.org\/fr\/wp-json\/wp\/v2\/comments?post=6095"}],"version-history":[{"count":0,"href":"https:\/\/www.labrienville.org\/fr\/wp-json\/wp\/v2\/pages\/6095\/revisions"}],"wp:featuredmedia":[{"embeddable":true,"href":"https:\/\/www.labrienville.org\/fr\/wp-json\/wp\/v2\/media\/5476"}],"wp:attachment":[{"href":"https:\/\/www.labrienville.org\/fr\/wp-json\/wp\/v2\/media?parent=6095"}],"curies":[{"name":"wp","href":"https:\/\/api.w.org\/{rel}","templated":true}]}}