{"id":6097,"date":"2011-12-20T19:49:15","date_gmt":"2011-12-20T19:49:15","guid":{"rendered":"https:\/\/www.labrienville.org\/what-we-do-2\/our-approah\/"},"modified":"2025-02-26T15:34:17","modified_gmt":"2025-02-26T15:34:17","slug":"our-approah","status":"publish","type":"page","link":"https:\/\/www.labrienville.org\/fr\/what-we-do-2\/our-approah\/","title":{"rendered":"Our approach"},"content":{"rendered":"<div class=\"wpb-content-wrapper\">[vc_row full_width=\u00a0\u00bbstretch_row_content_no_spaces\u00a0\u00bb gap=\u00a0\u00bb25&Prime; bg_type=\u00a0\u00bbbg_color\u00a0\u00bb][vc_column][vc_custom_heading text=\u00a0\u00bbNOTRE APPROCHE\u00a0\u00bb font_container=\u00a0\u00bbtag:h2|font_size:35px|text_align:center\u00a0\u00bb use_theme_fonts=\u00a0\u00bbyes\u00a0\u00bb css=\u00a0\u00bb\u00a0\u00bb][vc_row_inner el_class=\u00a0\u00bbrr-padding rl-padding\u00a0\u00bb][vc_column_inner][vc_column_text css=\u00a0\u00bb\u00a0\u00bb]\r\n<div class=\"wpb_text_column wpb_content_element \">\r\n<div class=\"wpb_wrapper\">\r\n\r\nL\u2019Abri en Ville fournit un chez-soi stable au sein de la communaut\u00e9 \u00e0 des adultes aux prises avec des enjeux de sant\u00e9 mentale.\r\n\r\nL\u2019Abri loue, meuble et d\u00e9core des appartements de trois chambres \u00e0 coucher, qui sont habit\u00e9s par 3 personnes ayant pass\u00e9 par notre processus d\u2019entrevues. Une personne \u00e0 la recherche d\u2019un logement peut nous en faire la demande directement. Toutefois, elles nous sont habituellement r\u00e9f\u00e9r\u00e9es par des membres de leur famille ou par des intervenant.e.s en sant\u00e9 mentale. Chaque r\u00e9sident ou r\u00e9sidente doit payer sa part du loyer et des services publics, ainsi que contribuer aux t\u00e2ches m\u00e9nag\u00e8res.\r\n\r\nNos b\u00e9n\u00e9voles aident nos clients \u00e0 fonctionner au quotidien (magasinage, budget, planification et pr\u00e9paration des repas, am\u00e9nagement de l\u2019espace, etc.) et \u00e0 b\u00e2tir des ponts avec la communaut\u00e9. En plus d\u2019accompagner notre client\u00e8le \u00e0 des activit\u00e9s sociales, chaque \u00e9quipe de b\u00e9n\u00e9voles rencontre sa coordonnatrice attitr\u00e9e tous les 4 \u00e0 6 semaines pour faire le point et planifier des sorties.\r\n\r\nDe plus, les r\u00e9sidents et r\u00e9sidentes ont des rencontres hebdomadaires et ponctuelles avec leur coordonnatrice. Notre client\u00e8le est encourag\u00e9e \u00e0 structurer sa vie quotidienne, par exemple en travaillant ou en faisant du b\u00e9n\u00e9volat \u00e0 temps partiel, en prenant des cours, ou en faisant de l\u2019activit\u00e9 physique. Un rythme de vie distinct s\u2019installe dans chaque appartement. Ainsi, les repas peuvent \u00eatre pr\u00e9par\u00e9s et mang\u00e9s ensemble ou individuellement.\r\n\r\nNotre client\u00e8le participe \u00e9galement \u00e0 la planification de sorties de groupe (quilles, f\u00eates saisonni\u00e8res, camping, ateliers, etc.), partiellement financ\u00e9es par la vente annuelle de cartes de souhaits, con\u00e7ues en groupe. Chaque activit\u00e9 est facultative, mais la participation est toujours encourag\u00e9e.\r\n\r\n<\/div>\r\n<\/div>\r\n[\/vc_column_text][vc_empty_space height=\u00a0\u00bb50px\u00a0\u00bb][\/vc_column_inner][\/vc_row_inner][\/vc_column][\/vc_row]<\/div>","protected":false},"excerpt":{"rendered":"[vc_row full_width=\u00a0\u00bbstretch_row_content_no_spaces\u00a0\u00bb gap=\u00a0\u00bb25&Prime; [&#8230;]","protected":false},"author":1,"featured_media":5487,"parent":6095,"menu_order":1,"comment_status":"closed","ping_status":"closed","template":"","meta":{"_acf_changed":false,"footnotes":""},"class_list":["post-6097","page","type-page","status-publish","has-post-thumbnail","hentry"],"acf":[],"yoast_head":"<!-- This site is optimized with the Yoast SEO plugin v27.2 - https:\/\/yoast.com\/product\/yoast-seo-wordpress\/ -->\n<title>Our approach - L&#039;Abri en Ville<\/title>\n<meta name=\"robots\" content=\"index, follow, max-snippet:-1, max-image-preview:large, max-video-preview:-1\" \/>\n<link rel=\"canonical\" href=\"https:\/\/www.labrienville.org\/fr\/what-we-do-2\/our-approah\/\" \/>\n<meta property=\"og:locale\" content=\"fr_FR\" \/>\n<meta property=\"og:type\" content=\"article\" \/>\n<meta property=\"og:title\" content=\"Our approach - L&#039;Abri en Ville\" \/>\n<meta property=\"og:description\" content=\"[vc_row full_width=\u00a0\u00bbstretch_row_content_no_spaces\u00a0\u00bb gap=\u00a0\u00bb25&Prime; [...]\" \/>\n<meta property=\"og:url\" content=\"https:\/\/www.labrienville.org\/fr\/what-we-do-2\/our-approah\/\" \/>\n<meta property=\"og:site_name\" content=\"L&#039;Abri en Ville\" \/>\n<meta property=\"article:modified_time\" content=\"2025-02-26T15:34:17+00:00\" \/>\n<meta property=\"og:image\" content=\"https:\/\/www.labrienville.org\/wp-content\/uploads\/2011\/12\/3Page-featured-image_What-we-do.jpg\" \/>\n\t<meta property=\"og:image:width\" content=\"1680\" \/>\n\t<meta property=\"og:image:height\" content=\"720\" \/>\n\t<meta property=\"og:image:type\" content=\"image\/jpeg\" \/>\n<meta name=\"twitter:card\" content=\"summary_large_image\" \/>\n<meta name=\"twitter:label1\" content=\"Dur\u00e9e de lecture estim\u00e9e\" \/>\n\t<meta name=\"twitter:data1\" content=\"2 minutes\" \/>\n<script type=\"application\/ld+json\" class=\"yoast-schema-graph\">{\"@context\":\"https:\/\/schema.org\",\"@graph\":[{\"@type\":\"WebPage\",\"@id\":\"https:\/\/www.labrienville.org\/fr\/what-we-do-2\/our-approah\/\",\"url\":\"https:\/\/www.labrienville.org\/fr\/what-we-do-2\/our-approah\/\",\"name\":\"Our approach - L&#039;Abri en Ville\",\"isPartOf\":{\"@id\":\"https:\/\/www.labrienville.org\/fr\/#website\"},\"primaryImageOfPage\":{\"@id\":\"https:\/\/www.labrienville.org\/fr\/what-we-do-2\/our-approah\/#primaryimage\"},\"image\":{\"@id\":\"https:\/\/www.labrienville.org\/fr\/what-we-do-2\/our-approah\/#primaryimage\"},\"thumbnailUrl\":\"https:\/\/www.labrienville.org\/wp-content\/uploads\/2011\/12\/3Page-featured-image_What-we-do.jpg\",\"datePublished\":\"2011-12-20T19:49:15+00:00\",\"dateModified\":\"2025-02-26T15:34:17+00:00\",\"breadcrumb\":{\"@id\":\"https:\/\/www.labrienville.org\/fr\/what-we-do-2\/our-approah\/#breadcrumb\"},\"inLanguage\":\"fr-FR\",\"potentialAction\":[{\"@type\":\"ReadAction\",\"target\":[\"https:\/\/www.labrienville.org\/fr\/what-we-do-2\/our-approah\/\"]}]},{\"@type\":\"ImageObject\",\"inLanguage\":\"fr-FR\",\"@id\":\"https:\/\/www.labrienville.org\/fr\/what-we-do-2\/our-approah\/#primaryimage\",\"url\":\"https:\/\/www.labrienville.org\/wp-content\/uploads\/2011\/12\/3Page-featured-image_What-we-do.jpg\",\"contentUrl\":\"https:\/\/www.labrienville.org\/wp-content\/uploads\/2011\/12\/3Page-featured-image_What-we-do.jpg\",\"width\":1680,\"height\":720,\"caption\":\"Community\"},{\"@type\":\"BreadcrumbList\",\"@id\":\"https:\/\/www.labrienville.org\/fr\/what-we-do-2\/our-approah\/#breadcrumb\",\"itemListElement\":[{\"@type\":\"ListItem\",\"position\":1,\"name\":\"Home\",\"item\":\"https:\/\/www.labrienville.org\/fr\/\"},{\"@type\":\"ListItem\",\"position\":2,\"name\":\"Our approach\"}]},{\"@type\":\"WebSite\",\"@id\":\"https:\/\/www.labrienville.org\/fr\/#website\",\"url\":\"https:\/\/www.labrienville.org\/fr\/\",\"name\":\"L&#039;Abri en Ville\",\"description\":\"\",\"potentialAction\":[{\"@type\":\"SearchAction\",\"target\":{\"@type\":\"EntryPoint\",\"urlTemplate\":\"https:\/\/www.labrienville.org\/fr\/?s={search_term_string}\"},\"query-input\":{\"@type\":\"PropertyValueSpecification\",\"valueRequired\":true,\"valueName\":\"search_term_string\"}}],\"inLanguage\":\"fr-FR\"}]}<\/script>\n<!-- \/ Yoast SEO plugin. -->","yoast_head_json":{"title":"Our approach - L&#039;Abri en Ville","robots":{"index":"index","follow":"follow","max-snippet":"max-snippet:-1","max-image-preview":"max-image-preview:large","max-video-preview":"max-video-preview:-1"},"canonical":"https:\/\/www.labrienville.org\/fr\/what-we-do-2\/our-approah\/","og_locale":"fr_FR","og_type":"article","og_title":"Our approach - L&#039;Abri en Ville","og_description":"[vc_row full_width=\u00a0\u00bbstretch_row_content_no_spaces\u00a0\u00bb gap=\u00a0\u00bb25&Prime; [...]","og_url":"https:\/\/www.labrienville.org\/fr\/what-we-do-2\/our-approah\/","og_site_name":"L&#039;Abri en Ville","article_modified_time":"2025-02-26T15:34:17+00:00","og_image":[{"width":1680,"height":720,"url":"https:\/\/www.labrienville.org\/wp-content\/uploads\/2011\/12\/3Page-featured-image_What-we-do.jpg","type":"image\/jpeg"}],"twitter_card":"summary_large_image","twitter_misc":{"Dur\u00e9e de lecture estim\u00e9e":"2 minutes"},"schema":{"@context":"https:\/\/schema.org","@graph":[{"@type":"WebPage","@id":"https:\/\/www.labrienville.org\/fr\/what-we-do-2\/our-approah\/","url":"https:\/\/www.labrienville.org\/fr\/what-we-do-2\/our-approah\/","name":"Our approach - L&#039;Abri en Ville","isPartOf":{"@id":"https:\/\/www.labrienville.org\/fr\/#website"},"primaryImageOfPage":{"@id":"https:\/\/www.labrienville.org\/fr\/what-we-do-2\/our-approah\/#primaryimage"},"image":{"@id":"https:\/\/www.labrienville.org\/fr\/what-we-do-2\/our-approah\/#primaryimage"},"thumbnailUrl":"https:\/\/www.labrienville.org\/wp-content\/uploads\/2011\/12\/3Page-featured-image_What-we-do.jpg","datePublished":"2011-12-20T19:49:15+00:00","dateModified":"2025-02-26T15:34:17+00:00","breadcrumb":{"@id":"https:\/\/www.labrienville.org\/fr\/what-we-do-2\/our-approah\/#breadcrumb"},"inLanguage":"fr-FR","potentialAction":[{"@type":"ReadAction","target":["https:\/\/www.labrienville.org\/fr\/what-we-do-2\/our-approah\/"]}]},{"@type":"ImageObject","inLanguage":"fr-FR","@id":"https:\/\/www.labrienville.org\/fr\/what-we-do-2\/our-approah\/#primaryimage","url":"https:\/\/www.labrienville.org\/wp-content\/uploads\/2011\/12\/3Page-featured-image_What-we-do.jpg","contentUrl":"https:\/\/www.labrienville.org\/wp-content\/uploads\/2011\/12\/3Page-featured-image_What-we-do.jpg","width":1680,"height":720,"caption":"Community"},{"@type":"BreadcrumbList","@id":"https:\/\/www.labrienville.org\/fr\/what-we-do-2\/our-approah\/#breadcrumb","itemListElement":[{"@type":"ListItem","position":1,"name":"Home","item":"https:\/\/www.labrienville.org\/fr\/"},{"@type":"ListItem","position":2,"name":"Our approach"}]},{"@type":"WebSite","@id":"https:\/\/www.labrienville.org\/fr\/#website","url":"https:\/\/www.labrienville.org\/fr\/","name":"L&#039;Abri en Ville","description":"","potentialAction":[{"@type":"SearchAction","target":{"@type":"EntryPoint","urlTemplate":"https:\/\/www.labrienville.org\/fr\/?s={search_term_string}"},"query-input":{"@type":"PropertyValueSpecification","valueRequired":true,"valueName":"search_term_string"}}],"inLanguage":"fr-FR"}]}},"_links":{"self":[{"href":"https:\/\/www.labrienville.org\/fr\/wp-json\/wp\/v2\/pages\/6097","targetHints":{"allow":["GET"]}}],"collection":[{"href":"https:\/\/www.labrienville.org\/fr\/wp-json\/wp\/v2\/pages"}],"about":[{"href":"https:\/\/www.labrienville.org\/fr\/wp-json\/wp\/v2\/types\/page"}],"author":[{"embeddable":true,"href":"https:\/\/www.labrienville.org\/fr\/wp-json\/wp\/v2\/users\/1"}],"replies":[{"embeddable":true,"href":"https:\/\/www.labrienville.org\/fr\/wp-json\/wp\/v2\/comments?post=6097"}],"version-history":[{"count":0,"href":"https:\/\/www.labrienville.org\/fr\/wp-json\/wp\/v2\/pages\/6097\/revisions"}],"up":[{"embeddable":true,"href":"https:\/\/www.labrienville.org\/fr\/wp-json\/wp\/v2\/pages\/6095"}],"wp:featuredmedia":[{"embeddable":true,"href":"https:\/\/www.labrienville.org\/fr\/wp-json\/wp\/v2\/media\/5487"}],"wp:attachment":[{"href":"https:\/\/www.labrienville.org\/fr\/wp-json\/wp\/v2\/media?parent=6097"}],"curies":[{"name":"wp","href":"https:\/\/api.w.org\/{rel}","templated":true}]}}