{"id":6099,"date":"2017-05-02T14:59:13","date_gmt":"2017-05-02T14:59:13","guid":{"rendered":"https:\/\/www.labrienville.org\/what-we-do-2\/how-we-build-a-community\/"},"modified":"2025-02-26T15:39:26","modified_gmt":"2025-02-26T15:39:26","slug":"how-we-build-a-community","status":"publish","type":"page","link":"https:\/\/www.labrienville.org\/fr\/what-we-do-2\/how-we-build-a-community\/","title":{"rendered":"How we Build a Community"},"content":{"rendered":"<div class=\"wpb-content-wrapper\">[vc_row full_width=\u00a0\u00bbstretch_row_content_no_spaces\u00a0\u00bb gap=\u00a0\u00bb25&Prime; bg_type=\u00a0\u00bbbg_color\u00a0\u00bb][vc_column][vc_custom_heading text=\u00a0\u00bbUNE COMMUNAUT\u00c9 \u00c0 B\u00c2TIR\u00a0\u00bb font_container=\u00a0\u00bbtag:h2|font_size:35px|text_align:center\u00a0\u00bb use_theme_fonts=\u00a0\u00bbyes\u00a0\u00bb css=\u00a0\u00bb\u00a0\u00bb][vc_row_inner el_class=\u00a0\u00bbrr-padding rl-padding\u00a0\u00bb][vc_column_inner][vc_column_text css=\u00a0\u00bb\u00a0\u00bb]Pour toute personne qui entre en contact avec L\u2019Abri, notre esprit communautaire saute aux yeux.\r\n\r\nAutant nos b\u00e9n\u00e9voles que nos r\u00e9sidents et r\u00e9sidentes appr\u00e9cient \u00e9norm\u00e9ment nos nombreuses activit\u00e9s, telles que nos f\u00eates d\u2019hiver, nos soir\u00e9es de jeux ou nos pique-niques annuels.\r\n\r\nChaque \u00e9t\u00e9 en ao\u00fbt, nous organisons une escapade \u00e0 l\u2019\u00cele Saint-Bernard, offrant ainsi \u00e0 la grande famille de L\u2019Abri une occasion de faire de la randonn\u00e9e, de la natation et du yoga, ou de tout simplement s\u2019\u00e9merveiller devant un majestueux coucher de soleil.\r\n\r\nCes activit\u00e9s communautaires sont au c\u0153ur de notre identit\u00e9 puisqu\u2019elles refl\u00e8tent notre engagement \u00e0 b\u00e2tir des liens durables dans un esprit de rassemblement, d\u2019\u00e9change et d\u2019entraide.[\/vc_column_text][vc_empty_space height=\u00a0\u00bb50px\u00a0\u00bb][\/vc_column_inner][\/vc_row_inner][\/vc_column][\/vc_row]<\/div>","protected":false},"excerpt":{"rendered":"[vc_row full_width=\u00a0\u00bbstretch_row_content_no_spaces\u00a0\u00bb gap=\u00a0\u00bb25&Prime; [&#8230;]","protected":false},"author":1,"featured_media":5490,"parent":6095,"menu_order":2,"comment_status":"closed","ping_status":"closed","template":"","meta":{"_acf_changed":false,"footnotes":""},"class_list":["post-6099","page","type-page","status-publish","has-post-thumbnail","hentry"],"acf":[],"yoast_head":"<!-- This site is optimized with the Yoast SEO plugin v27.2 - https:\/\/yoast.com\/product\/yoast-seo-wordpress\/ -->\n<title>How we Build a Community - L&#039;Abri en Ville<\/title>\n<meta name=\"robots\" content=\"index, follow, max-snippet:-1, max-image-preview:large, max-video-preview:-1\" \/>\n<link rel=\"canonical\" href=\"https:\/\/www.labrienville.org\/fr\/what-we-do-2\/how-we-build-a-community\/\" \/>\n<meta property=\"og:locale\" content=\"fr_FR\" \/>\n<meta property=\"og:type\" content=\"article\" \/>\n<meta property=\"og:title\" content=\"How we Build a Community - L&#039;Abri en Ville\" \/>\n<meta property=\"og:description\" content=\"[vc_row full_width=\u00a0\u00bbstretch_row_content_no_spaces\u00a0\u00bb gap=\u00a0\u00bb25&Prime; [...]\" \/>\n<meta property=\"og:url\" content=\"https:\/\/www.labrienville.org\/fr\/what-we-do-2\/how-we-build-a-community\/\" \/>\n<meta property=\"og:site_name\" content=\"L&#039;Abri en Ville\" \/>\n<meta property=\"article:modified_time\" content=\"2025-02-26T15:39:26+00:00\" \/>\n<meta property=\"og:image\" content=\"https:\/\/www.labrienville.org\/wp-content\/uploads\/2011\/12\/3Page-featured-image_Volunteering.jpg\" \/>\n\t<meta property=\"og:image:width\" content=\"1860\" \/>\n\t<meta property=\"og:image:height\" content=\"720\" \/>\n\t<meta property=\"og:image:type\" content=\"image\/jpeg\" \/>\n<meta name=\"twitter:card\" content=\"summary_large_image\" \/>\n<meta name=\"twitter:label1\" content=\"Dur\u00e9e de lecture estim\u00e9e\" \/>\n\t<meta name=\"twitter:data1\" content=\"1 minute\" \/>\n<script type=\"application\/ld+json\" class=\"yoast-schema-graph\">{\"@context\":\"https:\/\/schema.org\",\"@graph\":[{\"@type\":\"WebPage\",\"@id\":\"https:\/\/www.labrienville.org\/fr\/what-we-do-2\/how-we-build-a-community\/\",\"url\":\"https:\/\/www.labrienville.org\/fr\/what-we-do-2\/how-we-build-a-community\/\",\"name\":\"How we Build a Community - L&#039;Abri en Ville\",\"isPartOf\":{\"@id\":\"https:\/\/www.labrienville.org\/fr\/#website\"},\"primaryImageOfPage\":{\"@id\":\"https:\/\/www.labrienville.org\/fr\/what-we-do-2\/how-we-build-a-community\/#primaryimage\"},\"image\":{\"@id\":\"https:\/\/www.labrienville.org\/fr\/what-we-do-2\/how-we-build-a-community\/#primaryimage\"},\"thumbnailUrl\":\"https:\/\/www.labrienville.org\/wp-content\/uploads\/2011\/12\/3Page-featured-image_Volunteering.jpg\",\"datePublished\":\"2017-05-02T14:59:13+00:00\",\"dateModified\":\"2025-02-26T15:39:26+00:00\",\"breadcrumb\":{\"@id\":\"https:\/\/www.labrienville.org\/fr\/what-we-do-2\/how-we-build-a-community\/#breadcrumb\"},\"inLanguage\":\"fr-FR\",\"potentialAction\":[{\"@type\":\"ReadAction\",\"target\":[\"https:\/\/www.labrienville.org\/fr\/what-we-do-2\/how-we-build-a-community\/\"]}]},{\"@type\":\"ImageObject\",\"inLanguage\":\"fr-FR\",\"@id\":\"https:\/\/www.labrienville.org\/fr\/what-we-do-2\/how-we-build-a-community\/#primaryimage\",\"url\":\"https:\/\/www.labrienville.org\/wp-content\/uploads\/2011\/12\/3Page-featured-image_Volunteering.jpg\",\"contentUrl\":\"https:\/\/www.labrienville.org\/wp-content\/uploads\/2011\/12\/3Page-featured-image_Volunteering.jpg\",\"width\":1860,\"height\":720,\"caption\":\"Volunteering ...\"},{\"@type\":\"BreadcrumbList\",\"@id\":\"https:\/\/www.labrienville.org\/fr\/what-we-do-2\/how-we-build-a-community\/#breadcrumb\",\"itemListElement\":[{\"@type\":\"ListItem\",\"position\":1,\"name\":\"Home\",\"item\":\"https:\/\/www.labrienville.org\/fr\/\"},{\"@type\":\"ListItem\",\"position\":2,\"name\":\"How we Build a Community\"}]},{\"@type\":\"WebSite\",\"@id\":\"https:\/\/www.labrienville.org\/fr\/#website\",\"url\":\"https:\/\/www.labrienville.org\/fr\/\",\"name\":\"L&#039;Abri en Ville\",\"description\":\"\",\"potentialAction\":[{\"@type\":\"SearchAction\",\"target\":{\"@type\":\"EntryPoint\",\"urlTemplate\":\"https:\/\/www.labrienville.org\/fr\/?s={search_term_string}\"},\"query-input\":{\"@type\":\"PropertyValueSpecification\",\"valueRequired\":true,\"valueName\":\"search_term_string\"}}],\"inLanguage\":\"fr-FR\"}]}<\/script>\n<!-- \/ Yoast SEO plugin. -->","yoast_head_json":{"title":"How we Build a Community - L&#039;Abri en Ville","robots":{"index":"index","follow":"follow","max-snippet":"max-snippet:-1","max-image-preview":"max-image-preview:large","max-video-preview":"max-video-preview:-1"},"canonical":"https:\/\/www.labrienville.org\/fr\/what-we-do-2\/how-we-build-a-community\/","og_locale":"fr_FR","og_type":"article","og_title":"How we Build a Community - L&#039;Abri en Ville","og_description":"[vc_row full_width=\u00a0\u00bbstretch_row_content_no_spaces\u00a0\u00bb gap=\u00a0\u00bb25&Prime; [...]","og_url":"https:\/\/www.labrienville.org\/fr\/what-we-do-2\/how-we-build-a-community\/","og_site_name":"L&#039;Abri en Ville","article_modified_time":"2025-02-26T15:39:26+00:00","og_image":[{"width":1860,"height":720,"url":"https:\/\/www.labrienville.org\/wp-content\/uploads\/2011\/12\/3Page-featured-image_Volunteering.jpg","type":"image\/jpeg"}],"twitter_card":"summary_large_image","twitter_misc":{"Dur\u00e9e de lecture estim\u00e9e":"1 minute"},"schema":{"@context":"https:\/\/schema.org","@graph":[{"@type":"WebPage","@id":"https:\/\/www.labrienville.org\/fr\/what-we-do-2\/how-we-build-a-community\/","url":"https:\/\/www.labrienville.org\/fr\/what-we-do-2\/how-we-build-a-community\/","name":"How we Build a Community - L&#039;Abri en Ville","isPartOf":{"@id":"https:\/\/www.labrienville.org\/fr\/#website"},"primaryImageOfPage":{"@id":"https:\/\/www.labrienville.org\/fr\/what-we-do-2\/how-we-build-a-community\/#primaryimage"},"image":{"@id":"https:\/\/www.labrienville.org\/fr\/what-we-do-2\/how-we-build-a-community\/#primaryimage"},"thumbnailUrl":"https:\/\/www.labrienville.org\/wp-content\/uploads\/2011\/12\/3Page-featured-image_Volunteering.jpg","datePublished":"2017-05-02T14:59:13+00:00","dateModified":"2025-02-26T15:39:26+00:00","breadcrumb":{"@id":"https:\/\/www.labrienville.org\/fr\/what-we-do-2\/how-we-build-a-community\/#breadcrumb"},"inLanguage":"fr-FR","potentialAction":[{"@type":"ReadAction","target":["https:\/\/www.labrienville.org\/fr\/what-we-do-2\/how-we-build-a-community\/"]}]},{"@type":"ImageObject","inLanguage":"fr-FR","@id":"https:\/\/www.labrienville.org\/fr\/what-we-do-2\/how-we-build-a-community\/#primaryimage","url":"https:\/\/www.labrienville.org\/wp-content\/uploads\/2011\/12\/3Page-featured-image_Volunteering.jpg","contentUrl":"https:\/\/www.labrienville.org\/wp-content\/uploads\/2011\/12\/3Page-featured-image_Volunteering.jpg","width":1860,"height":720,"caption":"Volunteering ..."},{"@type":"BreadcrumbList","@id":"https:\/\/www.labrienville.org\/fr\/what-we-do-2\/how-we-build-a-community\/#breadcrumb","itemListElement":[{"@type":"ListItem","position":1,"name":"Home","item":"https:\/\/www.labrienville.org\/fr\/"},{"@type":"ListItem","position":2,"name":"How we Build a Community"}]},{"@type":"WebSite","@id":"https:\/\/www.labrienville.org\/fr\/#website","url":"https:\/\/www.labrienville.org\/fr\/","name":"L&#039;Abri en Ville","description":"","potentialAction":[{"@type":"SearchAction","target":{"@type":"EntryPoint","urlTemplate":"https:\/\/www.labrienville.org\/fr\/?s={search_term_string}"},"query-input":{"@type":"PropertyValueSpecification","valueRequired":true,"valueName":"search_term_string"}}],"inLanguage":"fr-FR"}]}},"_links":{"self":[{"href":"https:\/\/www.labrienville.org\/fr\/wp-json\/wp\/v2\/pages\/6099","targetHints":{"allow":["GET"]}}],"collection":[{"href":"https:\/\/www.labrienville.org\/fr\/wp-json\/wp\/v2\/pages"}],"about":[{"href":"https:\/\/www.labrienville.org\/fr\/wp-json\/wp\/v2\/types\/page"}],"author":[{"embeddable":true,"href":"https:\/\/www.labrienville.org\/fr\/wp-json\/wp\/v2\/users\/1"}],"replies":[{"embeddable":true,"href":"https:\/\/www.labrienville.org\/fr\/wp-json\/wp\/v2\/comments?post=6099"}],"version-history":[{"count":0,"href":"https:\/\/www.labrienville.org\/fr\/wp-json\/wp\/v2\/pages\/6099\/revisions"}],"up":[{"embeddable":true,"href":"https:\/\/www.labrienville.org\/fr\/wp-json\/wp\/v2\/pages\/6095"}],"wp:featuredmedia":[{"embeddable":true,"href":"https:\/\/www.labrienville.org\/fr\/wp-json\/wp\/v2\/media\/5490"}],"wp:attachment":[{"href":"https:\/\/www.labrienville.org\/fr\/wp-json\/wp\/v2\/media?parent=6099"}],"curies":[{"name":"wp","href":"https:\/\/api.w.org\/{rel}","templated":true}]}}