{"id":6102,"date":"2011-12-20T19:49:50","date_gmt":"2011-12-20T19:49:50","guid":{"rendered":"https:\/\/www.labrienville.org\/what-we-do-2\/photo-gallery\/"},"modified":"2025-02-26T15:52:54","modified_gmt":"2025-02-26T15:52:54","slug":"photo-gallery","status":"publish","type":"page","link":"https:\/\/www.labrienville.org\/fr\/what-we-do-2\/photo-gallery\/","title":{"rendered":"Photo gallery"},"content":{"rendered":"<div class=\"wpb-content-wrapper\">[vc_row full_width=\u00a0\u00bbstretch_row_content_no_spaces\u00a0\u00bb gap=\u00a0\u00bb25&Prime; bg_type=\u00a0\u00bbbg_color\u00a0\u00bb][vc_column][vc_custom_heading text=\u00a0\u00bbALBUM PHOTOS\u00a0\u00bb font_container=\u00a0\u00bbtag:h2|font_size:35px|text_align:center\u00a0\u00bb use_theme_fonts=\u00a0\u00bbyes\u00a0\u00bb css=\u00a0\u00bb\u00a0\u00bb][vc_row_inner el_class=\u00a0\u00bbrr-padding rl-padding\u00a0\u00bb][vc_column_inner][vc_column_text css=\u00a0\u00bb\u00a0\u00bb]<strong>Extrait des faits saillants administratifs \u2013 Rapport annuel 2015<\/strong>\r\n\r\nLes r\u00e9sidents et r\u00e9sidentes de L\u2019Abri appr\u00e9cient les sorties organis\u00e9es avec leurs \u00e9quipes de b\u00e9n\u00e9voles, soit pour souligner des occasions sp\u00e9ciales ou simplement pour profiter du grand air en bonne compagnie. Entre autres, des escapades au parc d\u2019Oka et \u00e0 la cabane \u00e0 sucre ont permis d\u2019\u00e9chapper \u00e0 la monotonie urbaine hivernale.\r\n\r\nComme d\u2019habitude, la famille de L\u2019Abri au grand complet a assist\u00e9 \u00e0 notre Assembl\u00e9e g\u00e9n\u00e9rale annuelle, \u00e0 notre souper de reconnaissance pour les b\u00e9n\u00e9voles et \u00e0 notre rassemblement des f\u00eates. En \u00e9t\u00e9, notre barbecue dans un bois\u00e9 du parc Angrignon a fait fureur, tout comme une toute nouvelle sortie de 2 jours dans un ancien couvent \u00e0 l\u2019\u00cele Saint-Bernard. Cette escapade a remplac\u00e9 notre s\u00e9jour habituel dans un camp des Laurentides, car plusieurs de nos r\u00e9sidents et r\u00e9sidentes, maintenant \u00e2g\u00e9s de 50 ans ou plus, pr\u00e9f\u00e9raient les chambres priv\u00e9es et les repas de caf\u00e9t\u00e9ria du couvent aux lits superpos\u00e9s et aux t\u00e2ches de nettoyage du camp. De plus, puisque la sortie a eu lieu en ao\u00fbt plut\u00f4t qu\u2019en septembre, le temps \u00e9tait plus cl\u00e9ment pour la baignade et les promenades en bateau.\r\n\r\n[\/vc_column_text][vc_empty_space height=\u00a0\u00bb50px\u00a0\u00bb][\/vc_column_inner][\/vc_row_inner][\/vc_column][\/vc_row][vc_row][vc_column width=\u00a0\u00bb1\/3&Prime;]<span id=\"creative-link-wrap-7470\" class=\"ult_main_cl ult-adjust-bottom-margin  \" >\n\t \t\t\t<span class=\"  ult_crlink\" >\n\t\t\t\t\t<a  data-ultimate-target='#creative-link-wrap-7470 .ult_colorlink'  data-responsive-json-new='{\"font-size\":\"\",\"line-height\":\"\"}'  href=\"https:\/\/www.labrienville.org\/galerie-photos\/apartments\/\" title=\"Apartements\"  class=\"ult_colorlink ult-responsive \" style=\"font-weight:normal; \"  data-textcolor=\"#333333\" data-texthover=\"#333333\"data-style=\"\">\n\t\t\t\t\t\t\n\t\t\t\t\t\t<span data-hover=\"Apartments\" style=\"color:#333333;;;\" class=\"ult_btn10_span   \">Apartments<\/span>\n\t\t\t\t\t\t\n\t\t\t\t\t<\/a>\n\t\t\t\t<\/span>\n\t\t\t<\/span>[\/vc_column][vc_column width=\u00a0\u00bb1\/3&Prime;]<span id=\"creative-link-wrap-3716\" class=\"ult_main_cl ult-adjust-bottom-margin  \" >\n\t \t\t\t<span class=\"  ult_crlink\" >\n\t\t\t\t\t<a  data-ultimate-target='#creative-link-wrap-3716 .ult_colorlink'  data-responsive-json-new='{\"font-size\":\"\",\"line-height\":\"\"}'  href=\"https:\/\/www.labrienville.org\/what-we-do-2\/photo-gallery\/activities\/\" title=\"Apartements\"  class=\"ult_colorlink ult-responsive \" style=\"font-weight:normal; \"  data-textcolor=\"#333333\" data-texthover=\"#333333\"data-style=\"\">\n\t\t\t\t\t\t\n\t\t\t\t\t\t<span data-hover=\"Activities\" style=\"color:#333333;;;\" class=\"ult_btn10_span   \">Activities<\/span>\n\t\t\t\t\t\t\n\t\t\t\t\t<\/a>\n\t\t\t\t<\/span>\n\t\t\t<\/span>[\/vc_column][vc_column width=\u00a0\u00bb1\/3&Prime;]<span id=\"creative-link-wrap-4705\" class=\"ult_main_cl ult-adjust-bottom-margin  \" >\n\t \t\t\t<span class=\"  ult_crlink\" >\n\t\t\t\t\t<a  data-ultimate-target='#creative-link-wrap-4705 .ult_colorlink'  data-responsive-json-new='{\"font-size\":\"\",\"line-height\":\"\"}'  href=\"https:\/\/www.labrienville.org\/what-we-do-2\/photo-gallery\/trips\/\" title=\"Apartements\"  class=\"ult_colorlink ult-responsive \" style=\"font-weight:normal; \"  data-textcolor=\"#333333\" data-texthover=\"#333333\"data-style=\"\">\n\t\t\t\t\t\t\n\t\t\t\t\t\t<span data-hover=\"Trips &amp; Outings\" style=\"color:#333333;;;\" class=\"ult_btn10_span   \">Trips &amp; Outings<\/span>\n\t\t\t\t\t\t\n\t\t\t\t\t<\/a>\n\t\t\t\t<\/span>\n\t\t\t<\/span>[\/vc_column][\/vc_row]<\/div>","protected":false},"excerpt":{"rendered":"[vc_row full_width=\u00a0\u00bbstretch_row_content_no_spaces\u00a0\u00bb gap=\u00a0\u00bb25&Prime; [&#8230;]","protected":false},"author":1,"featured_media":6008,"parent":6095,"menu_order":3,"comment_status":"closed","ping_status":"closed","template":"","meta":{"_acf_changed":false,"footnotes":""},"class_list":["post-6102","page","type-page","status-publish","has-post-thumbnail","hentry"],"acf":[],"yoast_head":"<!-- This site is optimized with the Yoast SEO plugin v27.4 - https:\/\/yoast.com\/product\/yoast-seo-wordpress\/ -->\n<title>Photo gallery - L&#039;Abri en Ville<\/title>\n<meta name=\"robots\" content=\"index, follow, max-snippet:-1, max-image-preview:large, max-video-preview:-1\" \/>\n<link rel=\"canonical\" href=\"https:\/\/www.labrienville.org\/fr\/what-we-do-2\/photo-gallery\/\" \/>\n<meta property=\"og:locale\" content=\"fr_FR\" \/>\n<meta property=\"og:type\" content=\"article\" \/>\n<meta property=\"og:title\" content=\"Photo gallery - L&#039;Abri en Ville\" \/>\n<meta property=\"og:description\" content=\"[vc_row full_width=\u00a0\u00bbstretch_row_content_no_spaces\u00a0\u00bb gap=\u00a0\u00bb25&Prime; [...]\" \/>\n<meta property=\"og:url\" content=\"https:\/\/www.labrienville.org\/fr\/what-we-do-2\/photo-gallery\/\" \/>\n<meta property=\"og:site_name\" content=\"L&#039;Abri en Ville\" \/>\n<meta property=\"article:modified_time\" content=\"2025-02-26T15:52:54+00:00\" \/>\n<meta property=\"og:image\" content=\"https:\/\/www.labrienville.org\/wp-content\/uploads\/2020\/08\/header.jpg\" \/>\n\t<meta property=\"og:image:width\" content=\"1750\" \/>\n\t<meta property=\"og:image:height\" content=\"588\" \/>\n\t<meta property=\"og:image:type\" content=\"image\/jpeg\" \/>\n<meta name=\"twitter:card\" content=\"summary_large_image\" \/>\n<meta name=\"twitter:label1\" content=\"Dur\u00e9e de lecture estim\u00e9e\" \/>\n\t<meta name=\"twitter:data1\" content=\"2 minutes\" \/>\n<script type=\"application\/ld+json\" class=\"yoast-schema-graph\">{\"@context\":\"https:\\\/\\\/schema.org\",\"@graph\":[{\"@type\":\"WebPage\",\"@id\":\"https:\\\/\\\/www.labrienville.org\\\/fr\\\/what-we-do-2\\\/photo-gallery\\\/\",\"url\":\"https:\\\/\\\/www.labrienville.org\\\/fr\\\/what-we-do-2\\\/photo-gallery\\\/\",\"name\":\"Photo gallery - L&#039;Abri en Ville\",\"isPartOf\":{\"@id\":\"https:\\\/\\\/www.labrienville.org\\\/fr\\\/#website\"},\"primaryImageOfPage\":{\"@id\":\"https:\\\/\\\/www.labrienville.org\\\/fr\\\/what-we-do-2\\\/photo-gallery\\\/#primaryimage\"},\"image\":{\"@id\":\"https:\\\/\\\/www.labrienville.org\\\/fr\\\/what-we-do-2\\\/photo-gallery\\\/#primaryimage\"},\"thumbnailUrl\":\"https:\\\/\\\/www.labrienville.org\\\/wp-content\\\/uploads\\\/2020\\\/08\\\/header.jpg\",\"datePublished\":\"2011-12-20T19:49:50+00:00\",\"dateModified\":\"2025-02-26T15:52:54+00:00\",\"breadcrumb\":{\"@id\":\"https:\\\/\\\/www.labrienville.org\\\/fr\\\/what-we-do-2\\\/photo-gallery\\\/#breadcrumb\"},\"inLanguage\":\"fr-FR\",\"potentialAction\":[{\"@type\":\"ReadAction\",\"target\":[\"https:\\\/\\\/www.labrienville.org\\\/fr\\\/what-we-do-2\\\/photo-gallery\\\/\"]}]},{\"@type\":\"ImageObject\",\"inLanguage\":\"fr-FR\",\"@id\":\"https:\\\/\\\/www.labrienville.org\\\/fr\\\/what-we-do-2\\\/photo-gallery\\\/#primaryimage\",\"url\":\"https:\\\/\\\/www.labrienville.org\\\/wp-content\\\/uploads\\\/2020\\\/08\\\/header.jpg\",\"contentUrl\":\"https:\\\/\\\/www.labrienville.org\\\/wp-content\\\/uploads\\\/2020\\\/08\\\/header.jpg\",\"width\":1750,\"height\":588},{\"@type\":\"BreadcrumbList\",\"@id\":\"https:\\\/\\\/www.labrienville.org\\\/fr\\\/what-we-do-2\\\/photo-gallery\\\/#breadcrumb\",\"itemListElement\":[{\"@type\":\"ListItem\",\"position\":1,\"name\":\"Home\",\"item\":\"https:\\\/\\\/www.labrienville.org\\\/fr\\\/\"},{\"@type\":\"ListItem\",\"position\":2,\"name\":\"Photo gallery\"}]},{\"@type\":\"WebSite\",\"@id\":\"https:\\\/\\\/www.labrienville.org\\\/fr\\\/#website\",\"url\":\"https:\\\/\\\/www.labrienville.org\\\/fr\\\/\",\"name\":\"L&#039;Abri en Ville\",\"description\":\"\",\"potentialAction\":[{\"@type\":\"SearchAction\",\"target\":{\"@type\":\"EntryPoint\",\"urlTemplate\":\"https:\\\/\\\/www.labrienville.org\\\/fr\\\/?s={search_term_string}\"},\"query-input\":{\"@type\":\"PropertyValueSpecification\",\"valueRequired\":true,\"valueName\":\"search_term_string\"}}],\"inLanguage\":\"fr-FR\"}]}<\/script>\n<!-- \/ Yoast SEO plugin. -->","yoast_head_json":{"title":"Photo gallery - L&#039;Abri en Ville","robots":{"index":"index","follow":"follow","max-snippet":"max-snippet:-1","max-image-preview":"max-image-preview:large","max-video-preview":"max-video-preview:-1"},"canonical":"https:\/\/www.labrienville.org\/fr\/what-we-do-2\/photo-gallery\/","og_locale":"fr_FR","og_type":"article","og_title":"Photo gallery - L&#039;Abri en Ville","og_description":"[vc_row full_width=\u00a0\u00bbstretch_row_content_no_spaces\u00a0\u00bb gap=\u00a0\u00bb25&Prime; [...]","og_url":"https:\/\/www.labrienville.org\/fr\/what-we-do-2\/photo-gallery\/","og_site_name":"L&#039;Abri en Ville","article_modified_time":"2025-02-26T15:52:54+00:00","og_image":[{"width":1750,"height":588,"url":"https:\/\/www.labrienville.org\/wp-content\/uploads\/2020\/08\/header.jpg","type":"image\/jpeg"}],"twitter_card":"summary_large_image","twitter_misc":{"Dur\u00e9e de lecture estim\u00e9e":"2 minutes"},"schema":{"@context":"https:\/\/schema.org","@graph":[{"@type":"WebPage","@id":"https:\/\/www.labrienville.org\/fr\/what-we-do-2\/photo-gallery\/","url":"https:\/\/www.labrienville.org\/fr\/what-we-do-2\/photo-gallery\/","name":"Photo gallery - L&#039;Abri en Ville","isPartOf":{"@id":"https:\/\/www.labrienville.org\/fr\/#website"},"primaryImageOfPage":{"@id":"https:\/\/www.labrienville.org\/fr\/what-we-do-2\/photo-gallery\/#primaryimage"},"image":{"@id":"https:\/\/www.labrienville.org\/fr\/what-we-do-2\/photo-gallery\/#primaryimage"},"thumbnailUrl":"https:\/\/www.labrienville.org\/wp-content\/uploads\/2020\/08\/header.jpg","datePublished":"2011-12-20T19:49:50+00:00","dateModified":"2025-02-26T15:52:54+00:00","breadcrumb":{"@id":"https:\/\/www.labrienville.org\/fr\/what-we-do-2\/photo-gallery\/#breadcrumb"},"inLanguage":"fr-FR","potentialAction":[{"@type":"ReadAction","target":["https:\/\/www.labrienville.org\/fr\/what-we-do-2\/photo-gallery\/"]}]},{"@type":"ImageObject","inLanguage":"fr-FR","@id":"https:\/\/www.labrienville.org\/fr\/what-we-do-2\/photo-gallery\/#primaryimage","url":"https:\/\/www.labrienville.org\/wp-content\/uploads\/2020\/08\/header.jpg","contentUrl":"https:\/\/www.labrienville.org\/wp-content\/uploads\/2020\/08\/header.jpg","width":1750,"height":588},{"@type":"BreadcrumbList","@id":"https:\/\/www.labrienville.org\/fr\/what-we-do-2\/photo-gallery\/#breadcrumb","itemListElement":[{"@type":"ListItem","position":1,"name":"Home","item":"https:\/\/www.labrienville.org\/fr\/"},{"@type":"ListItem","position":2,"name":"Photo gallery"}]},{"@type":"WebSite","@id":"https:\/\/www.labrienville.org\/fr\/#website","url":"https:\/\/www.labrienville.org\/fr\/","name":"L&#039;Abri en Ville","description":"","potentialAction":[{"@type":"SearchAction","target":{"@type":"EntryPoint","urlTemplate":"https:\/\/www.labrienville.org\/fr\/?s={search_term_string}"},"query-input":{"@type":"PropertyValueSpecification","valueRequired":true,"valueName":"search_term_string"}}],"inLanguage":"fr-FR"}]}},"_links":{"self":[{"href":"https:\/\/www.labrienville.org\/fr\/wp-json\/wp\/v2\/pages\/6102","targetHints":{"allow":["GET"]}}],"collection":[{"href":"https:\/\/www.labrienville.org\/fr\/wp-json\/wp\/v2\/pages"}],"about":[{"href":"https:\/\/www.labrienville.org\/fr\/wp-json\/wp\/v2\/types\/page"}],"author":[{"embeddable":true,"href":"https:\/\/www.labrienville.org\/fr\/wp-json\/wp\/v2\/users\/1"}],"replies":[{"embeddable":true,"href":"https:\/\/www.labrienville.org\/fr\/wp-json\/wp\/v2\/comments?post=6102"}],"version-history":[{"count":0,"href":"https:\/\/www.labrienville.org\/fr\/wp-json\/wp\/v2\/pages\/6102\/revisions"}],"up":[{"embeddable":true,"href":"https:\/\/www.labrienville.org\/fr\/wp-json\/wp\/v2\/pages\/6095"}],"wp:featuredmedia":[{"embeddable":true,"href":"https:\/\/www.labrienville.org\/fr\/wp-json\/wp\/v2\/media\/6008"}],"wp:attachment":[{"href":"https:\/\/www.labrienville.org\/fr\/wp-json\/wp\/v2\/media?parent=6102"}],"curies":[{"name":"wp","href":"https:\/\/api.w.org\/{rel}","templated":true}]}}