{"id":6110,"date":"2011-12-20T19:38:57","date_gmt":"2011-12-20T19:38:57","guid":{"rendered":"https:\/\/www.labrienville.org\/how-you-can-help-2\/donating\/"},"modified":"2025-02-26T16:07:31","modified_gmt":"2025-02-26T16:07:31","slug":"donating","status":"publish","type":"page","link":"https:\/\/www.labrienville.org\/fr\/how-you-can-help-2\/donating\/","title":{"rendered":"Donating"},"content":{"rendered":"<div class=\"wpb-content-wrapper\">[vc_row full_width=\u00a0\u00bbstretch_row_content_no_spaces\u00a0\u00bb bg_type=\u00a0\u00bbbg_color\u00a0\u00bb][vc_column][vc_custom_heading text=\u00a0\u00bbFAIRE UN DON\u00a0\u00bb font_container=\u00a0\u00bbtag:h2|font_size:35px|text_align:center\u00a0\u00bb use_theme_fonts=\u00a0\u00bbyes\u00a0\u00bb css=\u00a0\u00bb\u00a0\u00bb][vc_row_inner el_class=\u00a0\u00bbrr-padding rl-padding\u00a0\u00bb][vc_column_inner][vc_column_text css=\u00a0\u00bb\u00a0\u00bb]\r\n<p style=\"text-align: center;\">On pourrait dire que L\u2019Abri en Ville se concentre sur l\u2019essentiel\u00a0: l\u2019h\u00e9bergement, la nourriture, la bienveillance. Il s\u2019agit l\u00e0 de pr\u00e9occupations bien ordinaires, mais qui font toute la diff\u00e9rence.<\/p>\r\n<p style=\"text-align: center;\">R\u00e9cemment, un de nos r\u00e9sidents nous partageait ses premi\u00e8res impressions apr\u00e8s s\u2019\u00eatre joint \u00e0 L\u2019Abri. Il se demandait pourquoi cette soudaine pr\u00e9occupation pour des gens qui sont souvent exclus, n\u00e9glig\u00e9s ou ridiculis\u00e9s. \u00ab\u00a0Ici, se disait-il, nous sommes valoris\u00e9s.\u00a0\u00bb<\/p>\r\n<p style=\"text-align: center;\">Depuis 25 ans, nous avons aid\u00e9 des centaines de gens \u00e0 vivre une vie plus valorisante. En cours de route, nous avons beaucoup \u00e9volu\u00e9. Par exemple, nous avons r\u00e9cemment franchi un grand pas en achetant un condo pr\u00e8s du centre-ville qui nous servira \u00e0 la fois de bureau et de lieu de rassemblement. Nous croyons que cette initiative nous permettra d\u2019\u00e9largir nos horizons.<\/p>\r\n<p style=\"text-align: center;\">En appuyant L\u2019Abri, vous ferez partie d\u2019une grande \u00e9quipe qui aide nos r\u00e9sidents et r\u00e9sidentes \u00e0 surmonter leurs d\u00e9fis quotidiens.<\/p>\r\n[\/vc_column_text][vc_empty_space height=\u00a0\u00bb50px\u00a0\u00bb][\/vc_column_inner][\/vc_row_inner][vc_row_inner equal_height=\u00a0\u00bbyes\u00a0\u00bb content_placement=\u00a0\u00bbmiddle\u00a0\u00bb gap=\u00a0\u00bb25&Prime; el_class=\u00a0\u00bbrr-padding rl-padding\u00a0\u00bb css=\u00a0\u00bb.vc_custom_1598294226031{background-color: #e4e3ea !important;}\u00a0\u00bb][vc_column_inner][vc_column_text css=\u00a0\u00bb\u00a0\u00bb]\r\n<h2 style=\"text-align: center;\"><strong>DE NOMBREUSES FA\u00c7ONS DE NOUS APPUYER<\/strong><\/h2>\r\n[\/vc_column_text][\/vc_column_inner][\/vc_row_inner][vc_row_inner equal_height=\u00a0\u00bbyes\u00a0\u00bb content_placement=\u00a0\u00bbmiddle\u00a0\u00bb gap=\u00a0\u00bb25&Prime; css=\u00a0\u00bb.vc_custom_1598294248667{margin-top: -35px !important;background-color: #e4e3ea !important;}\u00a0\u00bb el_class=\u00a0\u00bbrr-padding rl-padding\u00a0\u00bb][vc_column_inner width=\u00a0\u00bb1\/3&Prime;][vc_column_text css=\u00a0\u00bb\u00a0\u00bb]\r\n<p style=\"text-align: center;\">Vous pouvez faire un don en toute s\u00e9curit\u00e9 par carte de cr\u00e9dit, PayPal ou carte de d\u00e9bit, par l\u2019entremise de CanaDon, sur la page web de\u00a0<a href=\"https:\/\/www.canadahelps.org\/en\/dn\/28420\" target=\"_blank\" rel=\"noopener\">L\u2019Abri en Ville<\/a>.<\/p>\r\n[\/vc_column_text][vc_column_text css=\u00a0\u00bb\u00a0\u00bb]<strong>Vous pouvez aussi envoyer un ch\u00e8que \u00e0 :<\/strong>\r\n\r\nL\u2019Abri en Ville,\u00a02352, rue Duvernay,\u00a0Montr\u00e9al QC\u00a0H3J 2X1\r\nou faire un don par t\u00e9l\u00e9phone au 514 932-2199.\r\n<em>L\u2019Abri en Ville est une organisme de bienfaisance enregistr\u00e9 : BN89150 9572\u00a0 RR0001<\/em>[\/vc_column_text][vc_single_image image=\u00a0\u00bb4682&Prime; img_size=\u00a0\u00bbfull\u00a0\u00bb alignment=\u00a0\u00bbcenter\u00a0\u00bb][\/vc_column_inner][vc_column_inner width=\u00a0\u00bb2\/3&Prime;][vc_single_image image=\u00a0\u00bb4885&Prime; img_size=\u00a0\u00bb945&#215;502&Prime; alignment=\u00a0\u00bbcenter\u00a0\u00bb onclick=\u00a0\u00bbcustom_link\u00a0\u00bb][\/vc_column_inner][\/vc_row_inner][vc_row_inner equal_height=\u00a0\u00bbyes\u00a0\u00bb content_placement=\u00a0\u00bbmiddle\u00a0\u00bb gap=\u00a0\u00bb25&Prime; css=\u00a0\u00bb.vc_custom_1598295880389{background-color: #0e826e !important;}\u00a0\u00bb el_class=\u00a0\u00bbrr-padding rl-padding\u00a0\u00bb][vc_column_inner][vc_column_text]\r\n<p style=\"text-align: center;\"><strong><span style=\"color: #ffffff;\">If\u00a0you wish you may\u00a0send a cheque to :<\/span><\/strong><\/p>\r\n<p style=\"text-align: center;\"><span style=\"color: #ffffff;\">L\u2019Abri en Ville,\u00a02352 Duvernay Street,\u00a0Montreal QC\u00a0H3J 2X1<\/span><\/p>\r\n<p style=\"text-align: center;\"><span style=\"color: #ffffff;\">or call us with credit card info at 514 932-2199<\/span><\/p>\r\n<p style=\"text-align: center;\"><span style=\"color: #ffffff;\"><em>L\u2019Abri en Ville is a registered charity. \u00a0Enregistrement \/Registration: BN89150 9572\u00a0 RR0001<\/em><\/span><\/p>\r\n[\/vc_column_text][vc_empty_space height=\u00a0\u00bb15px\u00a0\u00bb][\/vc_column_inner][\/vc_row_inner][vc_row_inner equal_height=\u00a0\u00bbyes\u00a0\u00bb content_placement=\u00a0\u00bbmiddle\u00a0\u00bb gap=\u00a0\u00bb25&Prime; el_class=\u00a0\u00bbrr-padding rl-padding\u00a0\u00bb][vc_column_inner width=\u00a0\u00bb1\/3&Prime;][vc_column_text css=\u00a0\u00bb\u00a0\u00bb]\r\n<h2 style=\"text-align: center;\">ENCORE D\u2019AUTRES FA\u00c7ONS DE NOUS APPUYER<\/h2>\r\nL\u2019Abri en Ville a particip\u00e9 \u00e0 la mise sur pied de \u00ab\u00a0Montr\u00e9al marche pour la sant\u00e9 mentale\u00a0\u00bb, une marche annuelle organis\u00e9e pour d\u00e9stigmatiser la maladie mentale. Vous pouvez commanditer un marcheur ou une marcheuse, ou encore venir marcher avec nous en octobre. Pour en savoir davantage, veuillez cliquer ici.[\/vc_column_text][\/vc_column_inner][vc_column_inner width=\u00a0\u00bb2\/3&Prime;][vc_single_image image=\u00a0\u00bb2319&Prime; img_size=\u00a0\u00bbfull\u00a0\u00bb alignment=\u00a0\u00bbcenter\u00a0\u00bb onclick=\u00a0\u00bbcustom_link\u00a0\u00bb][\/vc_column_inner][\/vc_row_inner][\/vc_column][\/vc_row][vc_row full_width=\u00a0\u00bbstretch_row_content_no_spaces\u00a0\u00bb][vc_column][vc_media_grid element_width=\u00a0\u00bb2&Prime; gap=\u00a0\u00bb10&Prime; grid_id=\u00a0\u00bbvc_gid:1740585992237-5c7f6c83-3b79-2&Prime; include=\u00a0\u00bb2321,2322,2323,2324,2325,2316&Prime;][\/vc_column][\/vc_row]<\/div>","protected":false},"excerpt":{"rendered":"[vc_row full_width=\u00a0\u00bbstretch_row_content_no_spaces\u00a0\u00bb bg_type=\u00a0\u00bbbg_color\u00a0\u00bb][vc_column][vc_custom_heading [&#8230;]","protected":false},"author":1,"featured_media":6015,"parent":6108,"menu_order":3,"comment_status":"closed","ping_status":"closed","template":"","meta":{"_acf_changed":false,"footnotes":""},"class_list":["post-6110","page","type-page","status-publish","has-post-thumbnail","hentry"],"acf":[],"yoast_head":"<!-- This site is optimized with the Yoast SEO plugin v27.3 - https:\/\/yoast.com\/product\/yoast-seo-wordpress\/ -->\n<title>Donating - L&#039;Abri en Ville<\/title>\n<meta name=\"robots\" content=\"index, follow, max-snippet:-1, max-image-preview:large, max-video-preview:-1\" \/>\n<link rel=\"canonical\" href=\"https:\/\/www.labrienville.org\/fr\/how-you-can-help-2\/donating\/\" \/>\n<meta property=\"og:locale\" content=\"fr_FR\" \/>\n<meta property=\"og:type\" content=\"article\" \/>\n<meta property=\"og:title\" content=\"Donating - L&#039;Abri en Ville\" \/>\n<meta property=\"og:description\" content=\"[vc_row full_width=\u00a0\u00bbstretch_row_content_no_spaces\u00a0\u00bb bg_type=\u00a0\u00bbbg_color\u00a0\u00bb][vc_column][vc_custom_heading [...]\" \/>\n<meta property=\"og:url\" content=\"https:\/\/www.labrienville.org\/fr\/how-you-can-help-2\/donating\/\" \/>\n<meta property=\"og:site_name\" content=\"L&#039;Abri en Ville\" \/>\n<meta property=\"article:modified_time\" content=\"2025-02-26T16:07:31+00:00\" \/>\n<meta property=\"og:image\" content=\"https:\/\/www.labrienville.org\/wp-content\/uploads\/2020\/08\/donate-header.jpg\" \/>\n\t<meta property=\"og:image:width\" content=\"1750\" \/>\n\t<meta property=\"og:image:height\" content=\"588\" \/>\n\t<meta property=\"og:image:type\" content=\"image\/jpeg\" \/>\n<meta name=\"twitter:card\" content=\"summary_large_image\" \/>\n<meta name=\"twitter:label1\" content=\"Dur\u00e9e de lecture estim\u00e9e\" \/>\n\t<meta name=\"twitter:data1\" content=\"4 minutes\" \/>\n<script type=\"application\/ld+json\" class=\"yoast-schema-graph\">{\"@context\":\"https:\\\/\\\/schema.org\",\"@graph\":[{\"@type\":\"WebPage\",\"@id\":\"https:\\\/\\\/www.labrienville.org\\\/fr\\\/how-you-can-help-2\\\/donating\\\/\",\"url\":\"https:\\\/\\\/www.labrienville.org\\\/fr\\\/how-you-can-help-2\\\/donating\\\/\",\"name\":\"Donating - L&#039;Abri en Ville\",\"isPartOf\":{\"@id\":\"https:\\\/\\\/www.labrienville.org\\\/fr\\\/#website\"},\"primaryImageOfPage\":{\"@id\":\"https:\\\/\\\/www.labrienville.org\\\/fr\\\/how-you-can-help-2\\\/donating\\\/#primaryimage\"},\"image\":{\"@id\":\"https:\\\/\\\/www.labrienville.org\\\/fr\\\/how-you-can-help-2\\\/donating\\\/#primaryimage\"},\"thumbnailUrl\":\"https:\\\/\\\/www.labrienville.org\\\/wp-content\\\/uploads\\\/2020\\\/08\\\/donate-header.jpg\",\"datePublished\":\"2011-12-20T19:38:57+00:00\",\"dateModified\":\"2025-02-26T16:07:31+00:00\",\"breadcrumb\":{\"@id\":\"https:\\\/\\\/www.labrienville.org\\\/fr\\\/how-you-can-help-2\\\/donating\\\/#breadcrumb\"},\"inLanguage\":\"fr-FR\",\"potentialAction\":[{\"@type\":\"ReadAction\",\"target\":[\"https:\\\/\\\/www.labrienville.org\\\/fr\\\/how-you-can-help-2\\\/donating\\\/\"]}]},{\"@type\":\"ImageObject\",\"inLanguage\":\"fr-FR\",\"@id\":\"https:\\\/\\\/www.labrienville.org\\\/fr\\\/how-you-can-help-2\\\/donating\\\/#primaryimage\",\"url\":\"https:\\\/\\\/www.labrienville.org\\\/wp-content\\\/uploads\\\/2020\\\/08\\\/donate-header.jpg\",\"contentUrl\":\"https:\\\/\\\/www.labrienville.org\\\/wp-content\\\/uploads\\\/2020\\\/08\\\/donate-header.jpg\",\"width\":1750,\"height\":588},{\"@type\":\"BreadcrumbList\",\"@id\":\"https:\\\/\\\/www.labrienville.org\\\/fr\\\/how-you-can-help-2\\\/donating\\\/#breadcrumb\",\"itemListElement\":[{\"@type\":\"ListItem\",\"position\":1,\"name\":\"Home\",\"item\":\"https:\\\/\\\/www.labrienville.org\\\/fr\\\/\"},{\"@type\":\"ListItem\",\"position\":2,\"name\":\"Donating\"}]},{\"@type\":\"WebSite\",\"@id\":\"https:\\\/\\\/www.labrienville.org\\\/fr\\\/#website\",\"url\":\"https:\\\/\\\/www.labrienville.org\\\/fr\\\/\",\"name\":\"L&#039;Abri en Ville\",\"description\":\"\",\"potentialAction\":[{\"@type\":\"SearchAction\",\"target\":{\"@type\":\"EntryPoint\",\"urlTemplate\":\"https:\\\/\\\/www.labrienville.org\\\/fr\\\/?s={search_term_string}\"},\"query-input\":{\"@type\":\"PropertyValueSpecification\",\"valueRequired\":true,\"valueName\":\"search_term_string\"}}],\"inLanguage\":\"fr-FR\"}]}<\/script>\n<!-- \/ Yoast SEO plugin. -->","yoast_head_json":{"title":"Donating - L&#039;Abri en Ville","robots":{"index":"index","follow":"follow","max-snippet":"max-snippet:-1","max-image-preview":"max-image-preview:large","max-video-preview":"max-video-preview:-1"},"canonical":"https:\/\/www.labrienville.org\/fr\/how-you-can-help-2\/donating\/","og_locale":"fr_FR","og_type":"article","og_title":"Donating - L&#039;Abri en Ville","og_description":"[vc_row full_width=\u00a0\u00bbstretch_row_content_no_spaces\u00a0\u00bb bg_type=\u00a0\u00bbbg_color\u00a0\u00bb][vc_column][vc_custom_heading [...]","og_url":"https:\/\/www.labrienville.org\/fr\/how-you-can-help-2\/donating\/","og_site_name":"L&#039;Abri en Ville","article_modified_time":"2025-02-26T16:07:31+00:00","og_image":[{"width":1750,"height":588,"url":"https:\/\/www.labrienville.org\/wp-content\/uploads\/2020\/08\/donate-header.jpg","type":"image\/jpeg"}],"twitter_card":"summary_large_image","twitter_misc":{"Dur\u00e9e de lecture estim\u00e9e":"4 minutes"},"schema":{"@context":"https:\/\/schema.org","@graph":[{"@type":"WebPage","@id":"https:\/\/www.labrienville.org\/fr\/how-you-can-help-2\/donating\/","url":"https:\/\/www.labrienville.org\/fr\/how-you-can-help-2\/donating\/","name":"Donating - L&#039;Abri en Ville","isPartOf":{"@id":"https:\/\/www.labrienville.org\/fr\/#website"},"primaryImageOfPage":{"@id":"https:\/\/www.labrienville.org\/fr\/how-you-can-help-2\/donating\/#primaryimage"},"image":{"@id":"https:\/\/www.labrienville.org\/fr\/how-you-can-help-2\/donating\/#primaryimage"},"thumbnailUrl":"https:\/\/www.labrienville.org\/wp-content\/uploads\/2020\/08\/donate-header.jpg","datePublished":"2011-12-20T19:38:57+00:00","dateModified":"2025-02-26T16:07:31+00:00","breadcrumb":{"@id":"https:\/\/www.labrienville.org\/fr\/how-you-can-help-2\/donating\/#breadcrumb"},"inLanguage":"fr-FR","potentialAction":[{"@type":"ReadAction","target":["https:\/\/www.labrienville.org\/fr\/how-you-can-help-2\/donating\/"]}]},{"@type":"ImageObject","inLanguage":"fr-FR","@id":"https:\/\/www.labrienville.org\/fr\/how-you-can-help-2\/donating\/#primaryimage","url":"https:\/\/www.labrienville.org\/wp-content\/uploads\/2020\/08\/donate-header.jpg","contentUrl":"https:\/\/www.labrienville.org\/wp-content\/uploads\/2020\/08\/donate-header.jpg","width":1750,"height":588},{"@type":"BreadcrumbList","@id":"https:\/\/www.labrienville.org\/fr\/how-you-can-help-2\/donating\/#breadcrumb","itemListElement":[{"@type":"ListItem","position":1,"name":"Home","item":"https:\/\/www.labrienville.org\/fr\/"},{"@type":"ListItem","position":2,"name":"Donating"}]},{"@type":"WebSite","@id":"https:\/\/www.labrienville.org\/fr\/#website","url":"https:\/\/www.labrienville.org\/fr\/","name":"L&#039;Abri en Ville","description":"","potentialAction":[{"@type":"SearchAction","target":{"@type":"EntryPoint","urlTemplate":"https:\/\/www.labrienville.org\/fr\/?s={search_term_string}"},"query-input":{"@type":"PropertyValueSpecification","valueRequired":true,"valueName":"search_term_string"}}],"inLanguage":"fr-FR"}]}},"_links":{"self":[{"href":"https:\/\/www.labrienville.org\/fr\/wp-json\/wp\/v2\/pages\/6110","targetHints":{"allow":["GET"]}}],"collection":[{"href":"https:\/\/www.labrienville.org\/fr\/wp-json\/wp\/v2\/pages"}],"about":[{"href":"https:\/\/www.labrienville.org\/fr\/wp-json\/wp\/v2\/types\/page"}],"author":[{"embeddable":true,"href":"https:\/\/www.labrienville.org\/fr\/wp-json\/wp\/v2\/users\/1"}],"replies":[{"embeddable":true,"href":"https:\/\/www.labrienville.org\/fr\/wp-json\/wp\/v2\/comments?post=6110"}],"version-history":[{"count":0,"href":"https:\/\/www.labrienville.org\/fr\/wp-json\/wp\/v2\/pages\/6110\/revisions"}],"up":[{"embeddable":true,"href":"https:\/\/www.labrienville.org\/fr\/wp-json\/wp\/v2\/pages\/6108"}],"wp:featuredmedia":[{"embeddable":true,"href":"https:\/\/www.labrienville.org\/fr\/wp-json\/wp\/v2\/media\/6015"}],"wp:attachment":[{"href":"https:\/\/www.labrienville.org\/fr\/wp-json\/wp\/v2\/media?parent=6110"}],"curies":[{"name":"wp","href":"https:\/\/api.w.org\/{rel}","templated":true}]}}