{"id":6114,"date":"2011-12-20T19:37:46","date_gmt":"2011-12-20T19:37:46","guid":{"rendered":"https:\/\/www.labrienville.org\/how-you-can-help-2\/volunteering\/"},"modified":"2025-02-26T16:15:00","modified_gmt":"2025-02-26T16:15:00","slug":"volunteering","status":"publish","type":"page","link":"https:\/\/www.labrienville.org\/fr\/how-you-can-help-2\/volunteering\/","title":{"rendered":"Volunteer"},"content":{"rendered":"<div class=\"wpb-content-wrapper\">[vc_row full_width=\u00a0\u00bbstretch_row_content_no_spaces\u00a0\u00bb gap=\u00a0\u00bb25&Prime; bg_type=\u00a0\u00bbbg_color\u00a0\u00bb][vc_column][vc_custom_heading text=\u00a0\u00bbB\u00c9N\u00c9VOLAT\u00a0\u00bb font_container=\u00a0\u00bbtag:h2|font_size:35px|text_align:center\u00a0\u00bb use_theme_fonts=\u00a0\u00bbyes\u00a0\u00bb css=\u00a0\u00bb\u00a0\u00bb][vc_row_inner el_class=\u00a0\u00bbrr-padding rl-padding\u00a0\u00bb][vc_column_inner][vc_column_text css=\u00a0\u00bb\u00a0\u00bb]\u00c0 l\u2019Abri en Ville, le b\u00e9n\u00e9volat est synonyme de r\u00e9ciprocit\u00e9, comme en t\u00e9moigne cet \u00e9change entre deux membres de notre communaut\u00e9\u00a0:\r\n\r\n<strong>Patrick :<\/strong>\u00a0\u00ab\u00a0Avant de venir ici, je dormais tout le temps. Apr\u00e8s les repas, j\u2019allais me coucher. Maintenant, je sors. Je vais \u00e0 la biblioth\u00e8que, au resto\u2026 On conna\u00eet beaucoup de monde, on jase beaucoup. \u00c7a me donne l\u2019occasion de socialiser. Je profite de la vie bien plus qu\u2019avant.\u00a0\u00bb\r\n\r\n<strong>Luis :<\/strong>\u00a0\u00ab\u00a0Je travaillais sans arr\u00eat, j\u2019avais toujours le sentiment du devoir. Ici, on partage, on parle de ce qui se passe, de ce qu\u2019on va faire. On va prendre un caf\u00e9, un dessert. Pour la premi\u00e8re fois, j\u2019ai une vie sociale.\u00a0\u00bb\r\n\r\nChose remarquable\u00a0: Patrick est un r\u00e9sident et Luis, un b\u00e9n\u00e9vole attitr\u00e9 \u00e0 son appartement. Pourtant, leur relation leur apporte le m\u00eame genre de satisfaction.[\/vc_column_text][\/vc_column_inner][\/vc_row_inner][\/vc_column][\/vc_row][vc_row full_width=\u00a0\u00bbstretch_row_content_no_spaces\u00a0\u00bb gap=\u00a0\u00bb25&Prime; bg_type=\u00a0\u00bbbg_color\u00a0\u00bb css=\u00a0\u00bb.vc_custom_1598292391971{border-top-width: 0px !important;border-top-color: #1e73be !important;border-top-style: solid !important;}\u00a0\u00bb][vc_column][vc_row_inner equal_height=\u00a0\u00bbyes\u00a0\u00bb content_placement=\u00a0\u00bbmiddle\u00a0\u00bb gap=\u00a0\u00bb25&Prime; css=\u00a0\u00bb.vc_custom_1597765918709{background-color: #e4e3ea !important;}\u00a0\u00bb el_class=\u00a0\u00bbrr-padding rl-padding\u00a0\u00bb][vc_column_inner width=\u00a0\u00bb1\/2&Prime;][vc_column_text css=\u00a0\u00bb\u00a0\u00bb]\r\n<h3>DEUX R\u00c9SIDENTS NOUS PARLENT DES B\u00c9N\u00c9VOLES<\/h3>\r\n\u00ab\u00a0Un b\u00e9n\u00e9vole, c\u2019est un ami, un guide et un coup de main quand il le faut. C\u2019est quelqu\u2019un qui prend soin de toi et qui t\u2019aide \u00e0 en faire autant. L\u2019\u00e2ge n\u2019a aucune importance. C\u2019est un sentiment d\u2019union et de communaut\u00e9.\u00a0\u00bb\u00a0<strong>\u2013 Chris<\/strong>\r\n\r\n\u00ab\u00a0Les b\u00e9n\u00e9voles deviennent des exemples \u00e0 suivre, pour remplacer certains comportements m\u00e9sadapt\u00e9s par des fa\u00e7ons plus saines de penser et d\u2019agir. Ils nous redonnent un sentiment de bien-\u00eatre et une joie de vivre.\u00a0\u00bb<strong>\u00a0\u2013 Rick<\/strong>[\/vc_column_text][\/vc_column_inner][vc_column_inner width=\u00a0\u00bb1\/2&Prime;][vc_single_image image=\u00a0\u00bb3254&Prime; img_size=\u00a0\u00bbfull\u00a0\u00bb][\/vc_column_inner][\/vc_row_inner][vc_row_inner equal_height=\u00a0\u00bbyes\u00a0\u00bb content_placement=\u00a0\u00bbmiddle\u00a0\u00bb gap=\u00a0\u00bb25&Prime; el_class=\u00a0\u00bbrr-padding rl-padding\u00a0\u00bb][vc_column_inner width=\u00a0\u00bb1\/2&Prime;][vc_single_image image=\u00a0\u00bb3245&Prime; img_size=\u00a0\u00bbfull\u00a0\u00bb][\/vc_column_inner][vc_column_inner width=\u00a0\u00bb1\/2&Prime;][vc_column_text css=\u00a0\u00bb\u00a0\u00bb]\r\n<h3>LA PAROLE AUX B\u00c9N\u00c9VOLES<\/h3>\r\n\u00ab\u00a0Avec les gens de \u2018notre\u2019 appartement, on se rassemble pour des soupers, des anniversaires, des marches au mont Royal, des caf\u00e9s. Aux c\u00f4t\u00e9s des autres b\u00e9n\u00e9voles et des r\u00e9sidents, j\u2019ai l\u2019impression d\u2019appartenir \u00e0 une seconde famille.\u00a0\u00bb\u00a0<strong>\u2013 Bob<\/strong>\r\n\r\n\u00ab\u00a0Le b\u00e9n\u00e9volat \u00e0 L\u2019abri, c\u2019est tr\u00e8s sp\u00e9cial car on devient tr\u00e8s proche des r\u00e9sidents et r\u00e9sidentes. On cuisine et on mange ensemble, on joue \u00e0 des jeux, on va \u00e0 des camps d\u2019\u00e9t\u00e9 et d\u2019hiver, on fait des cartes de No\u00ebl\u2026 bref, on partage des bons moments et des d\u00e9fis. On finit par appartenir \u00e0 une grande famille qui tisse des liens d\u2019amiti\u00e9.\u00a0\u00bb<strong>\u00a0\u2013 Mary-Martha<\/strong>\r\n\r\n\u00ab\u00a0Pour les personnes aux prises avec des maladies mentales graves, le r\u00e9tablissement passe par l\u2019inclusion. Je peux affirmer que dans notre communaut\u00e9, autant les r\u00e9sidents que les b\u00e9n\u00e9voles sont inspir\u00e9s par la fa\u00e7on dont nos vies \u00e9voluent.\u00a0\u00bb <strong>\u2013 Eleanor<\/strong>[\/vc_column_text][\/vc_column_inner][\/vc_row_inner][vc_row_inner equal_height=\u00a0\u00bbyes\u00a0\u00bb content_placement=\u00a0\u00bbmiddle\u00a0\u00bb gap=\u00a0\u00bb25&Prime; css=\u00a0\u00bb.vc_custom_1597765918709{background-color: #e4e3ea !important;}\u00a0\u00bb el_class=\u00a0\u00bbrr-padding rl-padding\u00a0\u00bb][vc_column_inner width=\u00a0\u00bb1\/2&Prime;][vc_column_text css=\u00a0\u00bb\u00a0\u00bb]\r\n<h3>VOUS VOULEZ PEUT-\u00caTRE\u2026<\/h3>\r\n<strong>\u2026vous joindre \u00e0 une \u00e9quipe de b\u00e9n\u00e9voles pour un logement?<\/strong>\r\n\r\nUne \u00e9quipe de b\u00e9n\u00e9vole est attitr\u00e9e \u00e0 chacun des 10 appartements de L\u2019Abri en Ville pour appuyer les 3 personnes qui l\u2019habitent. \u00c0 titre de b\u00e9n\u00e9vole, vous pourrez contribuer aux t\u00e2ches quotidiennes (magasinage, planification des repas, etc.) selon les besoins, ou encore participer \u00e0 des activit\u00e9s (repas, sorties culturelles, marches, caf\u00e9, etc.).\r\n\r\n<strong>\u2026faire du b\u00e9n\u00e9volat particulier?<\/strong>\r\n\r\nLe b\u00e9n\u00e9volat particulier vous offre l\u2019occasion de mettre en valeur vos comp\u00e9tences et int\u00e9r\u00eats. Voici quelques exemples\u00a0: animation d\u2019ateliers ou de soir\u00e9es de jeux; aide au d\u00e9m\u00e9nagement; assistance informatique; gestion des archives; accompagnement au camp; production vid\u00e9o; etc. Les possibilit\u00e9s sont quasi infinies. Vous pourrez m\u00eame raviver la flamme aupr\u00e8s de r\u00e9sidents ou r\u00e9sidentes qui partagent vos int\u00e9r\u00eats, mais qui ont d\u00fb les mettre en veilleuse en raison de leur maladie mentale ou des effets de certains m\u00e9dicaments.\r\n\r\n<strong>Tous les nouveaux b\u00e9n\u00e9voles<\/strong>\u00a0participent \u00e0 des ateliers d\u2019orientation portant sur la sant\u00e9 mentale et sur leur r\u00f4le au sein de L\u2019abri.\r\n\r\nPour en savoir davantage, veuillez communiquer avec nous\u00a0<a href=\"http:\/\/www.labrienville.org\/volunteer-contact-inquiries\/\" target=\"_blank\" rel=\"noopener\">ici<\/a>.\r\n\r\n[\/vc_column_text][\/vc_column_inner][vc_column_inner width=\u00a0\u00bb1\/2&Prime;][vc_single_image image=\u00a0\u00bb3252&Prime; img_size=\u00a0\u00bbfull\u00a0\u00bb][\/vc_column_inner][\/vc_row_inner][vc_row_inner equal_height=\u00a0\u00bbyes\u00a0\u00bb content_placement=\u00a0\u00bbmiddle\u00a0\u00bb gap=\u00a0\u00bb25&Prime; css=\u00a0\u00bb.vc_custom_1597765918709{background-color: #e4e3ea !important;}\u00a0\u00bb el_class=\u00a0\u00bbrr-padding rl-padding\u00a0\u00bb][vc_column_inner][\/vc_column_inner][\/vc_row_inner][\/vc_column][\/vc_row]<\/div>","protected":false},"excerpt":{"rendered":"[vc_row full_width=\u00a0\u00bbstretch_row_content_no_spaces\u00a0\u00bb gap=\u00a0\u00bb25&Prime; [&#8230;]","protected":false},"author":1,"featured_media":6014,"parent":6108,"menu_order":2,"comment_status":"closed","ping_status":"closed","template":"","meta":{"_acf_changed":false,"footnotes":""},"class_list":["post-6114","page","type-page","status-publish","has-post-thumbnail","hentry"],"acf":[],"yoast_head":"<!-- This site is optimized with the Yoast SEO plugin v27.3 - https:\/\/yoast.com\/product\/yoast-seo-wordpress\/ -->\n<title>Volunteer - L&#039;Abri en Ville<\/title>\n<meta name=\"robots\" content=\"index, follow, max-snippet:-1, max-image-preview:large, max-video-preview:-1\" \/>\n<link rel=\"canonical\" href=\"https:\/\/www.labrienville.org\/fr\/how-you-can-help-2\/volunteering\/\" \/>\n<meta property=\"og:locale\" content=\"fr_FR\" \/>\n<meta property=\"og:type\" content=\"article\" \/>\n<meta property=\"og:title\" content=\"Volunteer - L&#039;Abri en Ville\" \/>\n<meta property=\"og:description\" content=\"[vc_row full_width=\u00a0\u00bbstretch_row_content_no_spaces\u00a0\u00bb gap=\u00a0\u00bb25&Prime; [...]\" \/>\n<meta property=\"og:url\" content=\"https:\/\/www.labrienville.org\/fr\/how-you-can-help-2\/volunteering\/\" \/>\n<meta property=\"og:site_name\" content=\"L&#039;Abri en Ville\" \/>\n<meta property=\"article:modified_time\" content=\"2025-02-26T16:15:00+00:00\" \/>\n<meta property=\"og:image\" content=\"https:\/\/www.labrienville.org\/wp-content\/uploads\/2020\/08\/Volunteer-Header.jpg\" \/>\n\t<meta property=\"og:image:width\" content=\"1750\" \/>\n\t<meta property=\"og:image:height\" content=\"588\" \/>\n\t<meta property=\"og:image:type\" content=\"image\/jpeg\" \/>\n<meta name=\"twitter:card\" content=\"summary_large_image\" \/>\n<meta name=\"twitter:label1\" content=\"Dur\u00e9e de lecture estim\u00e9e\" \/>\n\t<meta name=\"twitter:data1\" content=\"4 minutes\" \/>\n<script type=\"application\/ld+json\" class=\"yoast-schema-graph\">{\"@context\":\"https:\\\/\\\/schema.org\",\"@graph\":[{\"@type\":\"WebPage\",\"@id\":\"https:\\\/\\\/www.labrienville.org\\\/fr\\\/how-you-can-help-2\\\/volunteering\\\/\",\"url\":\"https:\\\/\\\/www.labrienville.org\\\/fr\\\/how-you-can-help-2\\\/volunteering\\\/\",\"name\":\"Volunteer - L&#039;Abri en Ville\",\"isPartOf\":{\"@id\":\"https:\\\/\\\/www.labrienville.org\\\/fr\\\/#website\"},\"primaryImageOfPage\":{\"@id\":\"https:\\\/\\\/www.labrienville.org\\\/fr\\\/how-you-can-help-2\\\/volunteering\\\/#primaryimage\"},\"image\":{\"@id\":\"https:\\\/\\\/www.labrienville.org\\\/fr\\\/how-you-can-help-2\\\/volunteering\\\/#primaryimage\"},\"thumbnailUrl\":\"https:\\\/\\\/www.labrienville.org\\\/wp-content\\\/uploads\\\/2020\\\/08\\\/Volunteer-Header.jpg\",\"datePublished\":\"2011-12-20T19:37:46+00:00\",\"dateModified\":\"2025-02-26T16:15:00+00:00\",\"breadcrumb\":{\"@id\":\"https:\\\/\\\/www.labrienville.org\\\/fr\\\/how-you-can-help-2\\\/volunteering\\\/#breadcrumb\"},\"inLanguage\":\"fr-FR\",\"potentialAction\":[{\"@type\":\"ReadAction\",\"target\":[\"https:\\\/\\\/www.labrienville.org\\\/fr\\\/how-you-can-help-2\\\/volunteering\\\/\"]}]},{\"@type\":\"ImageObject\",\"inLanguage\":\"fr-FR\",\"@id\":\"https:\\\/\\\/www.labrienville.org\\\/fr\\\/how-you-can-help-2\\\/volunteering\\\/#primaryimage\",\"url\":\"https:\\\/\\\/www.labrienville.org\\\/wp-content\\\/uploads\\\/2020\\\/08\\\/Volunteer-Header.jpg\",\"contentUrl\":\"https:\\\/\\\/www.labrienville.org\\\/wp-content\\\/uploads\\\/2020\\\/08\\\/Volunteer-Header.jpg\",\"width\":1750,\"height\":588},{\"@type\":\"BreadcrumbList\",\"@id\":\"https:\\\/\\\/www.labrienville.org\\\/fr\\\/how-you-can-help-2\\\/volunteering\\\/#breadcrumb\",\"itemListElement\":[{\"@type\":\"ListItem\",\"position\":1,\"name\":\"Home\",\"item\":\"https:\\\/\\\/www.labrienville.org\\\/fr\\\/\"},{\"@type\":\"ListItem\",\"position\":2,\"name\":\"Volunteer\"}]},{\"@type\":\"WebSite\",\"@id\":\"https:\\\/\\\/www.labrienville.org\\\/fr\\\/#website\",\"url\":\"https:\\\/\\\/www.labrienville.org\\\/fr\\\/\",\"name\":\"L&#039;Abri en Ville\",\"description\":\"\",\"potentialAction\":[{\"@type\":\"SearchAction\",\"target\":{\"@type\":\"EntryPoint\",\"urlTemplate\":\"https:\\\/\\\/www.labrienville.org\\\/fr\\\/?s={search_term_string}\"},\"query-input\":{\"@type\":\"PropertyValueSpecification\",\"valueRequired\":true,\"valueName\":\"search_term_string\"}}],\"inLanguage\":\"fr-FR\"}]}<\/script>\n<!-- \/ Yoast SEO plugin. -->","yoast_head_json":{"title":"Volunteer - L&#039;Abri en Ville","robots":{"index":"index","follow":"follow","max-snippet":"max-snippet:-1","max-image-preview":"max-image-preview:large","max-video-preview":"max-video-preview:-1"},"canonical":"https:\/\/www.labrienville.org\/fr\/how-you-can-help-2\/volunteering\/","og_locale":"fr_FR","og_type":"article","og_title":"Volunteer - L&#039;Abri en Ville","og_description":"[vc_row full_width=\u00a0\u00bbstretch_row_content_no_spaces\u00a0\u00bb gap=\u00a0\u00bb25&Prime; [...]","og_url":"https:\/\/www.labrienville.org\/fr\/how-you-can-help-2\/volunteering\/","og_site_name":"L&#039;Abri en Ville","article_modified_time":"2025-02-26T16:15:00+00:00","og_image":[{"width":1750,"height":588,"url":"https:\/\/www.labrienville.org\/wp-content\/uploads\/2020\/08\/Volunteer-Header.jpg","type":"image\/jpeg"}],"twitter_card":"summary_large_image","twitter_misc":{"Dur\u00e9e de lecture estim\u00e9e":"4 minutes"},"schema":{"@context":"https:\/\/schema.org","@graph":[{"@type":"WebPage","@id":"https:\/\/www.labrienville.org\/fr\/how-you-can-help-2\/volunteering\/","url":"https:\/\/www.labrienville.org\/fr\/how-you-can-help-2\/volunteering\/","name":"Volunteer - L&#039;Abri en Ville","isPartOf":{"@id":"https:\/\/www.labrienville.org\/fr\/#website"},"primaryImageOfPage":{"@id":"https:\/\/www.labrienville.org\/fr\/how-you-can-help-2\/volunteering\/#primaryimage"},"image":{"@id":"https:\/\/www.labrienville.org\/fr\/how-you-can-help-2\/volunteering\/#primaryimage"},"thumbnailUrl":"https:\/\/www.labrienville.org\/wp-content\/uploads\/2020\/08\/Volunteer-Header.jpg","datePublished":"2011-12-20T19:37:46+00:00","dateModified":"2025-02-26T16:15:00+00:00","breadcrumb":{"@id":"https:\/\/www.labrienville.org\/fr\/how-you-can-help-2\/volunteering\/#breadcrumb"},"inLanguage":"fr-FR","potentialAction":[{"@type":"ReadAction","target":["https:\/\/www.labrienville.org\/fr\/how-you-can-help-2\/volunteering\/"]}]},{"@type":"ImageObject","inLanguage":"fr-FR","@id":"https:\/\/www.labrienville.org\/fr\/how-you-can-help-2\/volunteering\/#primaryimage","url":"https:\/\/www.labrienville.org\/wp-content\/uploads\/2020\/08\/Volunteer-Header.jpg","contentUrl":"https:\/\/www.labrienville.org\/wp-content\/uploads\/2020\/08\/Volunteer-Header.jpg","width":1750,"height":588},{"@type":"BreadcrumbList","@id":"https:\/\/www.labrienville.org\/fr\/how-you-can-help-2\/volunteering\/#breadcrumb","itemListElement":[{"@type":"ListItem","position":1,"name":"Home","item":"https:\/\/www.labrienville.org\/fr\/"},{"@type":"ListItem","position":2,"name":"Volunteer"}]},{"@type":"WebSite","@id":"https:\/\/www.labrienville.org\/fr\/#website","url":"https:\/\/www.labrienville.org\/fr\/","name":"L&#039;Abri en Ville","description":"","potentialAction":[{"@type":"SearchAction","target":{"@type":"EntryPoint","urlTemplate":"https:\/\/www.labrienville.org\/fr\/?s={search_term_string}"},"query-input":{"@type":"PropertyValueSpecification","valueRequired":true,"valueName":"search_term_string"}}],"inLanguage":"fr-FR"}]}},"_links":{"self":[{"href":"https:\/\/www.labrienville.org\/fr\/wp-json\/wp\/v2\/pages\/6114","targetHints":{"allow":["GET"]}}],"collection":[{"href":"https:\/\/www.labrienville.org\/fr\/wp-json\/wp\/v2\/pages"}],"about":[{"href":"https:\/\/www.labrienville.org\/fr\/wp-json\/wp\/v2\/types\/page"}],"author":[{"embeddable":true,"href":"https:\/\/www.labrienville.org\/fr\/wp-json\/wp\/v2\/users\/1"}],"replies":[{"embeddable":true,"href":"https:\/\/www.labrienville.org\/fr\/wp-json\/wp\/v2\/comments?post=6114"}],"version-history":[{"count":0,"href":"https:\/\/www.labrienville.org\/fr\/wp-json\/wp\/v2\/pages\/6114\/revisions"}],"up":[{"embeddable":true,"href":"https:\/\/www.labrienville.org\/fr\/wp-json\/wp\/v2\/pages\/6108"}],"wp:featuredmedia":[{"embeddable":true,"href":"https:\/\/www.labrienville.org\/fr\/wp-json\/wp\/v2\/media\/6014"}],"wp:attachment":[{"href":"https:\/\/www.labrienville.org\/fr\/wp-json\/wp\/v2\/media?parent=6114"}],"curies":[{"name":"wp","href":"https:\/\/api.w.org\/{rel}","templated":true}]}}