{"id":6122,"date":"2011-12-20T19:38:20","date_gmt":"2011-12-20T19:38:20","guid":{"rendered":"https:\/\/www.labrienville.org\/how-you-can-help-2\/working-with-supporting\/"},"modified":"2025-02-26T16:44:53","modified_gmt":"2025-02-26T16:44:53","slug":"working-with-supporting","status":"publish","type":"page","link":"https:\/\/www.labrienville.org\/fr\/how-you-can-help-2\/working-with-supporting\/","title":{"rendered":"Working with"},"content":{"rendered":"<div class=\"wpb-content-wrapper\">[vc_row full_width=\u00a0\u00bbstretch_row_content_no_spaces\u00a0\u00bb gap=\u00a0\u00bb25&Prime; bg_type=\u00a0\u00bbbg_color\u00a0\u00bb][vc_column][vc_custom_heading text=\u00a0\u00bbCOLLABORATION\u00a0\u00bb font_container=\u00a0\u00bbtag:h2|font_size:35px|text_align:center\u00a0\u00bb use_theme_fonts=\u00a0\u00bbyes\u00a0\u00bb css=\u00a0\u00bb\u00a0\u00bb][vc_row_inner el_class=\u00a0\u00bbrr-padding rl-padding\u00a0\u00bb][vc_column_inner][vc_column_text css=\u00a0\u00bb\u00a0\u00bb]\r\n<div class=\"wpb_text_column wpb_content_element \">\r\n<div class=\"wpb_wrapper\">\r\n\r\nNotre succ\u00e8s est en grande partie attribuable \u00e0 nos partenariats \u00e0 long terme avec des <strong>groupes confessionnels<\/strong> qui mettent en pratique leur philosophie d\u2019accueil et de bienveillance. L\u2019Abri en Ville a tiss\u00e9 des liens avec des communaut\u00e9s unitariennes, unies, catholiques, anglicanes, presbyt\u00e9riennes et juives dont plusieurs membres sont devenus des b\u00e9n\u00e9voles ou des membres de notre Conseil. Ces communaut\u00e9s nous fournissent aussi du mobilier pour nos logements, des espaces de rassemblement et souvent, un appui financier. De plus, certains groupes invitent nos r\u00e9sidents, r\u00e9sidentes et b\u00e9n\u00e9voles \u00e0 prendre la parole devant leurs fid\u00e8les pour les renseigner sur des enjeux de sant\u00e9 mentale. Fond\u00e9s sur une grande compatibilit\u00e9 de valeurs ax\u00e9es sur la justice sociale, ces partenariats servent \u00e0 enrichir la vie de tous les participants, de part et d\u2019autre.\r\n\r\nDes <strong>coll\u00e8ges et universit\u00e9s<\/strong> contribuent \u00e9galement \u00e0 la d\u00e9stigmatisation de la maladie mentale, notamment en invitant nos r\u00e9sidents et r\u00e9sidentes \u00e0 parler de leurs exp\u00e9riences et des bienfaits d\u2019une communaut\u00e9 d\u2019entraide. Le corps \u00e9tudiant appr\u00e9cie grandement ces \u00e9changes, comme en t\u00e9moigne les commentaires suivants : \u00ab\u00a0Chacun et chacune d\u2019entre vous a dit quelque chose qui m\u2019a fait r\u00e9fl\u00e9chir, rire, et remettre en question mes perceptions de la maladie mentale\u00a0\u00bb; \u00ab\u00a0J\u2019ai appris plus de choses sur la maladie mentale dans cette classe que dans mes trois ann\u00e9es d\u2019universit\u00e9.\u00a0\u00bb\r\n\r\nPlusieurs\u00a0<strong>organismes communautaires<\/strong> nous viennent aussi en aide gr\u00e2ce \u00e0 leur g\u00e9n\u00e9rosit\u00e9 indispensable. Par exemple, certains clubs ou commerces nous offrent des biens et services (entreposage, livraison, imprimerie, etc.).\r\n\r\nEnfin, nous entretenons une collaboration \u00e9troite avec le personnel de sant\u00e9 dans les <strong>h\u00f4pitaux et CLSC <\/strong>de Montr\u00e9al, notamment les psychiatres, les travailleurs sociaux et les travailleuses sociales qui \u00e9paulent notre client\u00e8le et nous mettent en contact avec des individus qui pourraient b\u00e9n\u00e9ficier de nos services.\r\n\r\n<\/div>\r\n<\/div>\r\n[\/vc_column_text][vc_empty_space height=\u00a0\u00bb50px\u00a0\u00bb][\/vc_column_inner][\/vc_row_inner][\/vc_column][\/vc_row]<\/div>","protected":false},"excerpt":{"rendered":"[vc_row full_width=\u00a0\u00bbstretch_row_content_no_spaces\u00a0\u00bb gap=\u00a0\u00bb25&Prime; [&#8230;]","protected":false},"author":1,"featured_media":6013,"parent":6108,"menu_order":1,"comment_status":"closed","ping_status":"closed","template":"","meta":{"_acf_changed":false,"footnotes":""},"class_list":["post-6122","page","type-page","status-publish","has-post-thumbnail","hentry"],"acf":[],"yoast_head":"<!-- This site is optimized with the Yoast SEO plugin v27.4 - https:\/\/yoast.com\/product\/yoast-seo-wordpress\/ -->\n<title>Working with - L&#039;Abri en Ville<\/title>\n<meta name=\"robots\" content=\"index, follow, max-snippet:-1, max-image-preview:large, max-video-preview:-1\" \/>\n<link rel=\"canonical\" href=\"https:\/\/www.labrienville.org\/fr\/how-you-can-help-2\/working-with-supporting\/\" \/>\n<meta property=\"og:locale\" content=\"fr_FR\" \/>\n<meta property=\"og:type\" content=\"article\" \/>\n<meta property=\"og:title\" content=\"Working with - L&#039;Abri en Ville\" \/>\n<meta property=\"og:description\" content=\"[vc_row full_width=\u00a0\u00bbstretch_row_content_no_spaces\u00a0\u00bb gap=\u00a0\u00bb25&Prime; [...]\" \/>\n<meta property=\"og:url\" content=\"https:\/\/www.labrienville.org\/fr\/how-you-can-help-2\/working-with-supporting\/\" \/>\n<meta property=\"og:site_name\" content=\"L&#039;Abri en Ville\" \/>\n<meta property=\"article:modified_time\" content=\"2025-02-26T16:44:53+00:00\" \/>\n<meta property=\"og:image\" content=\"https:\/\/www.labrienville.org\/wp-content\/uploads\/2020\/08\/Working-HEader.jpg\" \/>\n\t<meta property=\"og:image:width\" content=\"1750\" \/>\n\t<meta property=\"og:image:height\" content=\"588\" \/>\n\t<meta property=\"og:image:type\" content=\"image\/jpeg\" \/>\n<meta name=\"twitter:card\" content=\"summary_large_image\" \/>\n<meta name=\"twitter:label1\" content=\"Dur\u00e9e de lecture estim\u00e9e\" \/>\n\t<meta name=\"twitter:data1\" content=\"2 minutes\" \/>\n<script type=\"application\/ld+json\" class=\"yoast-schema-graph\">{\"@context\":\"https:\\\/\\\/schema.org\",\"@graph\":[{\"@type\":\"WebPage\",\"@id\":\"https:\\\/\\\/www.labrienville.org\\\/fr\\\/how-you-can-help-2\\\/working-with-supporting\\\/\",\"url\":\"https:\\\/\\\/www.labrienville.org\\\/fr\\\/how-you-can-help-2\\\/working-with-supporting\\\/\",\"name\":\"Working with - L&#039;Abri en Ville\",\"isPartOf\":{\"@id\":\"https:\\\/\\\/www.labrienville.org\\\/fr\\\/#website\"},\"primaryImageOfPage\":{\"@id\":\"https:\\\/\\\/www.labrienville.org\\\/fr\\\/how-you-can-help-2\\\/working-with-supporting\\\/#primaryimage\"},\"image\":{\"@id\":\"https:\\\/\\\/www.labrienville.org\\\/fr\\\/how-you-can-help-2\\\/working-with-supporting\\\/#primaryimage\"},\"thumbnailUrl\":\"https:\\\/\\\/www.labrienville.org\\\/wp-content\\\/uploads\\\/2020\\\/08\\\/Working-HEader.jpg\",\"datePublished\":\"2011-12-20T19:38:20+00:00\",\"dateModified\":\"2025-02-26T16:44:53+00:00\",\"breadcrumb\":{\"@id\":\"https:\\\/\\\/www.labrienville.org\\\/fr\\\/how-you-can-help-2\\\/working-with-supporting\\\/#breadcrumb\"},\"inLanguage\":\"fr-FR\",\"potentialAction\":[{\"@type\":\"ReadAction\",\"target\":[\"https:\\\/\\\/www.labrienville.org\\\/fr\\\/how-you-can-help-2\\\/working-with-supporting\\\/\"]}]},{\"@type\":\"ImageObject\",\"inLanguage\":\"fr-FR\",\"@id\":\"https:\\\/\\\/www.labrienville.org\\\/fr\\\/how-you-can-help-2\\\/working-with-supporting\\\/#primaryimage\",\"url\":\"https:\\\/\\\/www.labrienville.org\\\/wp-content\\\/uploads\\\/2020\\\/08\\\/Working-HEader.jpg\",\"contentUrl\":\"https:\\\/\\\/www.labrienville.org\\\/wp-content\\\/uploads\\\/2020\\\/08\\\/Working-HEader.jpg\",\"width\":1750,\"height\":588},{\"@type\":\"BreadcrumbList\",\"@id\":\"https:\\\/\\\/www.labrienville.org\\\/fr\\\/how-you-can-help-2\\\/working-with-supporting\\\/#breadcrumb\",\"itemListElement\":[{\"@type\":\"ListItem\",\"position\":1,\"name\":\"Home\",\"item\":\"https:\\\/\\\/www.labrienville.org\\\/fr\\\/\"},{\"@type\":\"ListItem\",\"position\":2,\"name\":\"Working with\"}]},{\"@type\":\"WebSite\",\"@id\":\"https:\\\/\\\/www.labrienville.org\\\/fr\\\/#website\",\"url\":\"https:\\\/\\\/www.labrienville.org\\\/fr\\\/\",\"name\":\"L&#039;Abri en Ville\",\"description\":\"\",\"potentialAction\":[{\"@type\":\"SearchAction\",\"target\":{\"@type\":\"EntryPoint\",\"urlTemplate\":\"https:\\\/\\\/www.labrienville.org\\\/fr\\\/?s={search_term_string}\"},\"query-input\":{\"@type\":\"PropertyValueSpecification\",\"valueRequired\":true,\"valueName\":\"search_term_string\"}}],\"inLanguage\":\"fr-FR\"}]}<\/script>\n<!-- \/ Yoast SEO plugin. -->","yoast_head_json":{"title":"Working with - L&#039;Abri en Ville","robots":{"index":"index","follow":"follow","max-snippet":"max-snippet:-1","max-image-preview":"max-image-preview:large","max-video-preview":"max-video-preview:-1"},"canonical":"https:\/\/www.labrienville.org\/fr\/how-you-can-help-2\/working-with-supporting\/","og_locale":"fr_FR","og_type":"article","og_title":"Working with - L&#039;Abri en Ville","og_description":"[vc_row full_width=\u00a0\u00bbstretch_row_content_no_spaces\u00a0\u00bb gap=\u00a0\u00bb25&Prime; [...]","og_url":"https:\/\/www.labrienville.org\/fr\/how-you-can-help-2\/working-with-supporting\/","og_site_name":"L&#039;Abri en Ville","article_modified_time":"2025-02-26T16:44:53+00:00","og_image":[{"width":1750,"height":588,"url":"https:\/\/www.labrienville.org\/wp-content\/uploads\/2020\/08\/Working-HEader.jpg","type":"image\/jpeg"}],"twitter_card":"summary_large_image","twitter_misc":{"Dur\u00e9e de lecture estim\u00e9e":"2 minutes"},"schema":{"@context":"https:\/\/schema.org","@graph":[{"@type":"WebPage","@id":"https:\/\/www.labrienville.org\/fr\/how-you-can-help-2\/working-with-supporting\/","url":"https:\/\/www.labrienville.org\/fr\/how-you-can-help-2\/working-with-supporting\/","name":"Working with - L&#039;Abri en Ville","isPartOf":{"@id":"https:\/\/www.labrienville.org\/fr\/#website"},"primaryImageOfPage":{"@id":"https:\/\/www.labrienville.org\/fr\/how-you-can-help-2\/working-with-supporting\/#primaryimage"},"image":{"@id":"https:\/\/www.labrienville.org\/fr\/how-you-can-help-2\/working-with-supporting\/#primaryimage"},"thumbnailUrl":"https:\/\/www.labrienville.org\/wp-content\/uploads\/2020\/08\/Working-HEader.jpg","datePublished":"2011-12-20T19:38:20+00:00","dateModified":"2025-02-26T16:44:53+00:00","breadcrumb":{"@id":"https:\/\/www.labrienville.org\/fr\/how-you-can-help-2\/working-with-supporting\/#breadcrumb"},"inLanguage":"fr-FR","potentialAction":[{"@type":"ReadAction","target":["https:\/\/www.labrienville.org\/fr\/how-you-can-help-2\/working-with-supporting\/"]}]},{"@type":"ImageObject","inLanguage":"fr-FR","@id":"https:\/\/www.labrienville.org\/fr\/how-you-can-help-2\/working-with-supporting\/#primaryimage","url":"https:\/\/www.labrienville.org\/wp-content\/uploads\/2020\/08\/Working-HEader.jpg","contentUrl":"https:\/\/www.labrienville.org\/wp-content\/uploads\/2020\/08\/Working-HEader.jpg","width":1750,"height":588},{"@type":"BreadcrumbList","@id":"https:\/\/www.labrienville.org\/fr\/how-you-can-help-2\/working-with-supporting\/#breadcrumb","itemListElement":[{"@type":"ListItem","position":1,"name":"Home","item":"https:\/\/www.labrienville.org\/fr\/"},{"@type":"ListItem","position":2,"name":"Working with"}]},{"@type":"WebSite","@id":"https:\/\/www.labrienville.org\/fr\/#website","url":"https:\/\/www.labrienville.org\/fr\/","name":"L&#039;Abri en Ville","description":"","potentialAction":[{"@type":"SearchAction","target":{"@type":"EntryPoint","urlTemplate":"https:\/\/www.labrienville.org\/fr\/?s={search_term_string}"},"query-input":{"@type":"PropertyValueSpecification","valueRequired":true,"valueName":"search_term_string"}}],"inLanguage":"fr-FR"}]}},"_links":{"self":[{"href":"https:\/\/www.labrienville.org\/fr\/wp-json\/wp\/v2\/pages\/6122","targetHints":{"allow":["GET"]}}],"collection":[{"href":"https:\/\/www.labrienville.org\/fr\/wp-json\/wp\/v2\/pages"}],"about":[{"href":"https:\/\/www.labrienville.org\/fr\/wp-json\/wp\/v2\/types\/page"}],"author":[{"embeddable":true,"href":"https:\/\/www.labrienville.org\/fr\/wp-json\/wp\/v2\/users\/1"}],"replies":[{"embeddable":true,"href":"https:\/\/www.labrienville.org\/fr\/wp-json\/wp\/v2\/comments?post=6122"}],"version-history":[{"count":0,"href":"https:\/\/www.labrienville.org\/fr\/wp-json\/wp\/v2\/pages\/6122\/revisions"}],"up":[{"embeddable":true,"href":"https:\/\/www.labrienville.org\/fr\/wp-json\/wp\/v2\/pages\/6108"}],"wp:featuredmedia":[{"embeddable":true,"href":"https:\/\/www.labrienville.org\/fr\/wp-json\/wp\/v2\/media\/6013"}],"wp:attachment":[{"href":"https:\/\/www.labrienville.org\/fr\/wp-json\/wp\/v2\/media?parent=6122"}],"curies":[{"name":"wp","href":"https:\/\/api.w.org\/{rel}","templated":true}]}}