{"id":6177,"date":"2020-08-14T15:48:27","date_gmt":"2020-08-14T15:48:27","guid":{"rendered":"https:\/\/www.labrienville.org\/footer\/"},"modified":"2025-02-28T18:50:48","modified_gmt":"2025-02-28T18:50:48","slug":"footer","status":"publish","type":"page","link":"https:\/\/www.labrienville.org\/fr\/footer\/","title":{"rendered":"Footer"},"content":{"rendered":"<div class=\"wpb-content-wrapper\">[vc_row full_width=\u00a0\u00bbstretch_row_content_no_spaces\u00a0\u00bb bg_type=\u00a0\u00bbimage\u00a0\u00bb parallax_style=\u00a0\u00bbvcpb-default\u00a0\u00bb bg_image_new=\u00a0\u00bbid^4690|url^https:\/\/www.labrienville.org\/wp-content\/uploads\/2020\/08\/brush-strokes-of-oil-painting-on-canvas-background-negative-space_t20_vKQgB6.jpg|caption^null|alt^null|title^brush-strokes-of-oil-painting-on-canvas-background-negative-space_t20_vKQgB6|description^null\u00a0\u00bb bg_img_attach=\u00a0\u00bbfixed\u00a0\u00bb enable_overlay=\u00a0\u00bbenable_overlay_value\u00a0\u00bb overlay_color=\u00a0\u00bbrgba(0,0,0,0.38)\u00a0\u00bb el_class=\u00a0\u00bbrr-padding rl-padding\u00a0\u00bb][vc_column]<div class=\"ult-content-box-container \" >\t\t<div class=\"ult-content-box\" style=\"background-color:#16a085;box-shadow: px px px px #097563 none;border-style:none;padding:25px;-webkit-transition: all 700ms ease;-moz-transition: all 700ms ease;-ms-transition: all 700ms ease;-o-transition: all 700ms ease;transition: all 700ms ease;\"  data-hover_box_shadow=\"none\"     data-bg=\"#16a085\"  data-border_color=\"\" >[vc_row_inner][vc_column_inner][vc_custom_heading text=\u00a0\u00bbL\u2019ABRI EN VILLE \u2013 LE POUVOIR R\u00c9G\u00c9N\u00c9RATEUR D\u2019UNE COMMUNAUT\u00c9\u00a0\u00bb font_container=\u00a0\u00bbtag:h2|font_size:30px|text_align:center|color:%23ffffff|line_height:1.2&Prime; use_theme_fonts=\u00a0\u00bbyes\u00a0\u00bb css=\u00a0\u00bb\u00a0\u00bb][vc_column_text]\r\n<p style=\"text-align: center;\"><span style=\"color: #ffffff;\">Providing a nurturing and fulfilling environment for adults living with a mental illness, through stable, affordable housing and a supportive community<\/span><span style=\"color: #333030;\">.<\/span><\/p>\r\n[\/vc_column_text][\/vc_column_inner][\/vc_row_inner][vc_row_inner][vc_column_inner width=\u00a0\u00bb1\/4&Prime;]<div class=\" ubtn-ctn-center \"><a class=\"ubtn-link ult-adjust-bottom-margin ubtn-center ubtn-large \" href=\"https:\/\/www.labrienville.org\/1466-2\/\" title=\"About Us\" ><button type=\"button\" id=\"ubtn-9275\"  class=\"ubtn ult-adjust-bottom-margin ult-responsive ubtn-large ubtn-no-hover-bg  none  ubtn-center   tooltip-69d99ec6f0bfb\"  data-hover=\"\" data-border-color=\"\" data-bg=\"#000000\" data-hover-bg=\"\" data-border-hover=\"\" data-shadow-hover=\"\" data-shadow-click=\"none\" data-shadow=\"\" data-shd-shadow=\"\"  data-ultimate-target='#ubtn-9275'  data-responsive-json-new='{\"font-size\":\"\",\"line-height\":\"\"}'  style=\"font-weight:normal;border:none;background: #000000;color: #ffffff;\"><span class=\"ubtn-hover\" style=\"background-color:\"><\/span><span class=\"ubtn-data ubtn-text \" >L\u2019ABRI EN BREF<\/span><\/button><\/a><\/div>[\/vc_column_inner][vc_column_inner width=\u00a0\u00bb1\/4&Prime;]<div class=\" ubtn-ctn-center \"><a class=\"ubtn-link ult-adjust-bottom-margin ubtn-center ubtn-large \" href=\"https:\/\/www.labrienville.org\/who-we-are-2\/\" title=\"Who we are\" ><button type=\"button\" id=\"ubtn-5889\"  class=\"ubtn ult-adjust-bottom-margin ult-responsive ubtn-large ubtn-no-hover-bg  none  ubtn-center   tooltip-69d99ec6f0c50\"  data-hover=\"\" data-border-color=\"\" data-bg=\"#000000\" data-hover-bg=\"\" data-border-hover=\"\" data-shadow-hover=\"\" data-shadow-click=\"none\" data-shadow=\"\" data-shd-shadow=\"\"  data-ultimate-target='#ubtn-5889'  data-responsive-json-new='{\"font-size\":\"\",\"line-height\":\"\"}'  style=\"font-weight:normal;border:none;background: #000000;color: #ffffff;\"><span class=\"ubtn-hover\" style=\"background-color:\"><\/span><span class=\"ubtn-data ubtn-text \" >QUI NOUS SOMMES<\/span><\/button><\/a><\/div>[\/vc_column_inner][vc_column_inner width=\u00a0\u00bb1\/4&Prime;]<div class=\" ubtn-ctn-center \"><a class=\"ubtn-link ult-adjust-bottom-margin ubtn-center ubtn-large \" href=\"https:\/\/www.labrienville.org\/what-we-do-2\/\" title=\"What we do\" ><button type=\"button\" id=\"ubtn-8001\"  class=\"ubtn ult-adjust-bottom-margin ult-responsive ubtn-large ubtn-no-hover-bg  none  ubtn-center   tooltip-69d99ec6f0c7b\"  data-hover=\"\" data-border-color=\"\" data-bg=\"#000000\" data-hover-bg=\"\" data-border-hover=\"\" data-shadow-hover=\"\" data-shadow-click=\"none\" data-shadow=\"\" data-shd-shadow=\"\"  data-ultimate-target='#ubtn-8001'  data-responsive-json-new='{\"font-size\":\"\",\"line-height\":\"\"}'  style=\"font-weight:normal;border:none;background: #000000;color: #ffffff;\"><span class=\"ubtn-hover\" style=\"background-color:\"><\/span><span class=\"ubtn-data ubtn-text \" >CE QUE NOUS FAISONS<\/span><\/button><\/a><\/div>[\/vc_column_inner][vc_column_inner width=\u00a0\u00bb1\/4&Prime;]<div class=\" ubtn-ctn-center \"><a class=\"ubtn-link ult-adjust-bottom-margin ubtn-center ubtn-large \" href=\"https:\/\/www.labrienville.org\/how-you-can-help-2\/\" title=\"How you can help\" ><button type=\"button\" id=\"ubtn-5237\"  class=\"ubtn ult-adjust-bottom-margin ult-responsive ubtn-large ubtn-no-hover-bg  none  ubtn-center   tooltip-69d99ec6f0ca1\"  data-hover=\"\" data-border-color=\"\" data-bg=\"#000000\" data-hover-bg=\"\" data-border-hover=\"\" data-shadow-hover=\"\" data-shadow-click=\"none\" data-shadow=\"\" data-shd-shadow=\"\"  data-ultimate-target='#ubtn-5237'  data-responsive-json-new='{\"font-size\":\"\",\"line-height\":\"\"}'  style=\"font-weight:normal;border:none;background: #000000;color: #ffffff;\"><span class=\"ubtn-hover\" style=\"background-color:\"><\/span><span class=\"ubtn-data ubtn-text \" >COMMENT NOUS AIDER<\/span><\/button><\/a><\/div>[\/vc_column_inner][\/vc_row_inner]\t\t<\/div><\/div>[vc_empty_space][\/vc_column][\/vc_row][vc_row full_width=\u00a0\u00bbstretch_row_content_no_spaces\u00a0\u00bb content_placement=\u00a0\u00bbbottom\u00a0\u00bb bg_type=\u00a0\u00bbbg_color\u00a0\u00bb bg_color_value=\u00a0\u00bb#000000&Prime; el_class=\u00a0\u00bbrr-padding rl-padding\u00a0\u00bb][vc_column width=\u00a0\u00bb1\/2&Prime;][vc_column_text css=\u00a0\u00bb\u00a0\u00bb el_class=\u00a0\u00bbfooter-text-left\u00a0\u00bb]\r\n<div class=\"wrapper\">\r\n<div id=\"footer-left-content\" class=\"copyright\">Tous droits r\u00e9serv\u00e9s, 2025 L&rsquo;Abri en Ville. L&rsquo;Abri en Ville \u2013 Le pouvoir r\u00e9g\u00e9n\u00e9rateur d\u2019une communaut\u00e9.<\/div>\r\n<\/div>\r\n[\/vc_column_text][\/vc_column][vc_column width=\u00a0\u00bb1\/2&Prime;][vc_column_text css=\u00a0\u00bb\u00a0\u00bb el_class=\u00a0\u00bbfooter-text-right\u00a0\u00bb]L\u2019Abri en Ville\r\n2352, rue Duvernay\r\nMontr\u00e9al (Qu\u00e9bec) H3J 2X1\r\nT\u00e9l\u00e9phone : 514 932-2199\r\nT\u00e9l\u00e9copieur : 514 932-2676\r\ninfo@labrienville.org\r\n[\/vc_column_text][\/vc_column][\/vc_row][vc_row full_width=\u00a0\u00bbstretch_row_content_no_spaces\u00a0\u00bb el_class=\u00a0\u00bbfooter-credit\u00a0\u00bb][vc_column][vc_column_text css=\u00a0\u00bb\u00a0\u00bb]\r\n\r\n<center><small><a href=\"https:\/\/www.shift8web.ca\" target=\"_new\" rel=\"noopener noreferrer\">Conception web shift8<\/a><\/small><\/center>[\/vc_column_text][\/vc_column][\/vc_row]<\/div>","protected":false},"excerpt":{"rendered":"[vc_row full_width=\u00a0\u00bbstretch_row_content_no_spaces\u00a0\u00bb bg_type=\u00a0\u00bbimage\u00a0\u00bb parallax_style=\u00a0\u00bbvcpb-default\u00a0\u00bb [&#8230;]","protected":false},"author":1,"featured_media":0,"parent":0,"menu_order":0,"comment_status":"closed","ping_status":"closed","template":"","meta":{"_acf_changed":false,"footnotes":""},"class_list":["post-6177","page","type-page","status-publish","hentry"],"acf":[],"yoast_head":"<!-- This site is optimized with the Yoast SEO plugin v27.2 - https:\/\/yoast.com\/product\/yoast-seo-wordpress\/ -->\n<title>Footer - L&#039;Abri en Ville<\/title>\n<meta name=\"robots\" content=\"index, follow, max-snippet:-1, max-image-preview:large, max-video-preview:-1\" \/>\n<link rel=\"canonical\" href=\"https:\/\/www.labrienville.org\/fr\/footer\/\" \/>\n<meta property=\"og:locale\" content=\"fr_FR\" \/>\n<meta property=\"og:type\" content=\"article\" \/>\n<meta property=\"og:title\" content=\"Footer - L&#039;Abri en Ville\" \/>\n<meta property=\"og:description\" content=\"[vc_row full_width=\u00a0\u00bbstretch_row_content_no_spaces\u00a0\u00bb bg_type=\u00a0\u00bbimage\u00a0\u00bb parallax_style=\u00a0\u00bbvcpb-default\u00a0\u00bb [...]\" \/>\n<meta property=\"og:url\" content=\"https:\/\/www.labrienville.org\/fr\/footer\/\" \/>\n<meta property=\"og:site_name\" content=\"L&#039;Abri en Ville\" \/>\n<meta property=\"article:modified_time\" content=\"2025-02-28T18:50:48+00:00\" \/>\n<meta name=\"twitter:card\" content=\"summary_large_image\" \/>\n<meta name=\"twitter:label1\" content=\"Dur\u00e9e de lecture estim\u00e9e\" \/>\n\t<meta name=\"twitter:data1\" content=\"1 minute\" \/>\n<script type=\"application\/ld+json\" class=\"yoast-schema-graph\">{\"@context\":\"https:\/\/schema.org\",\"@graph\":[{\"@type\":\"WebPage\",\"@id\":\"https:\/\/www.labrienville.org\/fr\/footer\/\",\"url\":\"https:\/\/www.labrienville.org\/fr\/footer\/\",\"name\":\"Footer - L&#039;Abri en Ville\",\"isPartOf\":{\"@id\":\"https:\/\/www.labrienville.org\/fr\/#website\"},\"datePublished\":\"2020-08-14T15:48:27+00:00\",\"dateModified\":\"2025-02-28T18:50:48+00:00\",\"breadcrumb\":{\"@id\":\"https:\/\/www.labrienville.org\/fr\/footer\/#breadcrumb\"},\"inLanguage\":\"fr-FR\",\"potentialAction\":[{\"@type\":\"ReadAction\",\"target\":[\"https:\/\/www.labrienville.org\/fr\/footer\/\"]}]},{\"@type\":\"BreadcrumbList\",\"@id\":\"https:\/\/www.labrienville.org\/fr\/footer\/#breadcrumb\",\"itemListElement\":[{\"@type\":\"ListItem\",\"position\":1,\"name\":\"Home\",\"item\":\"https:\/\/www.labrienville.org\/fr\/\"},{\"@type\":\"ListItem\",\"position\":2,\"name\":\"Footer\"}]},{\"@type\":\"WebSite\",\"@id\":\"https:\/\/www.labrienville.org\/fr\/#website\",\"url\":\"https:\/\/www.labrienville.org\/fr\/\",\"name\":\"L&#039;Abri en Ville\",\"description\":\"\",\"potentialAction\":[{\"@type\":\"SearchAction\",\"target\":{\"@type\":\"EntryPoint\",\"urlTemplate\":\"https:\/\/www.labrienville.org\/fr\/?s={search_term_string}\"},\"query-input\":{\"@type\":\"PropertyValueSpecification\",\"valueRequired\":true,\"valueName\":\"search_term_string\"}}],\"inLanguage\":\"fr-FR\"}]}<\/script>\n<!-- \/ Yoast SEO plugin. -->","yoast_head_json":{"title":"Footer - L&#039;Abri en Ville","robots":{"index":"index","follow":"follow","max-snippet":"max-snippet:-1","max-image-preview":"max-image-preview:large","max-video-preview":"max-video-preview:-1"},"canonical":"https:\/\/www.labrienville.org\/fr\/footer\/","og_locale":"fr_FR","og_type":"article","og_title":"Footer - L&#039;Abri en Ville","og_description":"[vc_row full_width=\u00a0\u00bbstretch_row_content_no_spaces\u00a0\u00bb bg_type=\u00a0\u00bbimage\u00a0\u00bb parallax_style=\u00a0\u00bbvcpb-default\u00a0\u00bb [...]","og_url":"https:\/\/www.labrienville.org\/fr\/footer\/","og_site_name":"L&#039;Abri en Ville","article_modified_time":"2025-02-28T18:50:48+00:00","twitter_card":"summary_large_image","twitter_misc":{"Dur\u00e9e de lecture estim\u00e9e":"1 minute"},"schema":{"@context":"https:\/\/schema.org","@graph":[{"@type":"WebPage","@id":"https:\/\/www.labrienville.org\/fr\/footer\/","url":"https:\/\/www.labrienville.org\/fr\/footer\/","name":"Footer - L&#039;Abri en Ville","isPartOf":{"@id":"https:\/\/www.labrienville.org\/fr\/#website"},"datePublished":"2020-08-14T15:48:27+00:00","dateModified":"2025-02-28T18:50:48+00:00","breadcrumb":{"@id":"https:\/\/www.labrienville.org\/fr\/footer\/#breadcrumb"},"inLanguage":"fr-FR","potentialAction":[{"@type":"ReadAction","target":["https:\/\/www.labrienville.org\/fr\/footer\/"]}]},{"@type":"BreadcrumbList","@id":"https:\/\/www.labrienville.org\/fr\/footer\/#breadcrumb","itemListElement":[{"@type":"ListItem","position":1,"name":"Home","item":"https:\/\/www.labrienville.org\/fr\/"},{"@type":"ListItem","position":2,"name":"Footer"}]},{"@type":"WebSite","@id":"https:\/\/www.labrienville.org\/fr\/#website","url":"https:\/\/www.labrienville.org\/fr\/","name":"L&#039;Abri en Ville","description":"","potentialAction":[{"@type":"SearchAction","target":{"@type":"EntryPoint","urlTemplate":"https:\/\/www.labrienville.org\/fr\/?s={search_term_string}"},"query-input":{"@type":"PropertyValueSpecification","valueRequired":true,"valueName":"search_term_string"}}],"inLanguage":"fr-FR"}]}},"_links":{"self":[{"href":"https:\/\/www.labrienville.org\/fr\/wp-json\/wp\/v2\/pages\/6177","targetHints":{"allow":["GET"]}}],"collection":[{"href":"https:\/\/www.labrienville.org\/fr\/wp-json\/wp\/v2\/pages"}],"about":[{"href":"https:\/\/www.labrienville.org\/fr\/wp-json\/wp\/v2\/types\/page"}],"author":[{"embeddable":true,"href":"https:\/\/www.labrienville.org\/fr\/wp-json\/wp\/v2\/users\/1"}],"replies":[{"embeddable":true,"href":"https:\/\/www.labrienville.org\/fr\/wp-json\/wp\/v2\/comments?post=6177"}],"version-history":[{"count":2,"href":"https:\/\/www.labrienville.org\/fr\/wp-json\/wp\/v2\/pages\/6177\/revisions"}],"predecessor-version":[{"id":6303,"href":"https:\/\/www.labrienville.org\/fr\/wp-json\/wp\/v2\/pages\/6177\/revisions\/6303"}],"wp:attachment":[{"href":"https:\/\/www.labrienville.org\/fr\/wp-json\/wp\/v2\/media?parent=6177"}],"curies":[{"name":"wp","href":"https:\/\/api.w.org\/{rel}","templated":true}]}}